{"id":13806,"date":"2022-11-17T15:28:50","date_gmt":"2022-11-17T14:28:50","guid":{"rendered":"https:\/\/semmelweis.hu\/biokemia\/?page_id=13806"},"modified":"2023-01-16T15:51:12","modified_gmt":"2023-01-16T14:51:12","slug":"mta-centre-exzellenz","status":"publish","type":"page","link":"https:\/\/semmelweis.hu\/biokemia\/de\/lehrstuhl\/mta-centre-exzellenz\/","title":{"rendered":"Mehrere Instituten der Semmelweis-Universit\u00e4t haben den Status &#8222;MTA Centre of Excellence&#8221; erhalten"},"content":{"rendered":"<p style=\"text-align: justify\">Die Ungarische Akademie der Wissenschaften vergibt die Auszeichnung &#8222;MTA Centre of Excellence&#8221; an Forschungsinstitute und unabh\u00e4ngig gef\u00fchrte Forschungseinheiten von Universit\u00e4ten und Forschungszentren, die aus mehreren Forschungsgruppen bestehen und im ungarischen Wissenschaftsleben Forschungst\u00e4tigkeiten auf einem au\u00dfergew\u00f6hnlich hohen Niveau betreiben, um ihre qualitativ hochwertige Forschungsarbeit anzuerkennen und ihre wissenschaftliche Leistung an internationalen Standards zu messen. Ziel der MTA ist es, nicht nur herausragenden Einzelforschern, sondern auch exzellenten Forschungszentren und Forschungsgemeinschaften gr\u00f6\u00dfere Aufmerksamkeit zukommen zu lassen. Gleichzeitig ist es ein Beispiel f\u00fcr jene Forschungszentren, die sich um eine qualitativ hochwertige und effektive Forschung bem\u00fchen. Forschungszentren, die das Siegel erhalten haben, werden bei der Bewertung von Vorschl\u00e4gen, die von der MTA eingereicht werden, bevorzugt. Die <a href=\"https:\/\/mta.hu\/data\/dokumentumok\/egyeb_dokumentumok\/2022\/MTA_KKH_pdf_lista_netre_2.pdf\">13 Abteilungen der Semmelweis-Universit\u00e4t<\/a> haben den bis zum 30. Juni 2027 g\u00fcltigen Status &#8222;MTA Centre of Excellence&#8221; erhalten.<\/p>\n","protected":false},"excerpt":{"rendered":"<p>Die Ungarische Akademie der Wissenschaften vergibt die Auszeichnung &#8222;MTA Centre of Excellence&#8221; an Forschungsinstitute und unabh\u00e4ngig gef\u00fchrte Forschungseinheiten von Universit\u00e4ten und Forschungszentren, die aus mehreren Forschungsgruppen bestehen und im ungarischen Wissenschaftsleben Forschungst\u00e4tigkeiten auf einem au\u00dfergew\u00f6hnlich hohen Niveau betreiben, um ihre qualitativ hochwertige Forschungsarbeit anzuerkennen und ihre wissenschaftliche Leistung an internationalen Standards zu messen. Ziel der &hellip;<\/p>\n","protected":false},"author":101604,"featured_media":0,"parent":13089,"menu_order":1,"comment_status":"closed","ping_status":"closed","template":"","meta":{"_acf_changed":false,"footnotes":""},"categories":[],"tags":[],"class_list":["post-13806","page","type-page","status-publish","hentry"],"acf":[],"_links":{"self":[{"href":"https:\/\/semmelweis.hu\/biokemia\/wp-json\/wp\/v2\/pages\/13806","targetHints":{"allow":["GET"]}}],"collection":[{"href":"https:\/\/semmelweis.hu\/biokemia\/wp-json\/wp\/v2\/pages"}],"about":[{"href":"https:\/\/semmelweis.hu\/biokemia\/wp-json\/wp\/v2\/types\/page"}],"author":[{"embeddable":true,"href":"https:\/\/semmelweis.hu\/biokemia\/wp-json\/wp\/v2\/users\/101604"}],"replies":[{"embeddable":true,"href":"https:\/\/semmelweis.hu\/biokemia\/wp-json\/wp\/v2\/comments?post=13806"}],"version-history":[{"count":1,"href":"https:\/\/semmelweis.hu\/biokemia\/wp-json\/wp\/v2\/pages\/13806\/revisions"}],"predecessor-version":[{"id":13808,"href":"https:\/\/semmelweis.hu\/biokemia\/wp-json\/wp\/v2\/pages\/13806\/revisions\/13808"}],"up":[{"embeddable":true,"href":"https:\/\/semmelweis.hu\/biokemia\/wp-json\/wp\/v2\/pages\/13089"}],"wp:attachment":[{"href":"https:\/\/semmelweis.hu\/biokemia\/wp-json\/wp\/v2\/media?parent=13806"}],"wp:term":[{"taxonomy":"category","embeddable":true,"href":"https:\/\/semmelweis.hu\/biokemia\/wp-json\/wp\/v2\/categories?post=13806"},{"taxonomy":"post_tag","embeddable":true,"href":"https:\/\/semmelweis.hu\/biokemia\/wp-json\/wp\/v2\/tags?post=13806"}],"curies":[{"name":"wp","href":"https:\/\/api.w.org\/{rel}","templated":true}]}}