{"id":13743,"date":"2022-02-21T16:53:47","date_gmt":"2022-02-21T15:53:47","guid":{"rendered":"https:\/\/semmelweis.hu\/biokemia\/?page_id=13743"},"modified":"2023-01-16T15:52:27","modified_gmt":"2023-01-16T14:52:27","slug":"abteilungsrat","status":"publish","type":"page","link":"https:\/\/semmelweis.hu\/biokemia\/de\/lehrstuhl\/abteilungsrat\/","title":{"rendered":"Abteilungsrat"},"content":{"rendered":"<p>Mitglieder des Abteilungsrat des <em>Lehrstuhl f\u00fcr Biochemie<\/em><\/p>\n<h4>nach Stellung<\/h4>\n<p>Dr. L\u00e1szl\u00f3 Csan\u00e1dy (Pr\u00e4sident)<br \/>\nDr. Chinopoulos Christos<br \/>\nDr. Erzs\u00e9bet Komorowicz<br \/>\nMar\u00f3thyn\u00e9 Dr. T\u00f3th Erzs\u00e9bet<br \/>\nDr. Be\u00e1ta T\u00f6r\u0151csik<\/p>\n<h4>durch Wahl<\/h4>\n<p>Dr. Judit Bak<br \/>\nDr. Krasimir Kolev<br \/>\nDr. B\u00e1lint Nagy<br \/>\nDr. Eszter Szab\u00f3<br \/>\nDr. Andr\u00e1s Sz\u00f6ll\u0151si<\/p>\n","protected":false},"excerpt":{"rendered":"<p>Mitglieder des Abteilungsrat des Lehrstuhl f\u00fcr Biochemie<br \/>\nnach Stellung<br \/>\nDr. L\u00e1szl\u00f3 Csan\u00e1dy (Pr\u00e4sident)<br \/>\nDr. Chinopoulos Christos<br \/>\nDr. Erzs\u00e9bet Komorowicz<br \/>\nMar\u00f3thyn\u00e9 Dr. T\u00f3th Erzs\u00e9bet<br \/>\nDr. Be\u00e1ta T\u00f6r\u0151csik<br \/>\ndurch Wahl<br \/>\nDr. Judit Bak<br \/>\nDr. Krasimir Kolev<br \/>\nDr. B\u00e1lint Nagy<br \/>\nDr. Eszter Szab\u00f3<br \/>\nDr. Andr\u00e1s Sz\u00f6ll\u0151si<\/p>\n","protected":false},"author":101604,"featured_media":0,"parent":13089,"menu_order":0,"comment_status":"closed","ping_status":"closed","template":"","meta":{"_acf_changed":false,"footnotes":""},"categories":[],"tags":[],"class_list":["post-13743","page","type-page","status-publish","hentry"],"acf":[],"_links":{"self":[{"href":"https:\/\/semmelweis.hu\/biokemia\/wp-json\/wp\/v2\/pages\/13743","targetHints":{"allow":["GET"]}}],"collection":[{"href":"https:\/\/semmelweis.hu\/biokemia\/wp-json\/wp\/v2\/pages"}],"about":[{"href":"https:\/\/semmelweis.hu\/biokemia\/wp-json\/wp\/v2\/types\/page"}],"author":[{"embeddable":true,"href":"https:\/\/semmelweis.hu\/biokemia\/wp-json\/wp\/v2\/users\/101604"}],"replies":[{"embeddable":true,"href":"https:\/\/semmelweis.hu\/biokemia\/wp-json\/wp\/v2\/comments?post=13743"}],"version-history":[{"count":3,"href":"https:\/\/semmelweis.hu\/biokemia\/wp-json\/wp\/v2\/pages\/13743\/revisions"}],"predecessor-version":[{"id":13746,"href":"https:\/\/semmelweis.hu\/biokemia\/wp-json\/wp\/v2\/pages\/13743\/revisions\/13746"}],"up":[{"embeddable":true,"href":"https:\/\/semmelweis.hu\/biokemia\/wp-json\/wp\/v2\/pages\/13089"}],"wp:attachment":[{"href":"https:\/\/semmelweis.hu\/biokemia\/wp-json\/wp\/v2\/media?parent=13743"}],"wp:term":[{"taxonomy":"category","embeddable":true,"href":"https:\/\/semmelweis.hu\/biokemia\/wp-json\/wp\/v2\/categories?post=13743"},{"taxonomy":"post_tag","embeddable":true,"href":"https:\/\/semmelweis.hu\/biokemia\/wp-json\/wp\/v2\/tags?post=13743"}],"curies":[{"name":"wp","href":"https:\/\/api.w.org\/{rel}","templated":true}]}}