{"id":13741,"date":"2022-02-21T16:49:40","date_gmt":"2022-02-21T15:49:40","guid":{"rendered":"https:\/\/semmelweis.hu\/biokemia\/?page_id=13741"},"modified":"2026-02-02T15:10:26","modified_gmt":"2026-02-02T14:10:26","slug":"council","status":"publish","type":"page","link":"https:\/\/semmelweis.hu\/biokemia\/en\/about\/council\/","title":{"rendered":"Departmental Council"},"content":{"rendered":"<p>Members of the Departmental Council of the <em>Department of Biochemistry<\/em><\/p>\n<h4>By position<\/h4>\n<p>Dr. L\u00e1szl\u00f3 Csan\u00e1dy (president)<br \/>\nDr. Chinopoulos Christos<br \/>\nDr. Erzs\u00e9bet Komorowicz<br \/>\nMar\u00f3thyn\u00e9 Dr. T\u00f3th Erzs\u00e9bet<br \/>\nDr. Be\u00e1ta T\u00f6r\u0151csik<\/p>\n<h4>Via election<\/h4>\n<p>Dr. Judit Bak<br \/>\nDr. Krasimir Kolev<br \/>\nDr. Csuka B\u00e1lint Nagy<br \/>\nDr. Eszter Szab\u00f3<br \/>\nDr. Andr\u00e1s Sz\u00f6ll\u0151si<\/p>\n","protected":false},"excerpt":{"rendered":"<p>Members of the Departmental Council of the Department of Biochemistry<br \/>\nBy position<br \/>\nDr. L\u00e1szl\u00f3 Csan\u00e1dy (president)<br \/>\nDr. Chinopoulos Christos<br \/>\nDr. Erzs\u00e9bet Komorowicz<br \/>\nMar\u00f3thyn\u00e9 Dr. T\u00f3th Erzs\u00e9bet<br \/>\nDr. Be\u00e1ta T\u00f6r\u0151csik<br \/>\nVia election<br \/>\nDr. Judit Bak<br \/>\nDr. Krasimir Kolev<br \/>\nDr. Csuka B\u00e1lint Nagy<br \/>\nDr. Eszter Szab\u00f3<br \/>\nDr. Andr\u00e1s Sz\u00f6ll\u0151si<\/p>\n","protected":false},"author":101604,"featured_media":0,"parent":13073,"menu_order":0,"comment_status":"closed","ping_status":"closed","template":"","meta":{"_acf_changed":false,"footnotes":""},"categories":[],"tags":[],"class_list":["post-13741","page","type-page","status-publish","hentry"],"acf":[],"_links":{"self":[{"href":"https:\/\/semmelweis.hu\/biokemia\/wp-json\/wp\/v2\/pages\/13741","targetHints":{"allow":["GET"]}}],"collection":[{"href":"https:\/\/semmelweis.hu\/biokemia\/wp-json\/wp\/v2\/pages"}],"about":[{"href":"https:\/\/semmelweis.hu\/biokemia\/wp-json\/wp\/v2\/types\/page"}],"author":[{"embeddable":true,"href":"https:\/\/semmelweis.hu\/biokemia\/wp-json\/wp\/v2\/users\/101604"}],"replies":[{"embeddable":true,"href":"https:\/\/semmelweis.hu\/biokemia\/wp-json\/wp\/v2\/comments?post=13741"}],"version-history":[{"count":2,"href":"https:\/\/semmelweis.hu\/biokemia\/wp-json\/wp\/v2\/pages\/13741\/revisions"}],"predecessor-version":[{"id":14138,"href":"https:\/\/semmelweis.hu\/biokemia\/wp-json\/wp\/v2\/pages\/13741\/revisions\/14138"}],"up":[{"embeddable":true,"href":"https:\/\/semmelweis.hu\/biokemia\/wp-json\/wp\/v2\/pages\/13073"}],"wp:attachment":[{"href":"https:\/\/semmelweis.hu\/biokemia\/wp-json\/wp\/v2\/media?parent=13741"}],"wp:term":[{"taxonomy":"category","embeddable":true,"href":"https:\/\/semmelweis.hu\/biokemia\/wp-json\/wp\/v2\/categories?post=13741"},{"taxonomy":"post_tag","embeddable":true,"href":"https:\/\/semmelweis.hu\/biokemia\/wp-json\/wp\/v2\/tags?post=13741"}],"curies":[{"name":"wp","href":"https:\/\/api.w.org\/{rel}","templated":true}]}}