{"id":13739,"date":"2022-02-21T16:43:45","date_gmt":"2022-02-21T15:43:45","guid":{"rendered":"https:\/\/semmelweis.hu\/biokemia\/?page_id=13739"},"modified":"2026-02-02T14:58:46","modified_gmt":"2026-02-02T13:58:46","slug":"tanacs","status":"publish","type":"page","link":"https:\/\/semmelweis.hu\/biokemia\/rolunk\/tanacs\/","title":{"rendered":"Tansz\u00e9ki Tan\u00e1cs"},"content":{"rendered":"<p><em>Biok\u00e9miai Tansz\u00e9k<\/em> Tansz\u00e9ki Tan\u00e1cs\u00e1nak tagjai<\/p>\n<h4>\nTiszts\u00e9g\u00fck alapj\u00e1n<\/h4>\n<p>Dr. Csan\u00e1dy L\u00e1szl\u00f3, tansz\u00e9kvezet\u0151 (eln\u00f6k) <br \/>\nDr. Christos Chinopoulos, tanulm\u00e1nyi felel\u0151s <br \/>\nDr. Komorowicz Erzs\u00e9bet, tanulm\u00e1nyi felel\u0151s <br \/>\nMar\u00f3thyn\u00e9 Dr. T\u00f3th Erzs\u00e9bet, tanulm\u00e1nyi felel\u0151s <br \/>\nDr. T\u00f6r\u0151csik Be\u00e1ta, tanulm\u00e1nyi felel\u0151s<\/p>\n<h4>V\u00e1laszt\u00e1s alapj\u00e1n<\/h4>\n<p>Dr. Bak Judit<br \/>\nDr. Kolev Kraszimir<br \/>\nDr. Csuka Nagy B\u00e1lint<br \/>\nDr. Szab\u00f3 Eszter<br \/>\nDr. Sz\u00f6ll\u0151si Andr\u00e1s<\/p>\n","protected":false},"excerpt":{"rendered":"<p>Biok\u00e9miai Tansz\u00e9k Tansz\u00e9ki Tan\u00e1cs\u00e1nak tagjai<\/p>\n<p>Tiszts\u00e9g\u00fck alapj\u00e1n<br \/>\nDr. Csan\u00e1dy L\u00e1szl\u00f3, tansz\u00e9kvezet\u0151 (eln\u00f6k)<br \/>\nDr. Christos Chinopoulos, tanulm\u00e1nyi felel\u0151s<br \/>\nDr. Komorowicz Erzs\u00e9bet, tanulm\u00e1nyi felel\u0151s<br \/>\nMar\u00f3thyn\u00e9 Dr. T\u00f3th Erzs\u00e9bet, tanulm\u00e1nyi felel\u0151s<br \/>\nDr. T\u00f6r\u0151csik Be\u00e1ta, tanulm\u00e1nyi felel\u0151s<br \/>\nV\u00e1laszt\u00e1s alapj\u00e1n<br \/>\nDr. Bak Judit<br \/>\nDr. Kolev Kraszimir<br \/>\nDr. Csuka Nagy B\u00e1lint<br \/>\nDr. Szab\u00f3 Eszter<br \/>\nDr. Sz\u00f6ll\u0151si Andr\u00e1s<\/p>\n","protected":false},"author":101604,"featured_media":0,"parent":10,"menu_order":3,"comment_status":"closed","ping_status":"closed","template":"","meta":{"_acf_changed":false,"footnotes":""},"categories":[],"tags":[],"class_list":["post-13739","page","type-page","status-publish","hentry"],"acf":[],"_links":{"self":[{"href":"https:\/\/semmelweis.hu\/biokemia\/wp-json\/wp\/v2\/pages\/13739","targetHints":{"allow":["GET"]}}],"collection":[{"href":"https:\/\/semmelweis.hu\/biokemia\/wp-json\/wp\/v2\/pages"}],"about":[{"href":"https:\/\/semmelweis.hu\/biokemia\/wp-json\/wp\/v2\/types\/page"}],"author":[{"embeddable":true,"href":"https:\/\/semmelweis.hu\/biokemia\/wp-json\/wp\/v2\/users\/101604"}],"replies":[{"embeddable":true,"href":"https:\/\/semmelweis.hu\/biokemia\/wp-json\/wp\/v2\/comments?post=13739"}],"version-history":[{"count":4,"href":"https:\/\/semmelweis.hu\/biokemia\/wp-json\/wp\/v2\/pages\/13739\/revisions"}],"predecessor-version":[{"id":14133,"href":"https:\/\/semmelweis.hu\/biokemia\/wp-json\/wp\/v2\/pages\/13739\/revisions\/14133"}],"up":[{"embeddable":true,"href":"https:\/\/semmelweis.hu\/biokemia\/wp-json\/wp\/v2\/pages\/10"}],"wp:attachment":[{"href":"https:\/\/semmelweis.hu\/biokemia\/wp-json\/wp\/v2\/media?parent=13739"}],"wp:term":[{"taxonomy":"category","embeddable":true,"href":"https:\/\/semmelweis.hu\/biokemia\/wp-json\/wp\/v2\/categories?post=13739"},{"taxonomy":"post_tag","embeddable":true,"href":"https:\/\/semmelweis.hu\/biokemia\/wp-json\/wp\/v2\/tags?post=13739"}],"curies":[{"name":"wp","href":"https:\/\/api.w.org\/{rel}","templated":true}]}}