{"id":13407,"date":"2021-07-29T17:28:54","date_gmt":"2021-07-29T15:28:54","guid":{"rendered":"https:\/\/semmelweis.hu\/biokemia\/?page_id=13407"},"modified":"2021-07-29T19:17:40","modified_gmt":"2021-07-29T17:17:40","slug":"rppa_hu","status":"publish","type":"page","link":"https:\/\/semmelweis.hu\/biokemia\/rppa_hu\/","title":{"rendered":"RPPA"},"content":{"rendered":"<h4 style=\"text-align: justify\">P\u00c1LY\u00c1ZATI T\u00c1MOGAT\u00c1S<\/h4>\n<p style=\"text-align: justify\"><a href=\"https:\/\/semmelweis.hu\/biokemia\/files\/2021\/07\/infoblokk_kedv_final_felso_cmyk_ERFA.jpg\"><img loading=\"lazy\" decoding=\"async\" class=\"alignright\" src=\"https:\/\/semmelweis.hu\/biokemia\/files\/2021\/07\/infoblokk_kedv_final_felso_cmyk_ERFA-300x207.jpg\" alt=\"\" width=\"415\" height=\"287\" \/><\/a>Az RPPA l\u00e9tes\u00edtm\u00e9nyt 100%-ban a Nemzeti Kutat\u00e1si, Fejleszt\u00e9si \u00e9s Innov\u00e1ci\u00f3s Hivatal \u00e1ltal megval\u00f3s\u00edtott &#8222;Versenyk\u00e9pes K\u00f6z\u00e9p-Magyarorsz\u00e1g Operat\u00edv Program (CCHOP) K\u00f6z\u00e9p-magyarorsz\u00e1gi R\u00e9gi\u00f3 Eur\u00f3pai Alapok&#8221; VEKOP 2.3.3-15-2016-00012 sz\u00e1m\u00fa, az 1762\/2016-os korm\u00e1nyrendelet \u00e1ltal j\u00f3v\u00e1hagyott t\u00e1mogat\u00e1sb\u00f3l finansz\u00edrozz\u00e1k. (XII.15.) KORM. RENDELET ALAPJ\u00c1N. Az elnyert \u00f6sszeg 260.000.000 Ft a 2017. j\u00falius 1. &#8211; 2020. j\u00fanius 30. k\u00f6z\u00f6tti id\u0151szakra. A p\u00e1ly\u00e1zati lehet\u0151s\u00e9g az Eur\u00f3pai Bizotts\u00e1g &#8222;A K+F infrastrukt\u00fara er\u0151s\u00edt\u00e9se &#8211; nemzetk\u00f6ziv\u00e9 v\u00e1l\u00e1s \u00e9s h\u00e1l\u00f3zatosod\u00e1s VEKOP-2.3.3-15&#8221; c\u00edm\u0171 konstrukci\u00f3j\u00e1nak t\u00e1mogat\u00e1s\u00e1val val\u00f3sul meg. A t\u00e1mogatott t\u00e1mogat\u00e1s hivatalos c\u00edme: &#8222;RPPA platform l\u00e9trehoz\u00e1sa mitokondri\u00e1lis feh\u00e9rj\u00e9k kvantitat\u00edv anal\u00edzis\u00e9re eg\u00e9szs\u00e9ges \u00e9s daganatos emberi mint\u00e1kban&#8221;.<\/p>\n<div>\n<h4 style=\"text-align: justify\">K\u00dcLDET\u00c9S\u00dcNK<\/h4>\n<p style=\"text-align: justify\">A Semmelweis Egyetem Biok\u00e9miai Tansz\u00e9k\u00e9n elhelyezett RPPA l\u00e9tes\u00edtm\u00e9ny c\u00e9lja az \u00f6sszes mitokondri\u00e1lis feh\u00e9rje expresszi\u00f3j\u00e1nak kvantitat\u00edv meghat\u00e1roz\u00e1sa eg\u00e9szs\u00e9ges \u00e9s szolid tumoros mint\u00e1kban. \u00dagy v\u00e9lj\u00fck, hogy az onkometabolizmusban bek\u00f6vetkez\u0151, a feh\u00e9rj\u00e9k expresszi\u00f3j\u00e1nak v\u00e1ltoz\u00e1s\u00e1val al\u00e1t\u00e1masztott v\u00e1ltoz\u00e1sok, amelyek bizonyos metabolikus \u00fatvonalakat &#8222;\u00e1tvezetnek&#8221;, kiv\u00e1l\u00f3 lehet\u0151s\u00e9get ny\u00fajtanak a r\u00e1k-specifikus ter\u00e1pi\u00e1s beavatkoz\u00e1sra. A r\u00e1k legy\u0151z\u00e9s\u00e9hez kulcsfontoss\u00e1g\u00fa azoknak a bioenergetikai \u00fatvonalakban r\u00e9szt vev\u0151 feh\u00e9rj\u00e9knek az azonos\u00edt\u00e1sa, amelyek a daganatos betegs\u00e9gek ig\u00e9nyeinek kiszolg\u00e1l\u00e1sa \u00e9rdek\u00e9ben fel- vagy leszab\u00e1lyoz\u00f3dnak.<\/p>\n<h4 style=\"text-align: justify\">R\u00c9SZVEV\u0150K<\/h4>\n<p style=\"text-align: justify\">A vil\u00e1g minden t\u00e1j\u00e1r\u00f3l fogadunk mint\u00e1kat, de els\u0151sorban a k\u00f6z\u00e9p- \u00e9s kelet-eur\u00f3pai r\u00e9gi\u00f3ra \u00f6sszpontos\u00edtunk. Eddig a magyar eg\u00e9szs\u00e9g\u00fcgyi ell\u00e1t\u00f3rendszer 11 int\u00e9zm\u00e9nye \u00e9s a Human Tissue Brain Bank v\u00e1llalta r\u00e9szv\u00e9tel\u00e9t a projektben eg\u00e9szs\u00e9ges \u00e9s szolid tumormint\u00e1k biztos\u00edt\u00e1s\u00e1val. A projekthez etikai enged\u00e9lyt kaptunk (iktat\u00f3sz\u00e1m: 35302-5\/2017\/EKU).<\/p>\n<h4 style=\"text-align: justify\">NEMZETK\u00d6ZI EGY\u00dcTTM\u0170K\u00d6D\u00c9SEK<\/h4>\n<p style=\"text-align: justify\">F\u0151 munkat\u00e1rsunk Dr. Leanne De Koning, a p\u00e1rizsi Institut Curie-ban (Franciaorsz\u00e1g) m\u0171k\u00f6d\u0151 RPPA platform vezet\u0151je, aki nagyban hozz\u00e1j\u00e1rult az RPPA l\u00e9tes\u00edtm\u00e9ny\u00fcnk l\u00e9trehoz\u00e1s\u00e1hoz. Tov\u00e1bb\u00e1 tervezz\u00fck az egy\u00fcttm\u0171k\u00f6d\u00e9st minden olyan csoporttal, amely mitokondri\u00e1lis feh\u00e9rj\u00e9k ellen ir\u00e1nyul\u00f3 antitesteket haszn\u00e1l, annak \u00e9rdek\u00e9ben, hogy valid\u00e1ljuk az antitesteket az RPPA alkalmass\u00e1g szempontj\u00e1b\u00f3l, valamint azokkal a csoportokkal, amelyek nagysz\u00e1m\u00fa mint\u00e1t tudnak biztos\u00edtani liz\u00e1tum form\u00e1tumban (els\u0151bbs\u00e9get \u00e9lveznek a hum\u00e1n mint\u00e1k).<\/p>\n<p style=\"text-align: justify\">Tov\u00e1bbi inform\u00e1ci\u00f3\u00e9rt k\u00e9rj\u00fck, l\u00e1togasson el az al\u00e1bbi linkre: <a href=\"http:\/\/rppa.hu\/\">(csak angol nyelven) RPPA Facility at the Semmelweis University<\/a>.<\/p>\n<\/div>\n","protected":false},"excerpt":{"rendered":"<p>P\u00c1LY\u00c1ZATI T\u00c1MOGAT\u00c1S <a href=\"https:\/\/semmelweis.hu\/biokemia\/files\/2021\/07\/infoblokk_kedv_final_felso_cmyk_ERFA.jpg\"><\/a> Az RPPA l\u00e9tes\u00edtm\u00e9nyt 100%-ban a Nemzeti Kutat\u00e1si, Fejleszt\u00e9si \u00e9s Innov\u00e1ci\u00f3s Hivatal \u00e1ltal megval\u00f3s\u00edtott &#8222;Versenyk\u00e9pes K\u00f6z\u00e9p-Magyarorsz\u00e1g Operat\u00edv Program (CCHOP) K\u00f6z\u00e9p-magyarorsz\u00e1gi R\u00e9gi\u00f3 Eur\u00f3pai Alapok&#8221; VEKOP 2.3.3-15-2016-00012 sz\u00e1m\u00fa, az 1762\/2016-os korm\u00e1nyrendelet \u00e1ltal j\u00f3v\u00e1hagyott t\u00e1mogat\u00e1sb\u00f3l finansz\u00edrozz\u00e1k. (XII.15.) KORM. RENDELET ALAPJ\u00c1N. Az elnyert \u00f6sszeg 260.000.000 Ft a 2017. j\u00falius 1. &#8211; 2020. j\u00fanius 30. k\u00f6z\u00f6tti id\u0151szakra. A p\u00e1ly\u00e1zati &hellip;<\/p>\n","protected":false},"author":101604,"featured_media":0,"parent":0,"menu_order":3,"comment_status":"closed","ping_status":"closed","template":"","meta":{"_acf_changed":false,"footnotes":""},"categories":[],"tags":[],"class_list":["post-13407","page","type-page","status-publish","hentry"],"acf":[],"_links":{"self":[{"href":"https:\/\/semmelweis.hu\/biokemia\/wp-json\/wp\/v2\/pages\/13407","targetHints":{"allow":["GET"]}}],"collection":[{"href":"https:\/\/semmelweis.hu\/biokemia\/wp-json\/wp\/v2\/pages"}],"about":[{"href":"https:\/\/semmelweis.hu\/biokemia\/wp-json\/wp\/v2\/types\/page"}],"author":[{"embeddable":true,"href":"https:\/\/semmelweis.hu\/biokemia\/wp-json\/wp\/v2\/users\/101604"}],"replies":[{"embeddable":true,"href":"https:\/\/semmelweis.hu\/biokemia\/wp-json\/wp\/v2\/comments?post=13407"}],"version-history":[{"count":7,"href":"https:\/\/semmelweis.hu\/biokemia\/wp-json\/wp\/v2\/pages\/13407\/revisions"}],"predecessor-version":[{"id":13431,"href":"https:\/\/semmelweis.hu\/biokemia\/wp-json\/wp\/v2\/pages\/13407\/revisions\/13431"}],"wp:attachment":[{"href":"https:\/\/semmelweis.hu\/biokemia\/wp-json\/wp\/v2\/media?parent=13407"}],"wp:term":[{"taxonomy":"category","embeddable":true,"href":"https:\/\/semmelweis.hu\/biokemia\/wp-json\/wp\/v2\/categories?post=13407"},{"taxonomy":"post_tag","embeddable":true,"href":"https:\/\/semmelweis.hu\/biokemia\/wp-json\/wp\/v2\/tags?post=13407"}],"curies":[{"name":"wp","href":"https:\/\/api.w.org\/{rel}","templated":true}]}}