{"id":13175,"date":"2021-04-26T15:04:46","date_gmt":"2021-04-26T13:04:46","guid":{"rendered":"https:\/\/semmelweis.hu\/biokemia\/?page_id=13175"},"modified":"2025-11-11T12:47:45","modified_gmt":"2025-11-11T11:47:45","slug":"christos-labor","status":"publish","type":"page","link":"https:\/\/semmelweis.hu\/biokemia\/kutatas\/christos-labor\/","title":{"rendered":"Tumor metabolizmus csoport"},"content":{"rendered":"<h4>Mit kutatunk?<\/h4>\n<p style=\"text-align: justify\">A r\u00e1kos sejtek dinamikusan v\u00e1ltoz\u00f3 k\u00f6rnyezet\u00e9ben, korl\u00e1tozott oxig\u00e9n \u00e9s t\u00e1panyag ell\u00e1totts\u00e1g mellett a sejtek anyagcser\u00e9j\u00e9nek \u2019\u00e1tprogramoz\u00f3d\u00e1sa\u2019 figyelhet\u0151 meg, mely f\u00e9mjelzi a r\u00e1kos elv\u00e1ltoz\u00e1st. Ezen v\u00e1ltoz\u00e1sok \u00f6sszess\u00e9g\u00e9t tumor- vagy onkometabolizmusnak nevezz\u00fck. Megl\u00e1t\u00e1sunk szerint a megv\u00e1ltozott m\u0171k\u00f6d\u00e9s\u0171 metabolikus utak fel\u00e9p\u00edt\u00e9s\u00e9ben r\u00e9sztvev\u0151 feh\u00e9rj\u00e9k\/enzimek expresszi\u00f3j\u00e1nak tanulm\u00e1nyoz\u00e1sa r\u00e1kos sejtekben kiv\u00e1l\u00f3 lehet\u0151s\u00e9geket rejt arra vonatkoz\u00f3lag, hogy megtal\u00e1ljuk a hat\u00e9kony ter\u00e1pi\u00e1s c\u00e9lpontokat a r\u00e1k kezel\u00e9s\u00e9ben. Azon feh\u00e9rj\u00e9k azonos\u00edt\u00e1sa, melyek expresszi\u00f3ja megv\u00e1ltozik egy tumoros sejtben a fokozott n\u00f6veked\u00e9s ig\u00e9nyeinek kiszolg\u00e1l\u00e1sa \u00e9rdek\u00e9ben, kulcsfontoss\u00e1g\u00fa lehet a r\u00e1k legy\u0151z\u00e9s\u00e9ben.<\/p>\n<h4>Hogyan kutatunk?<\/h4>\n<ul>\n<li>Mitokondri\u00e1lis energiatermel\u0151 \u00fatvonalak tanulm\u00e1nyoz\u00e1sa a l\u00e9gz\u00e9si l\u00e1nc g\u00e1tolts\u00e1ga eset\u00e9n<\/li>\n<li>Reverse Phase Protein Array technol\u00f3gia (RPPA)<\/li>\n<li>R\u00e1kos sejtvonalak genetikai manipul\u00e1ci\u00f3ja \u00e9s nagy felbont\u00e1s\u00fa fluoreszcens vizsg\u00e1lata<\/li>\n<li>Egy az <em>in vitro<\/em> mitokondri\u00e1lis bioenergetikai vizsg\u00e1latokban rutinszer\u0171en alkalmazott fest\u00e9k vizsg\u00e1lata, mely egy eddig ismeretlen mechanizmussal k\u00e9pes a mitokondriumok elektrok\u00e9miai aktivit\u00e1s\u00e1t befoly\u00e1solni<\/li>\n<\/ul>\n<h4>SZOLG\u00c1LTAT\u00c1SAINK A TUDOM\u00c1NYOS K\u00d6Z\u00d6SS\u00c9G SZ\u00c1M\u00c1RA<\/h4>\n<p><a href=\"https:\/\/semmelweis.hu\/biokemia\/en\/external_apps_by_chinopoulos\">(csak angolul) k\u00fcls\u0151 applik\u00e1ci\u00f3k<\/a><\/p>\n<p><a href=\"https:\/\/semmelweis.hu\/biokemia\/research\/chinopoulos-group\/antactivity\/\">(csak angolul) Az ANT aktivit\u00e1s essz\u00e9r\u0151l<\/a><\/p>\n<h4>Kik vagyunk?<\/h4>\n<p style=\"text-align: justify\">A kutat\u00f3csoport vezet\u0151je Christos Chinopoulos egyetemi docens. Szakmai tapasztalatai \u00e9s tags\u00e1gai: roster panel reviewer (Nemzeti Kutat\u00e1si, Fejleszt\u00e9si \u00e9s Innov\u00e1ci\u00f3s Hivatal LS4 panel, Magyarorsz\u00e1g), tanulm\u00e1nyi felel\u0151s a Semmelweis Egyetem angol nyelv\u0171 orvosi \u00e9s fogorvosi k\u00e9pz\u00e9s\u00e9n, 2. \u00e9vfolyam orvosi biok\u00e9mia szak\u00e1n, a Neurochem Res foly\u00f3irat vend\u00e9gszerkeszt\u0151je, Journal of Bioenergetics and Biomembranes foly\u00f3irat t\u00e1rsszerkeszt\u0151je. Az EU COST-akci\u00f3 v\u00e9grehajt\u00f3 bizotts\u00e1gi tagja: CA15203 &#8211; Mitokondri\u00e1lis t\u00e9rk\u00e9pez\u00e9s: Evol\u00faci\u00f3 &#8211; kor &#8211; nem &#8211; \u00e9letm\u00f3d &#8211; k\u00f6rnyezet.\u00a0D\u00edjai, kit\u00fcntet\u00e9sei: Semmelweis Egyetem Merit D\u00edj, Semmelweis Egyetem Huzella Tivadar D\u00edj, Magyar Tudom\u00e1nyos Akad\u00e9mia Bolyai J\u00e1nos D\u00edj, ISN-ESN Young Investigator Award, Richter Gedeon Kutat\u00e1si D\u00edj.<\/p>\n<h4>Aktu\u00e1lis kutat\u00e1si projektek<\/h4>\n<ul>\n<li>Onkometabolizmus<\/li>\n<\/ul>\n<h4>Munkat\u00e1rsaink \u00e9s k\u00f6zlem\u00e9nyeink<\/h4>\n<ul>\n<li><a href=\"https:\/\/m2.mtmt.hu\/api\/publication?cond=authors;in;10016754&amp;cond=category.mtid;eq;1&amp;labelLang=hu&amp;size=100\">Christos Chinopoulos<\/a>, MD, PhD, DSc<\/li>\n<li><a href=\"https:\/\/m2.mtmt.hu\/api\/publication?cond=authors;in;10015503&amp;cond=category.mtid;eq;1&amp;labelLang=hu&amp;size=100\">D\u00f3czi Judit<\/a>, PhD<\/li>\n<li><a href=\"https:\/\/m2.mtmt.hu\/api\/publication?cond=authors;in;10051102&amp;cond=category.mtid;eq;1&amp;labelLang=hu&amp;size=100\">Ravasz D\u00f3ra<\/a>, PhD<\/li>\n<li><a href=\"https:\/\/m2.mtmt.hu\/api\/publication?cond=authors;in;10080521&amp;cond=category.mtid;eq;1&amp;labelLang=hu&amp;size=100\">Bui D\u00e1vid<\/a><\/li>\n<li><a href=\"https:\/\/m2.mtmt.hu\/api\/publication?cond=authors;in;10069767&amp;cond=category.mtid;eq;1&amp;labelLang=hu&amp;size=100\">Pallag Gergely<\/a>, PhD<\/li>\n<li><a href=\"https:\/\/m2.mtmt.hu\/api\/publication?cond=authors;in;10078551&amp;cond=category.mtid;eq;1&amp;labelLang=hu&amp;size=100\">Karnok No\u00e9mi<\/a><\/li>\n<\/ul>\n<h4>Phd-hallgat\u00f3k<\/h4>\n<ul>\n<li><a href=\"https:\/\/m2.mtmt.hu\/api\/publication?cond=authors;in;10078551&amp;cond=category.mtid;eq;1&amp;labelLang=hu&amp;size=100\">Karnok No\u00e9mi<\/a><\/li>\n<li><a href=\"https:\/\/m2.mtmt.hu\/api\/publication?cond=authors;in;10080521&amp;cond=category.mtid;eq;1&amp;labelLang=hu&amp;size=100\">Bui D\u00e1vid<\/a><\/li>\n<\/ul>\n<h4>\u00a0<\/h4>\n<h4>Jelent\u0151s nemzetk\u00f6zi egy\u00fcttm\u0171k\u00f6d\u0151ink<\/h4>\n<ul>\n<li><a href=\"https:\/\/www.birmingham.ac.uk\/staff\/profiles\/metabolism-systems\/tennant-daniel\"><span data-olk-copy-source=\"MessageBody\">Daniel Tennant<\/span><\/a><\/li>\n<li><a href=\"https:\/\/ur.bc.edu\/islandora\/interview-thomas-n-seyfried-cancer-metabolic-disease%3A-origin-management-and-prevention\"><span data-olk-copy-source=\"MessageBody\">Thomas N. Seyfried<\/span><\/a><\/li>\n<li><a href=\"https:\/\/www.oroboros.at\/index.php\/about-us\/\"><span data-olk-copy-source=\"MessageBody\">Erich Gnaiger<\/span><\/a><\/li>\n<li><a href=\"https:\/\/fendtlab.sites.vib.be\/en\"><span data-olk-copy-source=\"MessageBody\">Sarah-Maria Fendt<\/span><\/a><\/li>\n<\/ul>\n","protected":false},"excerpt":{"rendered":"<p>Mit kutatunk? A r\u00e1kos sejtek dinamikusan v\u00e1ltoz\u00f3 k\u00f6rnyezet\u00e9ben, korl\u00e1tozott oxig\u00e9n \u00e9s t\u00e1panyag ell\u00e1totts\u00e1g mellett a sejtek anyagcser\u00e9j\u00e9nek \u2019\u00e1tprogramoz\u00f3d\u00e1sa\u2019 figyelhet\u0151 meg, mely f\u00e9mjelzi a r\u00e1kos elv\u00e1ltoz\u00e1st. Ezen v\u00e1ltoz\u00e1sok \u00f6sszess\u00e9g\u00e9t tumor- vagy onkometabolizmusnak nevezz\u00fck. Megl\u00e1t\u00e1sunk szerint a megv\u00e1ltozott m\u0171k\u00f6d\u00e9s\u0171 metabolikus utak fel\u00e9p\u00edt\u00e9s\u00e9ben r\u00e9sztvev\u0151 feh\u00e9rj\u00e9k\/enzimek expresszi\u00f3j\u00e1nak tanulm\u00e1nyoz\u00e1sa r\u00e1kos sejtekben kiv\u00e1l\u00f3 lehet\u0151s\u00e9geket rejt arra vonatkoz\u00f3lag, hogy megtal\u00e1ljuk a hat\u00e9kony &hellip;<\/p>\n","protected":false},"author":101604,"featured_media":0,"parent":53,"menu_order":2,"comment_status":"closed","ping_status":"closed","template":"","meta":{"_acf_changed":false,"footnotes":""},"categories":[],"tags":[],"class_list":["post-13175","page","type-page","status-publish","hentry"],"acf":[],"_links":{"self":[{"href":"https:\/\/semmelweis.hu\/biokemia\/wp-json\/wp\/v2\/pages\/13175","targetHints":{"allow":["GET"]}}],"collection":[{"href":"https:\/\/semmelweis.hu\/biokemia\/wp-json\/wp\/v2\/pages"}],"about":[{"href":"https:\/\/semmelweis.hu\/biokemia\/wp-json\/wp\/v2\/types\/page"}],"author":[{"embeddable":true,"href":"https:\/\/semmelweis.hu\/biokemia\/wp-json\/wp\/v2\/users\/101604"}],"replies":[{"embeddable":true,"href":"https:\/\/semmelweis.hu\/biokemia\/wp-json\/wp\/v2\/comments?post=13175"}],"version-history":[{"count":10,"href":"https:\/\/semmelweis.hu\/biokemia\/wp-json\/wp\/v2\/pages\/13175\/revisions"}],"predecessor-version":[{"id":14083,"href":"https:\/\/semmelweis.hu\/biokemia\/wp-json\/wp\/v2\/pages\/13175\/revisions\/14083"}],"up":[{"embeddable":true,"href":"https:\/\/semmelweis.hu\/biokemia\/wp-json\/wp\/v2\/pages\/53"}],"wp:attachment":[{"href":"https:\/\/semmelweis.hu\/biokemia\/wp-json\/wp\/v2\/media?parent=13175"}],"wp:term":[{"taxonomy":"category","embeddable":true,"href":"https:\/\/semmelweis.hu\/biokemia\/wp-json\/wp\/v2\/categories?post=13175"},{"taxonomy":"post_tag","embeddable":true,"href":"https:\/\/semmelweis.hu\/biokemia\/wp-json\/wp\/v2\/tags?post=13175"}],"curies":[{"name":"wp","href":"https:\/\/api.w.org\/{rel}","templated":true}]}}