{"id":13089,"date":"2021-03-09T15:41:11","date_gmt":"2021-03-09T14:41:11","guid":{"rendered":"https:\/\/semmelweis.hu\/biokemia\/?page_id=13089"},"modified":"2022-11-16T15:38:14","modified_gmt":"2022-11-16T14:38:14","slug":"lehrstuhl","status":"publish","type":"page","link":"https:\/\/semmelweis.hu\/biokemia\/de\/lehrstuhl\/","title":{"rendered":"Unser Lehrstuhl"},"content":{"rendered":"<p style=\"text-align: justify;\">Unser Lehrstuhl wurde im Jahre 1871 unter dem Namen &#8216;Institut f\u00fcr Chemie der Physiologie and des Krankheitsverlaufes&#8217; gegr\u00fcndet. Nach dem zweiten Weltkrieg im Jahre 1945 erfolgte die Umbenennung des Institutes in &#8216;Institut f\u00fcr Biochemie&#8217; im Rahmen einer Neuorganisation durch Albert Szent-Gy\u00f6rgyi.<\/p>\n<p style=\"text-align: justify;\">Biochemie als naturwissenschaftliche Disziplin befasst sich mit den molekularen Mechanismen physiologischer und pathologischer Verg\u00e4nge im Lebewesen. Neben unserer Forschungsarbeit leisten wir grundlegende Beitr\u00e4ge zur Ausbildung von Studenten der Semmelweis-Universit\u00e4t.<\/p>\n","protected":false},"excerpt":{"rendered":"<p>Unser Lehrstuhl wurde im Jahre 1871 unter dem Namen &#8216;Institut f\u00fcr Chemie der Physiologie and des Krankheitsverlaufes&#8217; gegr\u00fcndet. Nach dem zweiten Weltkrieg im Jahre 1945 erfolgte die Umbenennung des Institutes in &#8216;Institut f\u00fcr Biochemie&#8217; im Rahmen einer Neuorganisation durch Albert Szent-Gy\u00f6rgyi. Biochemie als naturwissenschaftliche Disziplin befasst sich mit den molekularen Mechanismen physiologischer und pathologischer Verg\u00e4nge &hellip;<\/p>\n","protected":false},"author":101604,"featured_media":13792,"parent":0,"menu_order":0,"comment_status":"closed","ping_status":"closed","template":"","meta":{"_acf_changed":false,"footnotes":""},"categories":[],"tags":[],"class_list":["post-13089","page","type-page","status-publish","has-post-thumbnail","hentry"],"acf":[],"_links":{"self":[{"href":"https:\/\/semmelweis.hu\/biokemia\/wp-json\/wp\/v2\/pages\/13089","targetHints":{"allow":["GET"]}}],"collection":[{"href":"https:\/\/semmelweis.hu\/biokemia\/wp-json\/wp\/v2\/pages"}],"about":[{"href":"https:\/\/semmelweis.hu\/biokemia\/wp-json\/wp\/v2\/types\/page"}],"author":[{"embeddable":true,"href":"https:\/\/semmelweis.hu\/biokemia\/wp-json\/wp\/v2\/users\/101604"}],"replies":[{"embeddable":true,"href":"https:\/\/semmelweis.hu\/biokemia\/wp-json\/wp\/v2\/comments?post=13089"}],"version-history":[{"count":4,"href":"https:\/\/semmelweis.hu\/biokemia\/wp-json\/wp\/v2\/pages\/13089\/revisions"}],"predecessor-version":[{"id":13795,"href":"https:\/\/semmelweis.hu\/biokemia\/wp-json\/wp\/v2\/pages\/13089\/revisions\/13795"}],"wp:featuredmedia":[{"embeddable":true,"href":"https:\/\/semmelweis.hu\/biokemia\/wp-json\/wp\/v2\/media\/13792"}],"wp:attachment":[{"href":"https:\/\/semmelweis.hu\/biokemia\/wp-json\/wp\/v2\/media?parent=13089"}],"wp:term":[{"taxonomy":"category","embeddable":true,"href":"https:\/\/semmelweis.hu\/biokemia\/wp-json\/wp\/v2\/categories?post=13089"},{"taxonomy":"post_tag","embeddable":true,"href":"https:\/\/semmelweis.hu\/biokemia\/wp-json\/wp\/v2\/tags?post=13089"}],"curies":[{"name":"wp","href":"https:\/\/api.w.org\/{rel}","templated":true}]}}