{"id":12997,"date":"2021-03-02T16:13:57","date_gmt":"2021-03-02T15:13:57","guid":{"rendered":"https:\/\/semmelweis.hu\/biokemia\/?page_id=12997"},"modified":"2026-02-02T15:12:22","modified_gmt":"2026-02-02T14:12:22","slug":"szakdolgozat","status":"publish","type":"page","link":"https:\/\/semmelweis.hu\/biokemia\/oktatas\/szakdolgozat\/","title":{"rendered":"Szakdolgozati t\u00e9m\u00e1k \u2013 \u00c1OK, FOK, GYTK \u2013 2026"},"content":{"rendered":"<table style=\"width: 100%\">\n<tbody>\n<tr>\n<td style=\"width: 70%\"><strong>T\u00e9ma neve<\/strong><\/td>\n<td><strong>Konzulens<\/strong><\/td>\n<\/tr>\n<tr>\n<td>Thrombolysis enzimol\u00f3gi\u00e1ja<\/td>\n<td><em>Dr. Kolev Kraszimir egyetemi tan\u00e1r<\/em><\/td>\n<\/tr>\n<tr>\n<td>Glutam\u00e1t neurotoxicit\u00e1s molekul\u00e1ris mechanizmusai a k\u00f6zponti idegrendszerben<\/td>\n<td><em>Dr. Tretter L\u00e1szl\u00f3 egyetemi tan\u00e1r<\/em><\/td>\n<\/tr>\n<tr>\n<td>Reakt\u00edv oxig\u00e9nsz\u00e1rmaz\u00e9kok k\u00e9pz\u00e9se a mitokondriumokban norm\u00e1l \u00e9s patol\u00f3gi\u00e1s k\u00f6r\u00fclm\u00e9nyek k\u00f6z\u00f6tt<\/td>\n<td><em>Dr. Tretter L\u00e1szl\u00f3 egyetemi tan\u00e1r<\/em><\/td>\n<\/tr>\n<tr>\n<td>A mitokondri\u00e1lis funkci\u00f3k v\u00e1ltoz\u00e1sai a k\u00f6zponti idegrendszer betegs\u00e9geiben<\/td>\n<td><em>Dr. Tretter L\u00e1szl\u00f3 egyetemi tan\u00e1r<\/em><\/td>\n<\/tr>\n<tr>\n<td>Az \u03b1-ketoglutar\u00e1t dehidrogen\u00e1z enzimkomplex ROS-termel\u00e9s\u00e9nek mechanizmusa \u00e9s szerkezeti vonatkoz\u00e1sai<\/td>\n<td><em>Dr. Ambrus Attila egyetemi docens<\/em><\/td>\n<\/tr>\n<tr>\n<td>Multienzim komplexek szerkezete<\/td>\n<td><em>Dr. Ambrus Attila egyetemi docens<\/em><\/td>\n<\/tr>\n<tr>\n<td>A hum\u00e1n dihidrolipoamid-dehidrogen\u00e1z deficiencia molekul\u00e1ris pathomechnizmus\u00e1nak vizsg\u00e1lata<\/td>\n<td><em>Dr. Ambrus Attila egyetemi docens<\/em><\/td>\n<\/tr>\n<tr>\n<td>A piridin-nukleotid metabolitok (cADPrib\u00f3z, NAADP, ADPrib\u00f3z) szerepe az eml\u0151s sz\u00f6vetekben<\/td>\n<td><em>Dr. Bak Judit adjunktus<\/em><\/td>\n<\/tr>\n<tr>\n<td>Reverse Phase Protein Array<\/td>\n<td><em>Dr. Chinopoulos Christos egyetemi docens<\/em><\/td>\n<\/tr>\n<tr>\n<td>Halad\u00f3 Mitokondriol\u00f3gia<\/td>\n<td><em>Dr. Chinopoulos Christos egyetemi docens<\/em><\/td>\n<\/tr>\n<tr>\n<td>Ioncsatorn\u00e1k kapuz\u00e1s\u00e1nak statisztikus jellemz\u00e9se<\/td>\n<td><em>Dr. Bart\u00f3k \u00c1d\u00e1m tudom\u00e1nyos munkat\u00e1rs<\/em><\/td>\n<\/tr>\n<tr>\n<td>A cisztikus fibr\u00f3zis molekul\u00e1ris alapjai<\/td>\n<td><em>Dr. Bart\u00f3k \u00c1d\u00e1m tudom\u00e1nyos munkat\u00e1rs<\/em><\/td>\n<\/tr>\n<tr>\n<td>Receptor tirozin kin\u00e1zokr\u00f3l indul\u00f3 jel\u00e1tviteli utak<\/td>\n<td><em>Dr. T\u00f6r\u0151csik Be\u00e1ta egyetemi docens<\/em><\/td>\n<\/tr>\n<\/tbody>\n<\/table>\n","protected":false},"excerpt":{"rendered":"<p>T\u00e9ma neve Konzulens Thrombolysis enzimol\u00f3gi\u00e1ja Dr. Kolev Kraszimir egyetemi tan\u00e1r Glutam\u00e1t neurotoxicit\u00e1s molekul\u00e1ris mechanizmusai a k\u00f6zponti idegrendszerben Dr. Tretter L\u00e1szl\u00f3 egyetemi tan\u00e1r Reakt\u00edv oxig\u00e9nsz\u00e1rmaz\u00e9kok k\u00e9pz\u00e9se a mitokondriumokban norm\u00e1l \u00e9s patol\u00f3gi\u00e1s k\u00f6r\u00fclm\u00e9nyek k\u00f6z\u00f6tt Dr. Tretter L\u00e1szl\u00f3 egyetemi tan\u00e1r A mitokondri\u00e1lis funkci\u00f3k v\u00e1ltoz\u00e1sai a k\u00f6zponti idegrendszer betegs\u00e9geiben Dr. Tretter L\u00e1szl\u00f3 egyetemi tan\u00e1r Az \u03b1-ketoglutar\u00e1t dehidrogen\u00e1z enzimkomplex ROS-termel\u00e9s\u00e9nek &hellip;<\/p>\n","protected":false},"author":101604,"featured_media":0,"parent":11,"menu_order":1,"comment_status":"closed","ping_status":"closed","template":"","meta":{"_acf_changed":false,"footnotes":""},"categories":[],"tags":[],"class_list":["post-12997","page","type-page","status-publish","hentry"],"acf":[],"_links":{"self":[{"href":"https:\/\/semmelweis.hu\/biokemia\/wp-json\/wp\/v2\/pages\/12997","targetHints":{"allow":["GET"]}}],"collection":[{"href":"https:\/\/semmelweis.hu\/biokemia\/wp-json\/wp\/v2\/pages"}],"about":[{"href":"https:\/\/semmelweis.hu\/biokemia\/wp-json\/wp\/v2\/types\/page"}],"author":[{"embeddable":true,"href":"https:\/\/semmelweis.hu\/biokemia\/wp-json\/wp\/v2\/users\/101604"}],"replies":[{"embeddable":true,"href":"https:\/\/semmelweis.hu\/biokemia\/wp-json\/wp\/v2\/comments?post=12997"}],"version-history":[{"count":10,"href":"https:\/\/semmelweis.hu\/biokemia\/wp-json\/wp\/v2\/pages\/12997\/revisions"}],"predecessor-version":[{"id":14141,"href":"https:\/\/semmelweis.hu\/biokemia\/wp-json\/wp\/v2\/pages\/12997\/revisions\/14141"}],"up":[{"embeddable":true,"href":"https:\/\/semmelweis.hu\/biokemia\/wp-json\/wp\/v2\/pages\/11"}],"wp:attachment":[{"href":"https:\/\/semmelweis.hu\/biokemia\/wp-json\/wp\/v2\/media?parent=12997"}],"wp:term":[{"taxonomy":"category","embeddable":true,"href":"https:\/\/semmelweis.hu\/biokemia\/wp-json\/wp\/v2\/categories?post=12997"},{"taxonomy":"post_tag","embeddable":true,"href":"https:\/\/semmelweis.hu\/biokemia\/wp-json\/wp\/v2\/tags?post=12997"}],"curies":[{"name":"wp","href":"https:\/\/api.w.org\/{rel}","templated":true}]}}