{"id":12991,"date":"2021-03-01T16:26:04","date_gmt":"2021-03-01T15:26:04","guid":{"rendered":"https:\/\/semmelweis.hu\/biokemia\/?page_id=12991"},"modified":"2026-02-02T14:57:13","modified_gmt":"2026-02-02T13:57:13","slug":"mir","status":"publish","type":"page","link":"https:\/\/semmelweis.hu\/biokemia\/rolunk\/mir\/","title":{"rendered":"Min\u0151s\u00e9gir\u00e1ny\u00edt\u00e1si rendszer"},"content":{"rendered":"<h4>Aktu\u00e1lis bels\u0151 \u00e1tvizsg\u00e1l\u00e1s<\/h4>\n<ul>\n<li>\n<p><a href=\"https:\/\/semmelweis.hu\/biokemia\/files\/2025\/04\/SE-BMBI-BT-BESZAMOLO-JKV-2025.pdf\">SE-BMBI-BT-BESZAMOLO-JKV-2025<\/a> &#8211; Min\u0151s\u00e9gir\u00e1ny\u00edt\u00e1si Rendszer Jegyz\u0151k\u00f6nyv (Vezet\u0151s\u00e9gi \u00c1tvizsg\u00e1l\u00e1s \u00e9s Min\u0151s\u00e9gc\u00e9lok), 2025-03-28<\/p>\n<\/li>\n<\/ul>\n<h4>Szervezeti \u00fcgyrend<\/h4>\n<p><em>Figyelem, a dokumentumok olvas\u00e1s\u00e1hoz VPN kapcsolat sz\u00fcks\u00e9ges!<\/em><\/p>\n<ul>\n<li><a href=\"https:\/\/semmelweis.hu\/biokemia\/files\/2021\/01\/SE-BT-SZR__v01f.pdf\">Kattintson ide a Biok\u00e9miai Tansz\u00e9k szervezeti \u00fcgyrendj\u00e9hez (pdf)<\/a><\/li>\n<li><a href=\"https:\/\/semmelweis.hu\/biokemia\/files\/2021\/01\/SE-BMBI-SZR__v01f.pdf\">Kattintson ide erny\u0151szervezet\u00fcnk, a Biok\u00e9miai \u00e9s Molekul\u00e1ris Biol\u00f3giai Int\u00e9zet szervezeti \u00fcgyrendj\u00e9hez (pdf)<\/a><\/li>\n<li><a href=\"https:\/\/semmelweis.hu\/minoseg\/mir-dokumentacio\/se-mk-kezikonyv\/\">Kattintson ide a Semmelweis Egyetem MIR k\u00e9zik\u00f6nyv\u00e9\u00e9rt (pdf)<\/a><\/li>\n<\/ul>\n<h4>Min\u0151s\u00e9gpolitik\u00e1nk<\/h4>\n<p style=\"text-align: justify\">A <strong>Tansz\u00e9k<\/strong>\u00a0t\u00f6rekv\u00e9se biztons\u00e1gos, emberbar\u00e1t k\u00f6rnyezetben, magas sz\u00ednvonal\u00fa oktat\u00e1st ny\u00fajtani az orvosi k\u00e9mia \u00e9s biok\u00e9mia, molekul\u00e1ris \u00e9s sejtbiol\u00f3gia ter\u00e9n, mindenek el\u0151tt a hat\u00e9kony orvosk\u00e9pz\u00e9st szolg\u00e1lni, ugyanakkor munkat\u00e1rsait megbecs\u00fclni \u00e9s a <strong>Tansz\u00e9k <\/strong>j\u00f3 h\u00edr\u00e9t er\u0151s\u00edteni. Tov\u00e1bb\u00e1 s\u00falyt helyez a sikeres kutat\u00e1si \u00e9s tudom\u00e1nyos szakmapolitikai tev\u00e9kenys\u00e9gre, a publik\u00e1l\u00e1sra \u00e9s a tudom\u00e1nyos fokozatok el\u00e9r\u00e9s\u00e9re.<\/p>\n<p style=\"text-align: justify\">A <strong>Tansz\u00e9k <\/strong>legf\u0151bb c\u00e9lj\u00e1nak tekinti feladatainak olyan sz\u00ednvonal\u00fa ell\u00e1t\u00e1s\u00e1t, amely megfelel a hazai \u00e9s a nemzetk\u00f6zi min\u0151s\u00e9gi k\u00f6vetelm\u00e9nyeknek, a hallgat\u00f3k \u00e9s a szakmai partnerek ig\u00e9nyeinek.<\/p>\n<p style=\"text-align: justify\">A <strong>Tansz\u00e9k <\/strong>dolgoz\u00f3inak k\u00f6teless\u00e9ge, hogy az adott k\u00f6r\u00fclm\u00e9nyek k\u00f6z\u00f6tt a lehet\u0151 legjobban megfeleljenek ezeknek a k\u00f6vetelm\u00e9nyeknek. Ennek \u00e9rdek\u00e9ben az \u00e9lenj\u00e1r\u00f3 gyakorlatban alkalmazott oktat\u00e1stechnikai \u00e9s kutat\u00e1s-fejleszt\u00e9si m\u00f3dszerekkel, elj\u00e1r\u00e1sokkal dolgoznak, betartj\u00e1k a t\u00f6rv\u00e9nyek, rendeletek, hat\u00f3s\u00e1gi el\u0151\u00edr\u00e1sok, illetve a nemzetk\u00f6zi \u00e9s hazai szabv\u00e1nyok el\u0151\u00edr\u00e1sait, az el\u0151\u00edrt \u00e9s megk\u00edv\u00e1nt biztons\u00e1gi k\u00f6vetelm\u00e9nyeket.<\/p>\n<p style=\"text-align: justify\">Az oktat\u00e1si munk\u00e1ban \u00e9s azt t\u00e1mogat\u00f3 minden egy\u00e9b tev\u00e9kenys\u00e9gben a <strong>Tansz\u00e9k <\/strong>bevezeti \u00e9s m\u0171k\u00f6dteti a min\u0151s\u00e9gir\u00e1ny\u00edt\u00e1si rendszert.<\/p>\n<p style=\"text-align: justify\">A <strong>Tansz\u00e9k <\/strong>elv\u00e1rja az itt dolgoz\u00f3 szakemberekt\u0151l tud\u00e1suk szakadatlan meg\u00fajul\u00e1s\u00e1t, fog\u00e9konys\u00e1gukat az \u00faj megold\u00e1sok ir\u00e1nt, a t\u00f6retlen szakmai fejl\u0151d\u00e9st. A feladatok elv\u00e9gz\u00e9s\u00e9ben minden vezet\u0151i szinten elv\u00e1r\u00e1s a min\u0151s\u00e9gi szeml\u00e9let, a min\u0151s\u00e9g ir\u00e1nti elk\u00f6telezetts\u00e9g \u00e9rv\u00e9nyes\u00fcl\u00e9se.<\/p>\n<p style=\"text-align: justify\">A <strong>Tansz\u00e9k <\/strong>besz\u00e1ll\u00edt\u00f3inak kiv\u00e1laszt\u00e1s\u00e1n\u00e1l \u00e9s partneri kapcsolataiban elv\u00e1rja a min\u0151s\u00e9gk\u00f6zpont\u00fa magatart\u00e1st \u00e9s m\u0171k\u00f6d\u00e9s\u00e9nek eredm\u00e9nyess\u00e9g\u00e9t jav\u00edt\u00f3 k\u00f6zrem\u0171k\u00f6d\u00e9s\u00fcket.<\/p>\n<p style=\"text-align: justify\">A <strong>Tansz\u00e9k <\/strong>min\u0151s\u00e9gpolitik\u00e1j\u00e1nak megval\u00f3s\u00edt\u00e1s\u00e1ban a min\u0151s\u00e9gbiztos\u00edt\u00e1si feladatok ell\u00e1t\u00e1s\u00e1t a min\u0151s\u00e9gir\u00e1ny\u00edt\u00e1si megb\u00edzott seg\u00edti.<\/p>\n<p style=\"text-align: justify\">A min\u0151s\u00e9gir\u00e1ny\u00edt\u00e1si rendszert az ISO 9001:2015 szabv\u00e1ny felhaszn\u00e1l\u00e1s\u00e1val k\u00e9sz\u00fclt alaptev\u00e9kenys\u00e9gek szerinti min\u0151s\u00e9gir\u00e1ny\u00edt\u00e1si elj\u00e1r\u00e1sok \u00edrj\u00e1k le, ez\u00e9rt az azokban foglaltak megval\u00f3s\u00edt\u00e1s\u00e1t a <strong>Tansz\u00e9k<\/strong> vezet\u0151je elv\u00e1rja a munkat\u00e1rsakt\u00f3l.<\/p>\n<p>Budapest, 2025. december 1.<br \/>\nDr. Csan\u00e1dy L\u00e1szl\u00f3<br \/>\negyetemi tan\u00e1r, tansz\u00e9kvezet\u0151<\/p>\n<h4>K\u00f6rnyezetpolitik\u00e1nk<\/h4>\n<p style=\"text-align: justify\">A <strong>Tansz\u00e9k <\/strong>a tudom\u00e1nyos kutat\u00e1s ter\u00fclet\u00e9n, valamint az orvosk\u00e9pz\u00e9s \u00e9rdek\u00e9ben fontosnak tartja az emberi k\u00f6rnyezet v\u00e9delm\u00e9t. A <strong>Tansz\u00e9k <\/strong>biztos\u00edtja az eg\u00e9szs\u00e9ges, a k\u00f6rnyezettel harmonikusan m\u0171k\u00f6d\u0151 oktat\u00e1s \u00e9s kutat\u00e1s-fejleszt\u00e9s felt\u00e9teleit.<\/p>\n<p style=\"text-align: justify\">A rendszer ki\u00e9p\u00edt\u00e9se sor\u00e1n alapelvnek tekintette a magyar k\u00f6rnyezetv\u00e9delmi jogszab\u00e1lyok k\u00f6vetkezetes betart\u00e1s\u00e1ra val\u00f3 t\u00f6rekv\u00e9st.<\/p>\n<p style=\"text-align: justify\">A <strong>Tansz\u00e9k <\/strong>munkat\u00e1rsainak \u00e9s hallgat\u00f3inak \u00e9rdek\u00e9ben, valamint a <strong>Tansz\u00e9k <\/strong>k\u00f6rnyezet\u00e9nek v\u00e9delme \u00e9rdek\u00e9ben c\u00e9lul t\u0171zte ki:<\/p>\n<ul style=\"text-align: justify\">\n<li>A <strong>Tansz\u00e9ken <\/strong>dolgoz\u00f3k a keletkez\u0151 vesz\u00e9lyes hullad\u00e9kokat a jogszab\u00e1lyoknak megfelel\u0151en elk\u00fcl\u00f6n\u00edtve, biztons\u00e1gosan gy\u0171jtik, t\u00e1rolj\u00e1k \u00e9s megsemmis\u00edtik, illetve megsemmis\u00edt\u00e9sre \u00e1tadj\u00e1k.<\/li>\n<li>Az alkalmazott vegyszereket, vesz\u00e9lyes anyagokat biztons\u00e1gosan t\u00e1rolj\u00e1k \u00e9s haszn\u00e1lj\u00e1k fel, megel\u0151zve a k\u00f6rnyezet k\u00e1ros\u00edt\u00e1s\u00e1t, vagy szem\u00e9lyek s\u00e9r\u00fcl\u00e9s\u00e9t, vesz\u00e9lyhelyzet okoz\u00e1s\u00e1t.<\/li>\n<li>A <strong>Tansz\u00e9k <\/strong>minim\u00e1lisra cs\u00f6kkenti az \u00e1ltala kibocs\u00e1tott k\u00f6rnyezetszennyez\u0151 anyagokat.<\/li>\n<\/ul>\n<p style=\"text-align: justify\">A <strong>Tansz\u00e9k <\/strong>vezet\u0151je az el\u0151\u00edrt feladatok teljes\u00edt\u00e9s\u00e9t figyelemmel k\u00eds\u00e9ri, id\u0151nk\u00e9nt fel\u00fclvizsg\u00e1lja, biztos\u00edtva a rendszer hat\u00e9kony m\u0171k\u00f6d\u00e9s\u00e9t \u00e9s folytonos fejleszt\u00e9s\u00e9t.<\/p>\n<p style=\"text-align: justify\">A <strong>Tansz\u00e9k <\/strong>vezet\u0151je a k\u00f6rnyezeti politik\u00e1t nyilv\u00e1noss\u00e1gra hozza \u00e9s a c\u00e9lkit\u0171z\u00e9sek megval\u00f3s\u00edt\u00e1s\u00e1ra mindenkit felk\u00e9r.<\/p>\n<p>Budapest, 2025. december 1.<br \/>\nDr. Csan\u00e1dy L\u00e1szl\u00f3<br \/>\negyetemi tan\u00e1r, tansz\u00e9kvezet\u0151<\/p>\n<h4>A min\u0151s\u00e9gir\u00e1ny\u00edt\u00e1si rendszer szervezete<\/h4>\n<p><a href=\"https:\/\/semmelweis.hu\/biokemia\/files\/2021\/03\/BT_organogram_2020.pdf\">Organogram &#8211; Biok\u00e9miai Tansz\u00e9k<\/a><\/p>\n<ul>\n<li>Dr. Ambrus Attila, min\u0151s\u00e9gir\u00e1ny\u00edt\u00e1si megb\u00edzott<\/li>\n<li><span data-olk-copy-source=\"MessageBody\">Dr. Ozohanics Oliv\u00e9r<\/span>, helyettes min\u0151s\u00e9gir\u00e1ny\u00edt\u00e1si megb\u00edzott<\/li>\n<\/ul>\n","protected":false},"excerpt":{"rendered":"<p>Aktu\u00e1lis bels\u0151 \u00e1tvizsg\u00e1l\u00e1s <a href=\"https:\/\/semmelweis.hu\/biokemia\/files\/2025\/04\/SE-BMBI-BT-BESZAMOLO-JKV-2025.pdf\">SE-BMBI-BT-BESZAMOLO-JKV-2025<\/a> &#8211; Min\u0151s\u00e9gir\u00e1ny\u00edt\u00e1si Rendszer Jegyz\u0151k\u00f6nyv (Vezet\u0151s\u00e9gi \u00c1tvizsg\u00e1l\u00e1s \u00e9s Min\u0151s\u00e9gc\u00e9lok), 2025-03-28 Szervezeti \u00fcgyrend Figyelem, a dokumentumok olvas\u00e1s\u00e1hoz VPN kapcsolat sz\u00fcks\u00e9ges! <a href=\"https:\/\/semmelweis.hu\/biokemia\/files\/2021\/01\/SE-BT-SZR__v01f.pdf\">Kattintson ide a Biok\u00e9miai Tansz\u00e9k szervezeti \u00fcgyrendj\u00e9hez (pdf)<\/a> <a href=\"https:\/\/semmelweis.hu\/biokemia\/files\/2021\/01\/SE-BMBI-SZR__v01f.pdf\">Kattintson ide erny\u0151szervezet\u00fcnk, a Biok\u00e9miai \u00e9s Molekul\u00e1ris Biol\u00f3giai Int\u00e9zet szervezeti \u00fcgyrendj\u00e9hez (pdf)<\/a> <a href=\"https:\/\/semmelweis.hu\/minoseg\/mir-dokumentacio\/se-mk-kezikonyv\/\">Kattintson ide a Semmelweis Egyetem MIR k\u00e9zik\u00f6nyv\u00e9\u00e9rt (pdf)<\/a> Min\u0151s\u00e9gpolitik\u00e1nk A Tansz\u00e9k\u00a0t\u00f6rekv\u00e9se biztons\u00e1gos, emberbar\u00e1t k\u00f6rnyezetben, magas sz\u00ednvonal\u00fa oktat\u00e1st ny\u00fajtani az orvosi k\u00e9mia \u00e9s biok\u00e9mia, molekul\u00e1ris \u00e9s sejtbiol\u00f3gia ter\u00e9n, mindenek el\u0151tt a hat\u00e9kony orvosk\u00e9pz\u00e9st szolg\u00e1lni, ugyanakkor munkat\u00e1rsait megbecs\u00fclni \u00e9s a Tansz\u00e9k j\u00f3 h\u00edr\u00e9t er\u0151s\u00edteni. &hellip;<\/p>\n","protected":false},"author":101604,"featured_media":0,"parent":10,"menu_order":1,"comment_status":"closed","ping_status":"closed","template":"","meta":{"_acf_changed":false,"footnotes":""},"categories":[],"tags":[],"class_list":["post-12991","page","type-page","status-publish","hentry"],"acf":[],"_links":{"self":[{"href":"https:\/\/semmelweis.hu\/biokemia\/wp-json\/wp\/v2\/pages\/12991","targetHints":{"allow":["GET"]}}],"collection":[{"href":"https:\/\/semmelweis.hu\/biokemia\/wp-json\/wp\/v2\/pages"}],"about":[{"href":"https:\/\/semmelweis.hu\/biokemia\/wp-json\/wp\/v2\/types\/page"}],"author":[{"embeddable":true,"href":"https:\/\/semmelweis.hu\/biokemia\/wp-json\/wp\/v2\/users\/101604"}],"replies":[{"embeddable":true,"href":"https:\/\/semmelweis.hu\/biokemia\/wp-json\/wp\/v2\/comments?post=12991"}],"version-history":[{"count":11,"href":"https:\/\/semmelweis.hu\/biokemia\/wp-json\/wp\/v2\/pages\/12991\/revisions"}],"predecessor-version":[{"id":14130,"href":"https:\/\/semmelweis.hu\/biokemia\/wp-json\/wp\/v2\/pages\/12991\/revisions\/14130"}],"up":[{"embeddable":true,"href":"https:\/\/semmelweis.hu\/biokemia\/wp-json\/wp\/v2\/pages\/10"}],"wp:attachment":[{"href":"https:\/\/semmelweis.hu\/biokemia\/wp-json\/wp\/v2\/media?parent=12991"}],"wp:term":[{"taxonomy":"category","embeddable":true,"href":"https:\/\/semmelweis.hu\/biokemia\/wp-json\/wp\/v2\/categories?post=12991"},{"taxonomy":"post_tag","embeddable":true,"href":"https:\/\/semmelweis.hu\/biokemia\/wp-json\/wp\/v2\/tags?post=12991"}],"curies":[{"name":"wp","href":"https:\/\/api.w.org\/{rel}","templated":true}]}}