{"id":12522,"date":"2019-12-10T17:43:49","date_gmt":"2019-12-10T16:43:49","guid":{"rendered":"http:\/\/semmelweis.hu\/biokemia\/?page_id=12522"},"modified":"2026-02-02T15:06:28","modified_gmt":"2026-02-02T14:06:28","slug":"phd","status":"publish","type":"page","link":"https:\/\/semmelweis.hu\/biokemia\/kutatas\/phd\/","title":{"rendered":"PhD k\u00e9pz\u00e9s &#8211; 2026"},"content":{"rendered":"<h4>MI\u00e9rt \u00c9Rdemes N\u00c1LUNK MEGSZEREZNI A PHD fokozat\u00e1t?<\/h4>\n<p><strong>H\u00e9t indokot tudunk felsorolni&#8230;<\/strong><\/p>\n<ol>\n<li>Vezet\u0151 kutat\u00f3-elitegyetem<\/li>\n<li>Hazai kapcsolatokkal<\/li>\n<li>Nemzetk\u00f6zi kapcsolatokkal<\/li>\n<li>Karrierlehet\u0151s\u00e9gekkel<\/li>\n<li>Pezsg\u0151 k\u00f6z\u00f6ss\u00e9ggel<\/li>\n<li>Hallgat\u00f3i lehet\u0151s\u00e9gekkel<\/li>\n<li>Budapest f\u0151v\u00e1ros el\u0151nyeivel&#8230;<\/li>\n<\/ol>\n<h4>TANSZ\u00c9K\u00dcNK PhD t\u00e9mavezet\u0151i<\/h4>\n<ul>\n<li><a href=\"https:\/\/doktori.hu\/index.php?menuid=192&amp;lang=HU&amp;sz_ID=9026\"><span lang=\"HU\">Ambrus Attila<\/span><\/a>\u00a0 &#8211;\u00a0 <a href=\"https:\/\/semmelweis.hu\/phd\/molekularis-orvostudomanyi-tagozat\/\">Molekul\u00e1ris Orvostudom\u00e1nyi Tagozat<\/a><\/li>\n<li><a href=\"https:\/\/doktori.hu\/index.php?menuid=192&amp;lang=HU&amp;sz_ID=8961\"><span lang=\"HU\">Chinopoulos Christos<\/span><\/a>\u00a0 &#8211;\u00a0 <a href=\"https:\/\/semmelweis.hu\/phd\/szentagothai-janos-idegtudomanyi-tagozat\/\">Szent\u00e1gothai J\u00e1nos Idegtudom\u00e1nyi Tagozat<\/a><\/li>\n<li>Czajlik Andr\u00e1s &#8211; <a href=\"https:\/\/semmelweis.hu\/phd\/molekularis-orvostudomanyi-tagozat\/\">Molekul\u00e1ris Orvostudom\u00e1nyi Tagozat<\/a><\/li>\n<li><a href=\"https:\/\/doktori.hu\/index.php?menuid=192&amp;lang=HU&amp;sz_ID=7658\"><span lang=\"HU\"> Csan\u00e1dy L\u00e1szl\u00f3<\/span><\/a>\u00a0 &#8211;\u00a0 <a href=\"https:\/\/semmelweis.hu\/phd\/molekularis-orvostudomanyi-tagozat\/\">Molekul\u00e1ris Orvostudom\u00e1nyi Tagozat<\/a><\/li>\n<li><a href=\"https:\/\/doktori.hu\/index.php?menuid=192&amp;lang=HU&amp;sz_ID=5217\"><span lang=\"HU\">Kolev Kraszimir<\/span><\/a>\u00a0 &#8211;\u00a0 <a href=\"https:\/\/semmelweis.hu\/phd\/molekularis-orvostudomanyi-tagozat\/\">Molekul\u00e1ris Orvostudom\u00e1nyi Tagozat<\/a><\/li>\n<li><span data-olk-copy-source=\"MessageBody\">Komorowicz Erzs\u00e9bet<\/span> &#8211;\u00a0<a href=\"https:\/\/semmelweis.hu\/phd\/molekularis-orvostudomanyi-tagozat\/\">Molekul\u00e1ris Orvostudom\u00e1nyi Tagozat<\/a><\/li>\n<li><span data-olk-copy-source=\"MessageBody\">Tanka-Salamon Anna<\/span> &#8211;\u00a0<a href=\"https:\/\/semmelweis.hu\/phd\/molekularis-orvostudomanyi-tagozat\/\">Molekul\u00e1ris Orvostudom\u00e1nyi Tagozat<\/a><\/li>\n<li><a href=\"https:\/\/doktori.hu\/index.php?menuid=192&amp;lang=HU&amp;sz_ID=5499\"><span lang=\"HU\">Tretter L\u00e1szl\u00f3<\/span><\/a>\u00a0 &#8211;\u00a0 <a href=\"https:\/\/semmelweis.hu\/phd\/szentagothai-janos-idegtudomanyi-tagozat\/\">Szent\u00e1gothai J\u00e1nos Idegtudom\u00e1nyi Tagozat<\/a><\/li>\n<li><a href=\"https:\/\/doktori.hu\/index.php?menuid=192&amp;lang=HU&amp;sz_ID=39724\">Wohner Nikolett<\/a>\u00a0 &#8211;\u00a0 <a href=\"https:\/\/semmelweis.hu\/phd\/molekularis-orvostudomanyi-tagozat\/\">Molekul\u00e1ris Orvostudom\u00e1nyi Tagozat<\/a><\/li>\n<\/ul>\n<h4>M\u00e9g mindig maradt k\u00e9rd\u00e9se?<\/h4>\n<p>A Doktori Iskol\u00e1nk honlapj\u00e1n, m\u00e9g t\u00f6bb \u00e9s naprak\u00e9sz inform\u00e1ci\u00f3t tal\u00e1l: <a href=\"https:\/\/semmelweis.hu\/phd\/rolunk\/\">https:\/\/semmelweis.hu\/phd\/rolunk\/<\/a><\/p>\n<p>&nbsp;<\/p>\n","protected":false},"excerpt":{"rendered":"<p>MI\u00e9rt \u00c9Rdemes N\u00c1LUNK MEGSZEREZNI A PHD fokozat\u00e1t? H\u00e9t indokot tudunk felsorolni&#8230; Vezet\u0151 kutat\u00f3-elitegyetem Hazai kapcsolatokkal Nemzetk\u00f6zi kapcsolatokkal Karrierlehet\u0151s\u00e9gekkel Pezsg\u0151 k\u00f6z\u00f6ss\u00e9ggel Hallgat\u00f3i lehet\u0151s\u00e9gekkel Budapest f\u0151v\u00e1ros el\u0151nyeivel&#8230; TANSZ\u00c9K\u00dcNK PhD t\u00e9mavezet\u0151i <a href=\"https:\/\/doktori.hu\/index.php?menuid=192&amp;lang=HU&amp;sz_ID=9026\">Ambrus Attila<\/a> \u00a0 &#8211;\u00a0 <a href=\"https:\/\/semmelweis.hu\/phd\/molekularis-orvostudomanyi-tagozat\/\">Molekul\u00e1ris Orvostudom\u00e1nyi Tagozat<\/a> <a href=\"https:\/\/doktori.hu\/index.php?menuid=192&amp;lang=HU&amp;sz_ID=8961\">Chinopoulos Christos<\/a> \u00a0 &#8211;\u00a0 <a href=\"https:\/\/semmelweis.hu\/phd\/szentagothai-janos-idegtudomanyi-tagozat\/\">Szent\u00e1gothai J\u00e1nos Idegtudom\u00e1nyi Tagozat<\/a> Czajlik Andr\u00e1s &#8211; <a href=\"https:\/\/semmelweis.hu\/phd\/molekularis-orvostudomanyi-tagozat\/\">Molekul\u00e1ris Orvostudom\u00e1nyi Tagozat<\/a> <a href=\"https:\/\/doktori.hu\/index.php?menuid=192&amp;lang=HU&amp;sz_ID=7658\"> Csan\u00e1dy L\u00e1szl\u00f3<\/a> \u00a0 &#8211;\u00a0 <a href=\"https:\/\/semmelweis.hu\/phd\/molekularis-orvostudomanyi-tagozat\/\">Molekul\u00e1ris Orvostudom\u00e1nyi Tagozat<\/a> <a href=\"https:\/\/doktori.hu\/index.php?menuid=192&amp;lang=HU&amp;sz_ID=5217\">Kolev Kraszimir<\/a> \u00a0 &#8211;\u00a0 <a href=\"https:\/\/semmelweis.hu\/phd\/molekularis-orvostudomanyi-tagozat\/\">Molekul\u00e1ris Orvostudom\u00e1nyi Tagozat<\/a> Komorowicz Erzs\u00e9bet &#8211;\u00a0 <a href=\"https:\/\/semmelweis.hu\/phd\/molekularis-orvostudomanyi-tagozat\/\">Molekul\u00e1ris Orvostudom\u00e1nyi Tagozat<\/a> Tanka-Salamon Anna &#8211;\u00a0 <a href=\"https:\/\/semmelweis.hu\/phd\/molekularis-orvostudomanyi-tagozat\/\">Molekul\u00e1ris Orvostudom\u00e1nyi Tagozat<\/a> <a href=\"https:\/\/doktori.hu\/index.php?menuid=192&amp;lang=HU&amp;sz_ID=5499\">Tretter L\u00e1szl\u00f3<\/a> \u00a0 &#8211;\u00a0 <a href=\"https:\/\/semmelweis.hu\/phd\/szentagothai-janos-idegtudomanyi-tagozat\/\">Szent\u00e1gothai J\u00e1nos Idegtudom\u00e1nyi Tagozat<\/a> <a href=\"https:\/\/doktori.hu\/index.php?menuid=192&amp;lang=HU&amp;sz_ID=39724\">Wohner Nikolett<\/a> \u00a0 &#8211;\u00a0 <a href=\"https:\/\/semmelweis.hu\/phd\/molekularis-orvostudomanyi-tagozat\/\">Molekul\u00e1ris Orvostudom\u00e1nyi Tagozat<\/a> M\u00e9g mindig maradt k\u00e9rd\u00e9se? A Doktori &hellip;<\/p>\n","protected":false},"author":101604,"featured_media":0,"parent":53,"menu_order":1,"comment_status":"closed","ping_status":"closed","template":"","meta":{"_acf_changed":false,"footnotes":""},"categories":[],"tags":[],"class_list":["post-12522","page","type-page","status-publish","hentry"],"acf":[],"_links":{"self":[{"href":"https:\/\/semmelweis.hu\/biokemia\/wp-json\/wp\/v2\/pages\/12522","targetHints":{"allow":["GET"]}}],"collection":[{"href":"https:\/\/semmelweis.hu\/biokemia\/wp-json\/wp\/v2\/pages"}],"about":[{"href":"https:\/\/semmelweis.hu\/biokemia\/wp-json\/wp\/v2\/types\/page"}],"author":[{"embeddable":true,"href":"https:\/\/semmelweis.hu\/biokemia\/wp-json\/wp\/v2\/users\/101604"}],"replies":[{"embeddable":true,"href":"https:\/\/semmelweis.hu\/biokemia\/wp-json\/wp\/v2\/comments?post=12522"}],"version-history":[{"count":10,"href":"https:\/\/semmelweis.hu\/biokemia\/wp-json\/wp\/v2\/pages\/12522\/revisions"}],"predecessor-version":[{"id":14136,"href":"https:\/\/semmelweis.hu\/biokemia\/wp-json\/wp\/v2\/pages\/12522\/revisions\/14136"}],"up":[{"embeddable":true,"href":"https:\/\/semmelweis.hu\/biokemia\/wp-json\/wp\/v2\/pages\/53"}],"wp:attachment":[{"href":"https:\/\/semmelweis.hu\/biokemia\/wp-json\/wp\/v2\/media?parent=12522"}],"wp:term":[{"taxonomy":"category","embeddable":true,"href":"https:\/\/semmelweis.hu\/biokemia\/wp-json\/wp\/v2\/categories?post=12522"},{"taxonomy":"post_tag","embeddable":true,"href":"https:\/\/semmelweis.hu\/biokemia\/wp-json\/wp\/v2\/tags?post=12522"}],"curies":[{"name":"wp","href":"https:\/\/api.w.org\/{rel}","templated":true}]}}