{"id":12515,"date":"2019-12-10T17:30:03","date_gmt":"2019-12-10T16:30:03","guid":{"rendered":"http:\/\/semmelweis.hu\/biokemia\/?page_id=12515"},"modified":"2026-02-02T15:11:58","modified_gmt":"2026-02-02T14:11:58","slug":"phd","status":"publish","type":"page","link":"https:\/\/semmelweis.hu\/biokemia\/en\/research\/phd\/","title":{"rendered":"PhD topics &#8211; 2026"},"content":{"rendered":"<h4>WHY IS IT WORTH OBTAINING A PHD DEGREE WITH US?<\/h4>\n<p><strong>We can list seven reasons&#8230;<\/strong><\/p>\n<ol>\n<li>Leading research university<\/li>\n<li>Domestic connections<\/li>\n<li>International connections<\/li>\n<li>Career opportunities<\/li>\n<li>Vibrant community<\/li>\n<li>Student opportunities<\/li>\n<li>Advantages of Budapest as the capital&#8230;<\/li>\n<\/ol>\n<h4>Our PhD advisors<\/h4>\n<ul>\n<li><a href=\"https:\/\/doktori.hu\/index.php?menuid=192&amp;lang=HU&amp;sz_ID=9026\"><span lang=\"HU\">Attila Ambrus<\/span><\/a>\u00a0 &#8211;\u00a0 <a href=\"https:\/\/semmelweis.hu\/phd\/en\/molecular-medicine-program\/\">Molecular Medicine Program<\/a><\/li>\n<li><a href=\"https:\/\/doktori.hu\/index.php?menuid=192&amp;lang=HU&amp;sz_ID=8961\"><span lang=\"HU\">Christos Chinopoulos<\/span><\/a>\u00a0 &#8211;\u00a0 <a href=\"https:\/\/semmelweis.hu\/phd\/en\/janos-szentagothai-neurosciences-program\">J\u00e1nos Szent\u00e1gothai Neurosciences Program<\/a><\/li>\n<li>Andr\u00e1s Czajlik &#8211; <a href=\"https:\/\/semmelweis.hu\/phd\/en\/molecular-medicine-program\/\">Molecular Medicine Program<\/a><\/li>\n<li><a href=\"https:\/\/doktori.hu\/index.php?menuid=192&amp;lang=HU&amp;sz_ID=7658\"><span lang=\"HU\">L\u00e1szl\u00f3 Csan\u00e1dy<\/span><\/a>\u00a0 &#8211;\u00a0 <a href=\"https:\/\/semmelweis.hu\/phd\/en\/molecular-medicine-program\/\">Molecular Medicine Program<\/a><\/li>\n<li><a href=\"https:\/\/doktori.hu\/index.php?menuid=192&amp;lang=HU&amp;sz_ID=5217\"><span lang=\"HU\">Krasimir Kolev<\/span><\/a>\u00a0 &#8211;\u00a0 <a href=\"https:\/\/semmelweis.hu\/phd\/en\/molecular-medicine-program\/\">Molecular Medicine Program<\/a><\/li>\n<li><span data-olk-copy-source=\"MessageBody\">Erzs\u00e9bet Komorowicz<\/span>\u00a0&#8211;\u00a0<a href=\"https:\/\/semmelweis.hu\/phd\/en\/molecular-medicine-program\/\">Molecular Medicine Program<\/a><\/li>\n<li><span data-olk-copy-source=\"MessageBody\">Anna Tanka-Salamon<\/span>\u00a0&#8211;\u00a0<a href=\"https:\/\/semmelweis.hu\/phd\/en\/molecular-medicine-program\/\">Molecular Medicine Program<\/a><\/li>\n<li><a href=\"https:\/\/doktori.hu\/index.php?menuid=192&amp;lang=HU&amp;sz_ID=5499\"><span lang=\"HU\">L\u00e1szl\u00f3 Tretter<\/span><\/a>\u00a0 &#8211;\u00a0 <a href=\"https:\/\/semmelweis.hu\/phd\/en\/janos-szentagothai-neurosciences-program\">J\u00e1nos Szent\u00e1gothai Neurosciences Program<\/a><\/li>\n<li><a href=\"https:\/\/doktori.hu\/index.php?menuid=192&amp;lang=HU&amp;sz_ID=39724\">Nikolett Wohner<\/a>\u00a0 &#8211;\u00a0 <a href=\"https:\/\/semmelweis.hu\/phd\/en\/molecular-medicine-program\/\">Molecular Medicine Program<\/a><\/li>\n<\/ul>\n<h4>STILL HAVE QUESTIONS?<\/h4>\n<p>On our Doctoral School&#8217;s website, you can find even more up-to-date information: <a href=\"https:\/\/semmelweis.hu\/phd\/en\/doctoral-college\/\">https:\/\/semmelweis.hu\/phd\/en\/doctoral-college\/<\/a><\/p>\n","protected":false},"excerpt":{"rendered":"<p>WHY IS IT WORTH OBTAINING A PHD DEGREE WITH US? We can list seven reasons&#8230; Leading research university Domestic connections International connections Career opportunities Vibrant community Student opportunities Advantages of Budapest as the capital&#8230; Our PhD advisors <a href=\"https:\/\/doktori.hu\/index.php?menuid=192&amp;lang=HU&amp;sz_ID=9026\">Attila Ambrus<\/a> \u00a0 &#8211;\u00a0 <a href=\"https:\/\/semmelweis.hu\/phd\/en\/molecular-medicine-program\/\">Molecular Medicine Program<\/a> <a href=\"https:\/\/doktori.hu\/index.php?menuid=192&amp;lang=HU&amp;sz_ID=8961\">Christos Chinopoulos<\/a> \u00a0 &#8211;\u00a0 <a href=\"https:\/\/semmelweis.hu\/phd\/en\/janos-szentagothai-neurosciences-program\">J\u00e1nos Szent\u00e1gothai Neurosciences Program<\/a> Andr\u00e1s Czajlik &#8211; <a href=\"https:\/\/semmelweis.hu\/phd\/en\/molecular-medicine-program\/\">Molecular Medicine Program<\/a> <a href=\"https:\/\/doktori.hu\/index.php?menuid=192&amp;lang=HU&amp;sz_ID=7658\">L\u00e1szl\u00f3 Csan\u00e1dy<\/a> \u00a0 &#8211;\u00a0 <a href=\"https:\/\/semmelweis.hu\/phd\/en\/molecular-medicine-program\/\">Molecular Medicine Program<\/a> <a href=\"https:\/\/doktori.hu\/index.php?menuid=192&amp;lang=HU&amp;sz_ID=5217\">Krasimir Kolev<\/a> \u00a0 &#8211;\u00a0 <a href=\"https:\/\/semmelweis.hu\/phd\/en\/molecular-medicine-program\/\">Molecular Medicine Program<\/a> Erzs\u00e9bet Komorowicz\u00a0&#8211;\u00a0 <a href=\"https:\/\/semmelweis.hu\/phd\/en\/molecular-medicine-program\/\">Molecular Medicine Program<\/a> Anna Tanka-Salamon\u00a0&#8211;\u00a0 <a href=\"https:\/\/semmelweis.hu\/phd\/en\/molecular-medicine-program\/\">Molecular Medicine Program<\/a> <a href=\"https:\/\/doktori.hu\/index.php?menuid=192&amp;lang=HU&amp;sz_ID=5499\">L\u00e1szl\u00f3 Tretter<\/a> \u00a0 &#8211;\u00a0 <a href=\"https:\/\/semmelweis.hu\/phd\/en\/janos-szentagothai-neurosciences-program\">J\u00e1nos Szent\u00e1gothai Neurosciences Program<\/a> <a href=\"https:\/\/doktori.hu\/index.php?menuid=192&amp;lang=HU&amp;sz_ID=39724\">Nikolett Wohner<\/a> \u00a0 &hellip;<\/p>\n","protected":false},"author":101604,"featured_media":0,"parent":378,"menu_order":1,"comment_status":"closed","ping_status":"closed","template":"","meta":{"_acf_changed":false,"footnotes":""},"categories":[],"tags":[],"class_list":["post-12515","page","type-page","status-publish","hentry"],"acf":[],"_links":{"self":[{"href":"https:\/\/semmelweis.hu\/biokemia\/wp-json\/wp\/v2\/pages\/12515","targetHints":{"allow":["GET"]}}],"collection":[{"href":"https:\/\/semmelweis.hu\/biokemia\/wp-json\/wp\/v2\/pages"}],"about":[{"href":"https:\/\/semmelweis.hu\/biokemia\/wp-json\/wp\/v2\/types\/page"}],"author":[{"embeddable":true,"href":"https:\/\/semmelweis.hu\/biokemia\/wp-json\/wp\/v2\/users\/101604"}],"replies":[{"embeddable":true,"href":"https:\/\/semmelweis.hu\/biokemia\/wp-json\/wp\/v2\/comments?post=12515"}],"version-history":[{"count":10,"href":"https:\/\/semmelweis.hu\/biokemia\/wp-json\/wp\/v2\/pages\/12515\/revisions"}],"predecessor-version":[{"id":14140,"href":"https:\/\/semmelweis.hu\/biokemia\/wp-json\/wp\/v2\/pages\/12515\/revisions\/14140"}],"up":[{"embeddable":true,"href":"https:\/\/semmelweis.hu\/biokemia\/wp-json\/wp\/v2\/pages\/378"}],"wp:attachment":[{"href":"https:\/\/semmelweis.hu\/biokemia\/wp-json\/wp\/v2\/media?parent=12515"}],"wp:term":[{"taxonomy":"category","embeddable":true,"href":"https:\/\/semmelweis.hu\/biokemia\/wp-json\/wp\/v2\/categories?post=12515"},{"taxonomy":"post_tag","embeddable":true,"href":"https:\/\/semmelweis.hu\/biokemia\/wp-json\/wp\/v2\/tags?post=12515"}],"curies":[{"name":"wp","href":"https:\/\/api.w.org\/{rel}","templated":true}]}}