{"id":12360,"date":"2019-09-03T18:16:48","date_gmt":"2019-09-03T16:16:48","guid":{"rendered":"http:\/\/semmelweis.hu\/biokemia\/?page_id=12360"},"modified":"2021-10-28T13:46:59","modified_gmt":"2021-10-28T11:46:59","slug":"biochemie-2-zb","status":"publish","type":"page","link":"https:\/\/semmelweis.hu\/biokemia\/de\/lehre\/biochemie-2-zb\/","title":{"rendered":"Biochemie 2 \u2013 Zahn\u00e4rtzliche"},"content":{"rendered":"<p style=\"text-align: justify\">Biochemie befasst sich mit der Beschreibung von der wichtigsten Lebensfunktionen auf der molekulare Ebene. Das Hauptthema im Fach Zahn\u00e4rztliche Biochemie II wird der intermedi\u00e4re Stoffwechsel im menschlichen K\u00f6rper. Als intermedi\u00e4rer Stoffwechsel werden diejenigen enzymatischen Vorg\u00e4nge bezeichnet, durch welche die Kohlenhydrate, Lipide, Aminos\u00e4ure, Purine, Pyrimidine und Porphyrine in unserem K\u00f6rper umgesetzt werden. Regelungsmechanismen erm\u00f6glichen die Anpassung von dem Stoffwechsel an die \u00e4u\u00dferen bzw. inneren Umst\u00e4nde. Die laboratorischen Praktika erm\u00f6glichen ein besseres Verstehen der biochemischen Vorg\u00e4nge bzw klinischen diagnostischen Methoden. W\u00e4hrend der Seminaren werden medizinische Bez\u00fcge und Stoffwechselver\u00e4nderungen bei h\u00e4ufigen Krankheiten diskutiert, was die weiteren klinischen Studien theoretisch begr\u00fcndet und unterst\u00fctzt.<\/p>\n<p><span lang=\"de\">Weitere Informationen und Kursmaterialien finden Sie im Moodle-System:<a href=\"https:\/\/itc.semmelweis.hu\/moodle\/\"> https:\/\/itc.semmelweis.hu\/moodle\/<\/a><\/span><\/p>\n","protected":false},"excerpt":{"rendered":"<p>Biochemie befasst sich mit der Beschreibung von der wichtigsten Lebensfunktionen auf der molekulare Ebene. Das Hauptthema im Fach Zahn\u00e4rztliche Biochemie II wird der intermedi\u00e4re Stoffwechsel im menschlichen K\u00f6rper. Als intermedi\u00e4rer Stoffwechsel werden diejenigen enzymatischen Vorg\u00e4nge bezeichnet, durch welche die Kohlenhydrate, Lipide, Aminos\u00e4ure, Purine, Pyrimidine und Porphyrine in unserem K\u00f6rper umgesetzt werden. Regelungsmechanismen erm\u00f6glichen die Anpassung &hellip;<\/p>\n","protected":false},"author":101604,"featured_media":0,"parent":7979,"menu_order":8,"comment_status":"closed","ping_status":"closed","template":"","meta":{"_acf_changed":false,"footnotes":""},"categories":[],"tags":[],"class_list":["post-12360","page","type-page","status-publish","hentry"],"acf":[],"_links":{"self":[{"href":"https:\/\/semmelweis.hu\/biokemia\/wp-json\/wp\/v2\/pages\/12360","targetHints":{"allow":["GET"]}}],"collection":[{"href":"https:\/\/semmelweis.hu\/biokemia\/wp-json\/wp\/v2\/pages"}],"about":[{"href":"https:\/\/semmelweis.hu\/biokemia\/wp-json\/wp\/v2\/types\/page"}],"author":[{"embeddable":true,"href":"https:\/\/semmelweis.hu\/biokemia\/wp-json\/wp\/v2\/users\/101604"}],"replies":[{"embeddable":true,"href":"https:\/\/semmelweis.hu\/biokemia\/wp-json\/wp\/v2\/comments?post=12360"}],"version-history":[{"count":7,"href":"https:\/\/semmelweis.hu\/biokemia\/wp-json\/wp\/v2\/pages\/12360\/revisions"}],"predecessor-version":[{"id":13617,"href":"https:\/\/semmelweis.hu\/biokemia\/wp-json\/wp\/v2\/pages\/12360\/revisions\/13617"}],"up":[{"embeddable":true,"href":"https:\/\/semmelweis.hu\/biokemia\/wp-json\/wp\/v2\/pages\/7979"}],"wp:attachment":[{"href":"https:\/\/semmelweis.hu\/biokemia\/wp-json\/wp\/v2\/media?parent=12360"}],"wp:term":[{"taxonomy":"category","embeddable":true,"href":"https:\/\/semmelweis.hu\/biokemia\/wp-json\/wp\/v2\/categories?post=12360"},{"taxonomy":"post_tag","embeddable":true,"href":"https:\/\/semmelweis.hu\/biokemia\/wp-json\/wp\/v2\/tags?post=12360"}],"curies":[{"name":"wp","href":"https:\/\/api.w.org\/{rel}","templated":true}]}}