{"id":12355,"date":"2019-09-03T18:15:46","date_gmt":"2019-09-03T16:15:46","guid":{"rendered":"http:\/\/semmelweis.hu\/biokemia\/?page_id=12355"},"modified":"2021-10-28T13:46:15","modified_gmt":"2021-10-28T11:46:15","slug":"biochemie-2-ph","status":"publish","type":"page","link":"https:\/\/semmelweis.hu\/biokemia\/de\/lehre\/biochemie-2-ph\/","title":{"rendered":"Biochemie 2 &#8211; Pharmazeuten"},"content":{"rendered":"<p style=\"text-align: justify\">Biochemie befasst sich mit der Beschreibung von den wichtigsten Lebensfunktionen auf der molekularen Ebene. Nach dem ersten Semester, wo die Grundlagen vom Stoffwechsel gelernt wurden, wird Biochemie II. auf die molekulare Mechanismen der zellul\u00e4ren Kommunikation und der physiologische Funktion der verschiedenen Organsysteme konzentrieren. Biotransformation beschreibt das Schicksal von vielen endogenen und exogenen Stoffen, u.a. auch den Drogenstoffwechsel, und erkl\u00e4rt wichtige Wechselwirkungen zwischen Fremdstoffe, Medikamenten und unserem K\u00f6rper. Membrantransportsysteme und Signal\u00fcbertragungs-Prozesse erm\u00f6glichen die Anpassung von Zellfunktion an die \u00e4u\u00dferen Umst\u00e4nde. Neurobiochemie, H\u00e4mostase, die Biochemie von der Muskulatur und der Leber werden behilflich sein um die pharmakologischen Strategien zu verstehen. Molekularbiologie beschreibt wie die genetische Information vererbt und in RNA und Proteine umgesetzt wird. Die industriellen und diagnostischen Anwendungen von Gentechnik werden immer mehr verbreitet. Die molekulare Antwort auf Fragen \u00fcber Krebs sind in der Regelung der Zellteilung und des Zelltodes versteckt. Biochemie I. und II. werden eine n\u00fctzliche molekulare Grundlage f\u00fcr die weiteren Studien der Pharmazeuten.<\/p>\n<p><span lang=\"de\">Weitere Informationen und Kursmaterialien finden Sie im Moodle-System: <a href=\"https:\/\/itc.semmelweis.hu\/moodle\/\">https:\/\/itc.semmelweis.hu\/moodle\/<\/a><\/span><\/p>\n","protected":false},"excerpt":{"rendered":"<p>Biochemie befasst sich mit der Beschreibung von den wichtigsten Lebensfunktionen auf der molekularen Ebene. Nach dem ersten Semester, wo die Grundlagen vom Stoffwechsel gelernt wurden, wird Biochemie II. auf die molekulare Mechanismen der zellul\u00e4ren Kommunikation und der physiologische Funktion der verschiedenen Organsysteme konzentrieren. Biotransformation beschreibt das Schicksal von vielen endogenen und exogenen Stoffen, u.a. auch &hellip;<\/p>\n","protected":false},"author":101604,"featured_media":0,"parent":7979,"menu_order":6,"comment_status":"closed","ping_status":"closed","template":"","meta":{"_acf_changed":false,"footnotes":""},"categories":[],"tags":[],"class_list":["post-12355","page","type-page","status-publish","hentry"],"acf":[],"_links":{"self":[{"href":"https:\/\/semmelweis.hu\/biokemia\/wp-json\/wp\/v2\/pages\/12355","targetHints":{"allow":["GET"]}}],"collection":[{"href":"https:\/\/semmelweis.hu\/biokemia\/wp-json\/wp\/v2\/pages"}],"about":[{"href":"https:\/\/semmelweis.hu\/biokemia\/wp-json\/wp\/v2\/types\/page"}],"author":[{"embeddable":true,"href":"https:\/\/semmelweis.hu\/biokemia\/wp-json\/wp\/v2\/users\/101604"}],"replies":[{"embeddable":true,"href":"https:\/\/semmelweis.hu\/biokemia\/wp-json\/wp\/v2\/comments?post=12355"}],"version-history":[{"count":8,"href":"https:\/\/semmelweis.hu\/biokemia\/wp-json\/wp\/v2\/pages\/12355\/revisions"}],"predecessor-version":[{"id":13615,"href":"https:\/\/semmelweis.hu\/biokemia\/wp-json\/wp\/v2\/pages\/12355\/revisions\/13615"}],"up":[{"embeddable":true,"href":"https:\/\/semmelweis.hu\/biokemia\/wp-json\/wp\/v2\/pages\/7979"}],"wp:attachment":[{"href":"https:\/\/semmelweis.hu\/biokemia\/wp-json\/wp\/v2\/media?parent=12355"}],"wp:term":[{"taxonomy":"category","embeddable":true,"href":"https:\/\/semmelweis.hu\/biokemia\/wp-json\/wp\/v2\/categories?post=12355"},{"taxonomy":"post_tag","embeddable":true,"href":"https:\/\/semmelweis.hu\/biokemia\/wp-json\/wp\/v2\/tags?post=12355"}],"curies":[{"name":"wp","href":"https:\/\/api.w.org\/{rel}","templated":true}]}}