{"id":12347,"date":"2019-09-03T18:14:23","date_gmt":"2019-09-03T16:14:23","guid":{"rendered":"http:\/\/semmelweis.hu\/biokemia\/?page_id=12347"},"modified":"2021-10-28T13:45:30","modified_gmt":"2021-10-28T11:45:30","slug":"biochemie-1-med","status":"publish","type":"page","link":"https:\/\/semmelweis.hu\/biokemia\/de\/lehre\/biochemie-1-med\/","title":{"rendered":"Biochemie 1 &#8211; Medizinische"},"content":{"rendered":"<p style=\"text-align: justify\"><span lang=\"de\">Biochemie befasst sich mit der Beschreibung von der wichtigsten Lebensfunktionen auf der molekulare Ebene. Die r\u00e4umliche Anordnung der Proteine ist durch die Aminos\u00e4uresequenz bestimmt, und durch weitere Wechselwirkungen beeinflusst. Strukturelle-funktionelle Zusammenh\u00e4nge begleiten den Sauerstofftransport durch H\u00e4moglobin und die Regelung von der Enzymaktivit\u00e4t. Als intermedi\u00e4re Stoffwechsel werden diejenigen enzymatischen Vorg\u00e4nge bezeichnet, durch welche die Kohlenhydrate, Lipide, Aminos\u00e4ure, Purine, Pyrimidine und Porphyrine umgesetzt werden. Regelungsmechanismen erm\u00f6glichen die Anpassung von dem Stoffwechsel an die \u00e4u\u00dferen Umst\u00e4nde. Im Rahmen des Faches Medizinische Biochemie I werden Bioenergetik, Kohlenhydratstoffwechsel und Lipidstoffwechsel unterrichtet. Medikamente beeinflussen die Vorg\u00e4nge auf der molekulare Ebene und haben h\u00e4ufig eine Wirkung an den ganzen K\u00f6rper, deshalb ist es n\u00fctzlich f\u00fcr die Humanmedizinerdie molekulare Grundlage der Lebensfunktionen zu wissen.<\/span><\/p>\n<p><span lang=\"de\">Weitere Informationen und Kursmaterialien finden Sie im Moodle-System: <a href=\"https:\/\/itc.semmelweis.hu\/moodle\/\">https:\/\/itc.semmelweis.hu\/moodle\/<\/a><\/span><\/p>\n","protected":false},"excerpt":{"rendered":"<p>Biochemie befasst sich mit der Beschreibung von der wichtigsten Lebensfunktionen auf der molekulare Ebene. Die r\u00e4umliche Anordnung der Proteine ist durch die Aminos\u00e4uresequenz bestimmt, und durch weitere Wechselwirkungen beeinflusst. Strukturelle-funktionelle Zusammenh\u00e4nge begleiten den Sauerstofftransport durch H\u00e4moglobin und die Regelung von der Enzymaktivit\u00e4t. Als intermedi\u00e4re Stoffwechsel werden diejenigen enzymatischen Vorg\u00e4nge bezeichnet, durch welche die Kohlenhydrate, Lipide, &hellip;<\/p>\n","protected":false},"author":101604,"featured_media":0,"parent":7979,"menu_order":2,"comment_status":"closed","ping_status":"closed","template":"","meta":{"_acf_changed":false,"footnotes":""},"categories":[],"tags":[],"class_list":["post-12347","page","type-page","status-publish","hentry"],"acf":[],"_links":{"self":[{"href":"https:\/\/semmelweis.hu\/biokemia\/wp-json\/wp\/v2\/pages\/12347","targetHints":{"allow":["GET"]}}],"collection":[{"href":"https:\/\/semmelweis.hu\/biokemia\/wp-json\/wp\/v2\/pages"}],"about":[{"href":"https:\/\/semmelweis.hu\/biokemia\/wp-json\/wp\/v2\/types\/page"}],"author":[{"embeddable":true,"href":"https:\/\/semmelweis.hu\/biokemia\/wp-json\/wp\/v2\/users\/101604"}],"replies":[{"embeddable":true,"href":"https:\/\/semmelweis.hu\/biokemia\/wp-json\/wp\/v2\/comments?post=12347"}],"version-history":[{"count":8,"href":"https:\/\/semmelweis.hu\/biokemia\/wp-json\/wp\/v2\/pages\/12347\/revisions"}],"predecessor-version":[{"id":13612,"href":"https:\/\/semmelweis.hu\/biokemia\/wp-json\/wp\/v2\/pages\/12347\/revisions\/13612"}],"up":[{"embeddable":true,"href":"https:\/\/semmelweis.hu\/biokemia\/wp-json\/wp\/v2\/pages\/7979"}],"wp:attachment":[{"href":"https:\/\/semmelweis.hu\/biokemia\/wp-json\/wp\/v2\/media?parent=12347"}],"wp:term":[{"taxonomy":"category","embeddable":true,"href":"https:\/\/semmelweis.hu\/biokemia\/wp-json\/wp\/v2\/categories?post=12347"},{"taxonomy":"post_tag","embeddable":true,"href":"https:\/\/semmelweis.hu\/biokemia\/wp-json\/wp\/v2\/tags?post=12347"}],"curies":[{"name":"wp","href":"https:\/\/api.w.org\/{rel}","templated":true}]}}