{"id":12159,"date":"2019-08-30T16:10:40","date_gmt":"2019-08-30T14:10:40","guid":{"rendered":"http:\/\/semmelweis.hu\/biokemia\/?page_id=12159"},"modified":"2022-01-12T23:41:19","modified_gmt":"2022-01-12T22:41:19","slug":"biokemia-2-fok","status":"publish","type":"page","link":"https:\/\/semmelweis.hu\/biokemia\/oktatas\/biokemia-2-fok\/","title":{"rendered":"Biok\u00e9mia 2 &#8211; FOK"},"content":{"rendered":"<h4>Fogorvosi Biok\u00e9mia II.<\/h4>\n<ul>\n<li><strong>A t\u00e1rgy neve:<\/strong> Fogorvosi Biok\u00e9mia II.<\/li>\n<li><strong>Tant\u00e1rgy k\u00f3dja:<\/strong> FOKOBMT305_2M<\/li>\n<li><strong>Kredit\u00e9rt\u00e9ke:<\/strong> 3<\/li>\n<li><strong>Teljes \u00f3rasz\u00e1m:<\/strong> 42. Ebb\u0151l el\u0151ad\u00e1s: 28. Gyakorlat: 14.<\/li>\n<li><strong>Tant\u00e1rgy t\u00edpusa:<\/strong> k\u00f6telez\u0151 a fogorvosk\u00e9pz\u00e9s 3. szemeszter\u00e9nek mintatanterve szerint<\/li>\n<li><strong>A tant\u00e1rgy el\u0151felt\u00e9tele:<\/strong> <a href=\"https:\/\/semmelweis.hu\/biokemia\/oktatas\/biokemia-1-fok\/\">Fogorvosi Biok\u00e9mia I.<\/a><\/li>\n<li><strong>Tant\u00e1rgyfelel\u0151s neve:<\/strong> Dr. Kolev Kraszimir, egyetemi tan\u00e1r<\/li>\n<\/ul>\n<h4>A tant\u00e1rgy oktat\u00e1s\u00e1nak c\u00e9lkit\u0171z\u00e9se, helye a fogorvosk\u00e9pz\u00e9s kurrikulum\u00e1ban<\/h4>\n<p style=\"text-align: justify\">A tant\u00e1rgy c\u00e9lja az emberi szervezetben v\u00e9gbemen\u0151 anyagcsere-folyamatok \u00e1tfog\u00f3 molekul\u00e1ris szint\u0171 le\u00edr\u00e1sa k\u00fcl\u00f6n\u00f6s tekintettel e folyamatok orvosi vonatkoz\u00e1saira. A f\u00e9l\u00e9v f\u0151 t\u00e9m\u00e1ja az intermedier anyagcsere, azaz az Orvosi Biok\u00e9mia I keretei k\u00f6zt ismertetett sz\u00e9nhidr\u00e1t \u00e9s lipid anyagcser\u00e9t k\u00f6vet\u0151 aminosav \u00e9s nukleotid anyagcsere ismertet\u00e9se \u00e9s ezen bel\u00fcl a folyamatok integr\u00e1ci\u00f3ja az egyes szervek \u00e9s az emberi szervezet eg\u00e9sz\u00e9ben.A tant\u00e1rgy c\u00e9lja olyan k\u00e9szs\u00e9gek fejleszt\u00e9se a fogorvostanhallgat\u00f3kn\u00e1l, amelyek k\u00e9pess\u00e9 teszik \u0151ket az emberi szervezetben foly\u00f3 \u00e9lettani folyamatok komplex, molekul\u00e1ris szint\u0171 \u00e9rtelmez\u00e9s\u00e9re.<\/p>\n<h4>A t\u00e1rgy sikeres elv\u00e9gz\u00e9se milyen kompetenci\u00e1k megszerz\u00e9s\u00e9t eredm\u00e9nyezi?<\/h4>\n<p style=\"text-align: justify\">Az orvosi szempontb\u00f3l kit\u00fcntetetten fontos biol\u00f3giai molekul\u00e1k szerkezet\u00e9nek, k\u00f6lcs\u00f6nhat\u00e1sainak \u00e9s reakci\u00f3inak ismerete, \u00e9s a szervek k\u00f6z\u00f6tti k\u00f6lcs\u00f6nhat\u00e1sok, az emberi szervezet magasabb szint\u0171 integr\u00e1lt szab\u00e1lyoz\u00f3 funkci\u00f3inak ismerete, amely ismeretek elengedhetetlenek a fiziol\u00f3gi\u00e1s \u00e9s patol\u00f3gi\u00e1s folyamatok meg\u00e9rt\u00e9s\u00e9hez, \u00e9s ennek folyom\u00e1nyak\u00e9nt a megalapozott szakmai d\u00f6nt\u00e9sek meghozatal\u00e1hoz.<\/p>\n<h4>A tananyag elsaj\u00e1t\u00edt\u00e1s\u00e1hoz felhaszn\u00e1lhat\u00f3 forr\u00e1sok<\/h4>\n<ul>\n<li><em>Orvosi Biok\u00e9mia<\/em>. Egyetemi tank\u00f6nyv, szerkesztette: \u00c1d\u00e1m Veronika. Semmelweis Kiad\u00f3, 2016.<\/li>\n<li>Az aktu\u00e1lis tan\u00e9v anyagai Moodle e-learning rendszeren kereszt\u00fcl \u00e9rhet\u0151ek el az al\u00e1bbi linkre kattintva: <a href=\"https:\/\/itc.semmelweis.hu\/moodle\/\">https:\/\/itc.semmelweis.hu\/moodle\/<\/a><\/li>\n<\/ul>\n","protected":false},"excerpt":{"rendered":"<p>Fogorvosi Biok\u00e9mia II. A t\u00e1rgy neve: Fogorvosi Biok\u00e9mia II. Tant\u00e1rgy k\u00f3dja: FOKOBMT305_2M Kredit\u00e9rt\u00e9ke: 3 Teljes \u00f3rasz\u00e1m: 42. Ebb\u0151l el\u0151ad\u00e1s: 28. Gyakorlat: 14. Tant\u00e1rgy t\u00edpusa: k\u00f6telez\u0151 a fogorvosk\u00e9pz\u00e9s 3. szemeszter\u00e9nek mintatanterve szerint A tant\u00e1rgy el\u0151felt\u00e9tele: <a href=\"https:\/\/semmelweis.hu\/biokemia\/oktatas\/biokemia-1-fok\/\">Fogorvosi Biok\u00e9mia I.<\/a> Tant\u00e1rgyfelel\u0151s neve: Dr. Kolev Kraszimir, egyetemi tan\u00e1r A tant\u00e1rgy oktat\u00e1s\u00e1nak c\u00e9lkit\u0171z\u00e9se, helye a fogorvosk\u00e9pz\u00e9s kurrikulum\u00e1ban A tant\u00e1rgy c\u00e9lja az emberi szervezetben &hellip;<\/p>\n","protected":false},"author":101604,"featured_media":0,"parent":11,"menu_order":8,"comment_status":"closed","ping_status":"closed","template":"","meta":{"_acf_changed":false,"footnotes":""},"categories":[],"tags":[],"class_list":["post-12159","page","type-page","status-publish","hentry"],"acf":[],"_links":{"self":[{"href":"https:\/\/semmelweis.hu\/biokemia\/wp-json\/wp\/v2\/pages\/12159","targetHints":{"allow":["GET"]}}],"collection":[{"href":"https:\/\/semmelweis.hu\/biokemia\/wp-json\/wp\/v2\/pages"}],"about":[{"href":"https:\/\/semmelweis.hu\/biokemia\/wp-json\/wp\/v2\/types\/page"}],"author":[{"embeddable":true,"href":"https:\/\/semmelweis.hu\/biokemia\/wp-json\/wp\/v2\/users\/101604"}],"replies":[{"embeddable":true,"href":"https:\/\/semmelweis.hu\/biokemia\/wp-json\/wp\/v2\/comments?post=12159"}],"version-history":[{"count":10,"href":"https:\/\/semmelweis.hu\/biokemia\/wp-json\/wp\/v2\/pages\/12159\/revisions"}],"predecessor-version":[{"id":13730,"href":"https:\/\/semmelweis.hu\/biokemia\/wp-json\/wp\/v2\/pages\/12159\/revisions\/13730"}],"up":[{"embeddable":true,"href":"https:\/\/semmelweis.hu\/biokemia\/wp-json\/wp\/v2\/pages\/11"}],"wp:attachment":[{"href":"https:\/\/semmelweis.hu\/biokemia\/wp-json\/wp\/v2\/media?parent=12159"}],"wp:term":[{"taxonomy":"category","embeddable":true,"href":"https:\/\/semmelweis.hu\/biokemia\/wp-json\/wp\/v2\/categories?post=12159"},{"taxonomy":"post_tag","embeddable":true,"href":"https:\/\/semmelweis.hu\/biokemia\/wp-json\/wp\/v2\/tags?post=12159"}],"curies":[{"name":"wp","href":"https:\/\/api.w.org\/{rel}","templated":true}]}}