{"id":12152,"date":"2019-08-30T16:12:38","date_gmt":"2019-08-30T14:12:38","guid":{"rendered":"http:\/\/semmelweis.hu\/biokemia\/?page_id=12152"},"modified":"2021-10-28T13:42:05","modified_gmt":"2021-10-28T11:42:05","slug":"biokemia-1-gytk","status":"publish","type":"page","link":"https:\/\/semmelweis.hu\/biokemia\/oktatas\/biokemia-1-gytk\/","title":{"rendered":"Biok\u00e9mia 1 &#8211; GYTK"},"content":{"rendered":"<p style=\"text-align: justify\"><strong>A tant\u00e1rgy feladata a k\u00e9pz\u00e9s c\u00e9lj\u00e1nak megval\u00f3s\u00edt\u00e1s\u00e1ban:<\/strong><br \/>\nA k\u00e9pz\u00e9s els\u0151dleges c\u00e9lja megismertetni a hallgat\u00f3kkal a biol\u00f3giai, els\u0151sorban hum\u00e1n folyamatok m\u0171k\u00f6d\u00e9si elv\u00e9t molekul\u00e1ris szinten. Ennek jelent\u0151s\u00e9ge, hogy el\u00e9rhet\u0151v\u00e9 teszi az \u00e9lettani folyamatok molekul\u00e1ris szint\u0171 \u00e9rtelmez\u00e9s\u00e9t illetve lehet\u0151s\u00e9get ad arra, hogy az eddig tanult k\u00e9mia ismereteket az anyagcsere-folyamatokhoz kapcsolj\u00e1k a hallgat\u00f3k. A tant\u00e1rgy alapul szolg\u00e1l arra, hogy a gy\u00f3gyszerek hat\u00e1smechanizmus\u00e1t a gy\u00f3gyszerhat\u00e1stani st\u00fadiumok sor\u00e1n meg\u00e9rthess\u00e9k a hallgat\u00f3k. Ezen ismeretek n\u00e9lk\u00fcl a c\u00e9lzott gy\u00f3gyszerkutat\u00e1s m\u00f3dszertana sem \u00e9rthet\u0151 meg.<\/p>\n<p style=\"text-align: justify\">\n<strong>A tant\u00e1rgy r\u00f6vid le\u00edr\u00e1sa:<\/strong><br \/>\nFeh\u00e9rj\u00e9k szerkezete, feh\u00e9rjebiok\u00e9miai vizsg\u00e1lati m\u00f3dszerek. Enzimek tulajdons\u00e1gai, szerkezete, kinetik\u00e1ja, szab\u00e1lyoz\u00e1sa. Glikol\u00edzis, citr\u00e1tk\u00f6r, oxidat\u00edv foszforil\u00e1ci\u00f3. Glukoneogenezis. Frukt\u00f3z, galakt\u00f3z, glikog\u00e9n anyagcser\u00e9je. Pent\u00f3zfoszf\u00e1t-\u00fat. Zs\u00edrsavak szint\u00e9zise, leboml\u00e1sa. Ketontestek, trigliceridek, foszfolipidek, koleszterin, epesavak, szteroidok biok\u00e9mi\u00e1ja. Aminosavak leboml\u00e1sa, szint\u00e9zise. Az ureaciklus.<\/p>\n<p>Az aktu\u00e1lis tan\u00e9v anyagai Moodle e-learning rendszeren kereszt\u00fcl \u00e9rhet\u0151ek el az al\u00e1bbi linkre kattintva: <a href=\"https:\/\/itc.semmelweis.hu\/moodle\/\">https:\/\/itc.semmelweis.hu\/moodle\/<\/a><\/p>\n","protected":false},"excerpt":{"rendered":"<p>A tant\u00e1rgy feladata a k\u00e9pz\u00e9s c\u00e9lj\u00e1nak megval\u00f3s\u00edt\u00e1s\u00e1ban: A k\u00e9pz\u00e9s els\u0151dleges c\u00e9lja megismertetni a hallgat\u00f3kkal a biol\u00f3giai, els\u0151sorban hum\u00e1n folyamatok m\u0171k\u00f6d\u00e9si elv\u00e9t molekul\u00e1ris szinten. Ennek jelent\u0151s\u00e9ge, hogy el\u00e9rhet\u0151v\u00e9 teszi az \u00e9lettani folyamatok molekul\u00e1ris szint\u0171 \u00e9rtelmez\u00e9s\u00e9t illetve lehet\u0151s\u00e9get ad arra, hogy az eddig tanult k\u00e9mia ismereteket az anyagcsere-folyamatokhoz kapcsolj\u00e1k a hallgat\u00f3k. A tant\u00e1rgy alapul szolg\u00e1l arra, hogy &hellip;<\/p>\n","protected":false},"author":101604,"featured_media":0,"parent":11,"menu_order":5,"comment_status":"closed","ping_status":"closed","template":"","meta":{"_acf_changed":false,"footnotes":""},"categories":[],"tags":[],"class_list":["post-12152","page","type-page","status-publish","hentry"],"acf":[],"_links":{"self":[{"href":"https:\/\/semmelweis.hu\/biokemia\/wp-json\/wp\/v2\/pages\/12152","targetHints":{"allow":["GET"]}}],"collection":[{"href":"https:\/\/semmelweis.hu\/biokemia\/wp-json\/wp\/v2\/pages"}],"about":[{"href":"https:\/\/semmelweis.hu\/biokemia\/wp-json\/wp\/v2\/types\/page"}],"author":[{"embeddable":true,"href":"https:\/\/semmelweis.hu\/biokemia\/wp-json\/wp\/v2\/users\/101604"}],"replies":[{"embeddable":true,"href":"https:\/\/semmelweis.hu\/biokemia\/wp-json\/wp\/v2\/comments?post=12152"}],"version-history":[{"count":7,"href":"https:\/\/semmelweis.hu\/biokemia\/wp-json\/wp\/v2\/pages\/12152\/revisions"}],"predecessor-version":[{"id":13608,"href":"https:\/\/semmelweis.hu\/biokemia\/wp-json\/wp\/v2\/pages\/12152\/revisions\/13608"}],"up":[{"embeddable":true,"href":"https:\/\/semmelweis.hu\/biokemia\/wp-json\/wp\/v2\/pages\/11"}],"wp:attachment":[{"href":"https:\/\/semmelweis.hu\/biokemia\/wp-json\/wp\/v2\/media?parent=12152"}],"wp:term":[{"taxonomy":"category","embeddable":true,"href":"https:\/\/semmelweis.hu\/biokemia\/wp-json\/wp\/v2\/categories?post=12152"},{"taxonomy":"post_tag","embeddable":true,"href":"https:\/\/semmelweis.hu\/biokemia\/wp-json\/wp\/v2\/tags?post=12152"}],"curies":[{"name":"wp","href":"https:\/\/api.w.org\/{rel}","templated":true}]}}