{"id":12136,"date":"2019-08-30T15:34:22","date_gmt":"2019-08-30T13:34:22","guid":{"rendered":"http:\/\/semmelweis.hu\/biokemia\/?page_id=12136"},"modified":"2022-01-12T23:40:28","modified_gmt":"2022-01-12T22:40:28","slug":"biokemia-1-aok","status":"publish","type":"page","link":"https:\/\/semmelweis.hu\/biokemia\/oktatas\/biokemia-1-aok\/","title":{"rendered":"Biok\u00e9mia 1 &#8211; \u00c1OK"},"content":{"rendered":"<h4>Orvosi Biok\u00e9mia I.<\/h4>\n<ul>\n<li><strong>A t\u00e1rgy neve:<\/strong> Orvosi Biok\u00e9mia I.<\/li>\n<li><strong>Tant\u00e1rgy k\u00f3dja:<\/strong> AOKBMT794_1M<\/li>\n<li><strong>Kredit\u00e9rt\u00e9ke:<\/strong> 5<\/li>\n<li><strong>Teljes \u00f3rasz\u00e1m:<\/strong> 70. Ebb\u0151l el\u0151ad\u00e1s: 42. Gyakorlat: 28.<\/li>\n<li><strong>Tant\u00e1rgy t\u00edpusa:<\/strong> k\u00f6telez\u0151 az orvosk\u00e9pz\u00e9s 2. szemeszter\u00e9nek mintatanterve szerint<\/li>\n<li><strong>A tant\u00e1rgy el\u0151felt\u00e9tele:<\/strong> <a href=\"https:\/\/semmelweis.hu\/molekularis-biologia\/oktatas\/orvkem\/\">Orvosi K\u00e9mia<\/a><\/li>\n<li><strong>Tant\u00e1rgyfelel\u0151s neve:<\/strong> Dr. Csan\u00e1dy L\u00e1szl\u00f3, egyetemi tan\u00e1r<\/li>\n<\/ul>\n<h4>A tant\u00e1rgy oktat\u00e1s\u00e1nak c\u00e9lkit\u0171z\u00e9se, helye az orvosk\u00e9pz\u00e9s kurrikulum\u00e1ban<\/h4>\n<p style=\"text-align: justify\">A tant\u00e1rgy c\u00e9lja a biol\u00f3giai szempontb\u00f3l fontos molekul\u00e1k \u2013 aminosavak, sz\u00e9nhidr\u00e1tok, lipidek \u00e9s nukleotidok, valamint a feh\u00e9rj\u00e9k, enzimek, \u2013 szerkezete \u00e9s funkci\u00f3ja k\u00f6z\u00f6tti legfontosabb \u00f6sszef\u00fcgg\u00e9sek felt\u00e1r\u00e1sa, \u00e9s az emberi szervezetben v\u00e9gbemen\u0151 anyagcsere-folyamatok \u00e1tfog\u00f3 molekul\u00e1ris szint\u0171 le\u00edr\u00e1sa k\u00fcl\u00f6n\u00f6s tekintettel e folyamatok orvosi vonatkoz\u00e1saira. Az enzimol\u00f3giai modul ismerteti a biol\u00f3giai rendszerekben megval\u00f3sul\u00f3 k\u00e9miai folyamatok hat\u00e9konys\u00e1g\u00e1nak \u00e9s szab\u00e1lyozhat\u00f3s\u00e1g\u00e1nak az alapjait, k\u00fcl\u00f6n\u00f6s tekintettel az enzimkinetika \u00e1ltal\u00e1nos elveire, a metabolikus utak szerkezet\u00e9re \u00e9s szab\u00e1lyoz\u00e1s\u00e1ra. A bioenergetikai modul az energia- \u00e9s anyagk\u00f6rforg\u00e1s az emberi szervezetre jellemz\u0151 \u00f6sszef\u00fcgg\u00e9seivel foglalkozik, k\u00fcl\u00f6n\u00f6s tekintettel t\u00e1pl\u00e1lkoz\u00e1si vonatkoz\u00e1saira \u00e9s megalapozza az intermedier anyagcsere termodinamikai szeml\u00e9let\u00e9t. Az els\u0151 intermedier anyagcsere modul a sz\u00e9nhidr\u00e1t \u00e9s lipid anyagcsere azon f\u0151bb elemeit mutatja be, melyek ismerete elengedhetetlen az emberi szervezet fiziol\u00f3gi\u00e1s \u00e9s patol\u00f3gi\u00e1s m\u0171k\u00f6d\u00e9s\u00e9nek meg\u00e9rt\u00e9s\u00e9hez. A gyakorlatokon olyan biok\u00e9miai m\u00f3dszerek ker\u00fclnek alkalmaz\u00e1sra, amelyek lehet\u0151v\u00e9 teszik a metabolikus folyamatok k\u00eds\u00e9rleti megk\u00f6zel\u00edt\u00e9s\u00e9t. A szemin\u00e1riumokon a hallgat\u00f3k eset-orient\u00e1lt diszkusszi\u00f3 keret\u00e9ben alkalmazz\u00e1k az el\u0151ad\u00e1sokon elsaj\u00e1t\u00edtott elm\u00e9leti ismereteket, ezzel megalapozva a klinikai szitu\u00e1ci\u00f3k molekul\u00e1ris szint\u0171 \u00e9rtelmez\u00e9s\u00e9t.<\/p>\n<h4>A t\u00e1rgy sikeres elv\u00e9gz\u00e9se milyen kompetenci\u00e1k megszerz\u00e9s\u00e9t eredm\u00e9nyezi?<\/h4>\n<p style=\"text-align: justify\">Az orvosi szempontb\u00f3l kit\u00fcntetetten fontos biol\u00f3giai molekul\u00e1k szerkezet\u00e9nek, k\u00f6lcs\u00f6nhat\u00e1sainak \u00e9s reakci\u00f3inak ismerete, \u00e9s a szervek k\u00f6z\u00f6tti k\u00f6lcs\u00f6nhat\u00e1sok, az emberi szervezet magasabb szint\u0171 integr\u00e1lt szab\u00e1lyoz\u00f3 funkci\u00f3inak ismerete, amely ismeretek elengedhetetlenek a fiziol\u00f3gi\u00e1s \u00e9s patol\u00f3gi\u00e1s folyamatok meg\u00e9rt\u00e9s\u00e9hez, \u00e9s ennek folyom\u00e1nyak\u00e9nt a megalapozott orvosi d\u00f6nt\u00e9sek meghozatal\u00e1hoz.<\/p>\n<h4>A tananyag elsaj\u00e1t\u00edt\u00e1s\u00e1hoz felhaszn\u00e1lhat\u00f3 forr\u00e1sok<\/h4>\n<ul>\n<li><em>Orvosi Biok\u00e9mia<\/em>. Egyetemi tank\u00f6nyv, szerkesztette: \u00c1d\u00e1m Veronika. Semmelweis Kiad\u00f3, 2016.<\/li>\n<li>Az aktu\u00e1lis tan\u00e9v anyagai Moodle e-learning rendszeren kereszt\u00fcl \u00e9rhet\u0151ek el az al\u00e1bbi linkre kattintva: <a href=\"https:\/\/itc.semmelweis.hu\/moodle\/\">https:\/\/itc.semmelweis.hu\/moodle\/<\/a><\/li>\n<\/ul>\n","protected":false},"excerpt":{"rendered":"<p>Orvosi Biok\u00e9mia I. A t\u00e1rgy neve: Orvosi Biok\u00e9mia I. Tant\u00e1rgy k\u00f3dja: AOKBMT794_1M Kredit\u00e9rt\u00e9ke: 5 Teljes \u00f3rasz\u00e1m: 70. Ebb\u0151l el\u0151ad\u00e1s: 42. Gyakorlat: 28. Tant\u00e1rgy t\u00edpusa: k\u00f6telez\u0151 az orvosk\u00e9pz\u00e9s 2. szemeszter\u00e9nek mintatanterve szerint A tant\u00e1rgy el\u0151felt\u00e9tele: <a href=\"https:\/\/semmelweis.hu\/molekularis-biologia\/oktatas\/orvkem\/\">Orvosi K\u00e9mia<\/a> Tant\u00e1rgyfelel\u0151s neve: Dr. Csan\u00e1dy L\u00e1szl\u00f3, egyetemi tan\u00e1r A tant\u00e1rgy oktat\u00e1s\u00e1nak c\u00e9lkit\u0171z\u00e9se, helye az orvosk\u00e9pz\u00e9s kurrikulum\u00e1ban A tant\u00e1rgy c\u00e9lja a biol\u00f3giai szempontb\u00f3l &hellip;<\/p>\n","protected":false},"author":101604,"featured_media":0,"parent":11,"menu_order":2,"comment_status":"closed","ping_status":"closed","template":"","meta":{"_acf_changed":false,"footnotes":""},"categories":[],"tags":[],"class_list":["post-12136","page","type-page","status-publish","hentry"],"acf":[],"_links":{"self":[{"href":"https:\/\/semmelweis.hu\/biokemia\/wp-json\/wp\/v2\/pages\/12136","targetHints":{"allow":["GET"]}}],"collection":[{"href":"https:\/\/semmelweis.hu\/biokemia\/wp-json\/wp\/v2\/pages"}],"about":[{"href":"https:\/\/semmelweis.hu\/biokemia\/wp-json\/wp\/v2\/types\/page"}],"author":[{"embeddable":true,"href":"https:\/\/semmelweis.hu\/biokemia\/wp-json\/wp\/v2\/users\/101604"}],"replies":[{"embeddable":true,"href":"https:\/\/semmelweis.hu\/biokemia\/wp-json\/wp\/v2\/comments?post=12136"}],"version-history":[{"count":10,"href":"https:\/\/semmelweis.hu\/biokemia\/wp-json\/wp\/v2\/pages\/12136\/revisions"}],"predecessor-version":[{"id":13728,"href":"https:\/\/semmelweis.hu\/biokemia\/wp-json\/wp\/v2\/pages\/12136\/revisions\/13728"}],"up":[{"embeddable":true,"href":"https:\/\/semmelweis.hu\/biokemia\/wp-json\/wp\/v2\/pages\/11"}],"wp:attachment":[{"href":"https:\/\/semmelweis.hu\/biokemia\/wp-json\/wp\/v2\/media?parent=12136"}],"wp:term":[{"taxonomy":"category","embeddable":true,"href":"https:\/\/semmelweis.hu\/biokemia\/wp-json\/wp\/v2\/categories?post=12136"},{"taxonomy":"post_tag","embeddable":true,"href":"https:\/\/semmelweis.hu\/biokemia\/wp-json\/wp\/v2\/tags?post=12136"}],"curies":[{"name":"wp","href":"https:\/\/api.w.org\/{rel}","templated":true}]}}