{"id":11,"date":"2012-06-22T08:52:10","date_gmt":"2012-06-22T08:52:10","guid":{"rendered":"http:\/\/semmelweis-egyetem.hu\/biokemia\/?page_id=11"},"modified":"2025-07-02T16:46:27","modified_gmt":"2025-07-02T14:46:27","slug":"oktatas","status":"publish","type":"page","link":"https:\/\/semmelweis.hu\/biokemia\/oktatas\/","title":{"rendered":"Oktat\u00e1s | \u00c1tjelentkez\u00e9s"},"content":{"rendered":"<h3>\u00c1tjelentkez\u0151knek<\/h3>\n<p>K\u00e9rj\u00fck, hogy a magyar nyelv\u0171 Orvosi biok\u00e9mia I, Orvosi biok\u00e9mia II, Fogorvosi biok\u00e9mia I, Fogorvosi biok\u00e9mia II. t\u00e1rgyakra vonatkoz\u00f3an, illetve egy\u00e9b, \u00e1tjelentkez\u00e9ssel kapcsolatos \u00fcgyben a k\u00f6vetkez\u0151 c\u00edmre k\u00fcldjenek e-mailt: <a href=\"mailto:torocsik.beata@semmelweis.hu\">torocsik.beata@semmelweis.hu <\/a><\/p>\n<p>A hat\u00e1rid\u0151 (2025. j\u00falius 15.) ut\u00e1n be\u00e9rkezett k\u00e9r\u00e9seket 2025. augusztus 15. ut\u00e1n fogjuk elb\u00edr\u00e1lni. Tov\u00e1bbi r\u00e9szleteket az e-mailben csatoland\u00f3 anyagokr\u00f3l Semmelweis Egyetem honlapj\u00e1n tal\u00e1lnak a k\u00f6vetkez\u0151 linken: <a href=\"https:\/\/semmelweis.hu\/aok\/oktatas\/atvetellel-kapcsolatos-informaciok\/\">https:\/\/semmelweis.hu\/aok\/oktatas\/atvetellel-kapcsolatos-informaciok\/<\/a><\/p>\n<p>&nbsp;<\/p>\n<h3>\u00c1ltal\u00e1nos inform\u00e1ci\u00f3k hallgat\u00f3knak<\/h3>\n<p style=\"text-align: justify\">A hallgat\u00f3k felk\u00e9sz\u00fcl\u00e9s\u00e9t a tansz\u00e9k ezzel a <a href=\"https:\/\/semmelweis.hu\/biokemia\">https:\/\/semmelweis.hu\/biokemia<\/a> honlappal, valamint a Moodle e-learning rendszerrel <a href=\"https:\/\/itc.semmelweis.hu\/moodle\">https:\/\/itc.semmelweis.hu\/moodle<\/a> seg\u00edti. A k\u00f6zz\u00e9tett gyakorlati \u00e9s konzult\u00e1ci\u00f3s oktat\u00e1si anyagokat a tansz\u00e9k munkat\u00e1rsai f\u00e9l\u00e9vente friss\u00edtik. Ezek a honlapok a f\u0151 kommunik\u00e1ci\u00f3s csatorn\u00e1k, amelyeken kereszt\u00fcl a hallgat\u00f3k hozz\u00e1jutnak naprak\u00e9sz tanulm\u00e1nyi inform\u00e1ci\u00f3khoz.<\/p>\n<p style=\"text-align: justify\">A Biok\u00e9miai Tansz\u00e9k a gradu\u00e1lis k\u00e9pz\u00e9s keret\u00e9ben f\u00e9l\u00e9vente \u00e1tlagban 720 I. \u00e9s II. \u00e9ves \u00c1OK-n tanul\u00f3 hallgat\u00f3t oktat magyar \u00e9s angol nyelven az Orvosi K\u00e9mia valamint Orvosi Biok\u00e9mia, Molekul\u00e1ris \u00e9s Sejtbiol\u00f3gia tant\u00e1rgyakra. Tov\u00e1bbi 300 hallgat\u00f3t oktat az angol nyelv\u0171 fogorvos-, a magyar \u00e9s angol nyelv\u0171 gy\u00f3gyszer\u00e9sz- valamint a bionika-k\u00e9pz\u00e9s keret\u00e9ben biok\u00e9mia ter\u00fclet\u00e9n. A tansz\u00e9k munkat\u00e1rsai heti \u00e1tlagban 180 \u00f3ra gyakorlatot \u00e9s 20 \u00f3ra el\u0151ad\u00e1st tartanak.<\/p>\n","protected":false},"excerpt":{"rendered":"<p>\u00c1tjelentkez\u0151knek K\u00e9rj\u00fck, hogy a magyar nyelv\u0171 Orvosi biok\u00e9mia I, Orvosi biok\u00e9mia II, Fogorvosi biok\u00e9mia I, Fogorvosi biok\u00e9mia II. t\u00e1rgyakra vonatkoz\u00f3an, illetve egy\u00e9b, \u00e1tjelentkez\u00e9ssel kapcsolatos \u00fcgyben a k\u00f6vetkez\u0151 c\u00edmre k\u00fcldjenek e-mailt: <a href=\"mailto:torocsik.beata@semmelweis.hu\">torocsik.beata@semmelweis.hu <\/a> A hat\u00e1rid\u0151 (2025. j\u00falius 15.) ut\u00e1n be\u00e9rkezett k\u00e9r\u00e9seket 2025. augusztus 15. ut\u00e1n fogjuk elb\u00edr\u00e1lni. Tov\u00e1bbi r\u00e9szleteket az e-mailben csatoland\u00f3 anyagokr\u00f3l Semmelweis Egyetem honlapj\u00e1n tal\u00e1lnak a &hellip;<\/p>\n","protected":false},"author":8,"featured_media":0,"parent":0,"menu_order":1,"comment_status":"closed","ping_status":"closed","template":"","meta":{"_acf_changed":false,"footnotes":""},"categories":[],"tags":[],"class_list":["post-11","page","type-page","status-publish","hentry"],"acf":[],"_links":{"self":[{"href":"https:\/\/semmelweis.hu\/biokemia\/wp-json\/wp\/v2\/pages\/11","targetHints":{"allow":["GET"]}}],"collection":[{"href":"https:\/\/semmelweis.hu\/biokemia\/wp-json\/wp\/v2\/pages"}],"about":[{"href":"https:\/\/semmelweis.hu\/biokemia\/wp-json\/wp\/v2\/types\/page"}],"author":[{"embeddable":true,"href":"https:\/\/semmelweis.hu\/biokemia\/wp-json\/wp\/v2\/users\/8"}],"replies":[{"embeddable":true,"href":"https:\/\/semmelweis.hu\/biokemia\/wp-json\/wp\/v2\/comments?post=11"}],"version-history":[{"count":11,"href":"https:\/\/semmelweis.hu\/biokemia\/wp-json\/wp\/v2\/pages\/11\/revisions"}],"predecessor-version":[{"id":14004,"href":"https:\/\/semmelweis.hu\/biokemia\/wp-json\/wp\/v2\/pages\/11\/revisions\/14004"}],"wp:attachment":[{"href":"https:\/\/semmelweis.hu\/biokemia\/wp-json\/wp\/v2\/media?parent=11"}],"wp:term":[{"taxonomy":"category","embeddable":true,"href":"https:\/\/semmelweis.hu\/biokemia\/wp-json\/wp\/v2\/categories?post=11"},{"taxonomy":"post_tag","embeddable":true,"href":"https:\/\/semmelweis.hu\/biokemia\/wp-json\/wp\/v2\/tags?post=11"}],"curies":[{"name":"wp","href":"https:\/\/api.w.org\/{rel}","templated":true}]}}