{"id":10,"date":"2012-06-22T08:50:26","date_gmt":"2012-06-22T08:50:26","guid":{"rendered":"http:\/\/semmelweis-egyetem.hu\/biokemia\/?page_id=10"},"modified":"2026-02-02T14:57:55","modified_gmt":"2026-02-02T13:57:55","slug":"rolunk","status":"publish","type":"page","link":"https:\/\/semmelweis.hu\/biokemia\/rolunk\/","title":{"rendered":"Tansz\u00e9k\u00fcnkr\u0151l"},"content":{"rendered":"<p style=\"text-align: justify\">Tansz\u00e9k\u00fcnket 1871-ben \u00c9let- \u00e9s K\u00f3rvegytani Int\u00e9zet n\u00e9ven alap\u00edtott\u00e1k, amelyet 1945-ben Szent-Gy\u00f6rgyi Albert szervezett \u00fajj\u00e1 Biok\u00e9miai Int\u00e9zetk\u00e9nt. A biok\u00e9mia az \u00e9l\u0151 szervezetekben zajl\u00f3 eg\u00e9szs\u00e9ges \u00e9s k\u00f3ros folyamatok molekul\u00e1ris mechanizmusaival foglalkoz\u00f3 tudom\u00e1ny. A tansz\u00e9k a kutat\u00f3munka mellett meghat\u00e1roz\u00f3 feladatokat l\u00e1t el a magyar orvosk\u00e9pz\u00e9sben.<\/p>\n<p style=\"text-align: justify\">A magyar nyelven foly\u00f3 oktat\u00e1s mellett a tansz\u00e9k oktat\u00f3i r\u00e9szt vesznek az angol \u00e9s n\u00e9met nyelv\u0171 orvos-, fogorvos- \u00e9s gy\u00f3gyszer\u00e9szk\u00e9pz\u00e9sben. Tansz\u00e9k\u00fcnk a Semmelweis Egyetem modern Elm\u00e9leti Orvostudom\u00e1nyi K\u00f6zpontj\u00e1ban m\u0171k\u00f6dik.<\/p>\n<p style=\"text-align: justify\">K\u00f6sz\u00f6n\u00f6m, hogy ell\u00e1togatott a honlapra, kellemes t\u00e1j\u00e9koz\u00f3d\u00e1st k\u00edv\u00e1n,<\/p>\n<p><em>dr. Csan\u00e1dy L\u00e1szl\u00f3<\/em> egyetemi tan\u00e1r, tansz\u00e9kvezet\u0151<\/p>\n","protected":false},"excerpt":{"rendered":"<p>Tansz\u00e9k\u00fcnket 1871-ben \u00c9let- \u00e9s K\u00f3rvegytani Int\u00e9zet n\u00e9ven alap\u00edtott\u00e1k, amelyet 1945-ben Szent-Gy\u00f6rgyi Albert szervezett \u00fajj\u00e1 Biok\u00e9miai Int\u00e9zetk\u00e9nt. A biok\u00e9mia az \u00e9l\u0151 szervezetekben zajl\u00f3 eg\u00e9szs\u00e9ges \u00e9s k\u00f3ros folyamatok molekul\u00e1ris mechanizmusaival foglalkoz\u00f3 tudom\u00e1ny. A tansz\u00e9k a kutat\u00f3munka mellett meghat\u00e1roz\u00f3 feladatokat l\u00e1t el a magyar orvosk\u00e9pz\u00e9sben. A magyar nyelven foly\u00f3 oktat\u00e1s mellett a tansz\u00e9k oktat\u00f3i r\u00e9szt vesznek az angol &hellip;<\/p>\n","protected":false},"author":8,"featured_media":13792,"parent":0,"menu_order":0,"comment_status":"closed","ping_status":"closed","template":"","meta":{"_acf_changed":false,"footnotes":""},"categories":[],"tags":[],"class_list":["post-10","page","type-page","status-publish","has-post-thumbnail","hentry"],"acf":[],"_links":{"self":[{"href":"https:\/\/semmelweis.hu\/biokemia\/wp-json\/wp\/v2\/pages\/10","targetHints":{"allow":["GET"]}}],"collection":[{"href":"https:\/\/semmelweis.hu\/biokemia\/wp-json\/wp\/v2\/pages"}],"about":[{"href":"https:\/\/semmelweis.hu\/biokemia\/wp-json\/wp\/v2\/types\/page"}],"author":[{"embeddable":true,"href":"https:\/\/semmelweis.hu\/biokemia\/wp-json\/wp\/v2\/users\/8"}],"replies":[{"embeddable":true,"href":"https:\/\/semmelweis.hu\/biokemia\/wp-json\/wp\/v2\/comments?post=10"}],"version-history":[{"count":11,"href":"https:\/\/semmelweis.hu\/biokemia\/wp-json\/wp\/v2\/pages\/10\/revisions"}],"predecessor-version":[{"id":14132,"href":"https:\/\/semmelweis.hu\/biokemia\/wp-json\/wp\/v2\/pages\/10\/revisions\/14132"}],"wp:featuredmedia":[{"embeddable":true,"href":"https:\/\/semmelweis.hu\/biokemia\/wp-json\/wp\/v2\/media\/13792"}],"wp:attachment":[{"href":"https:\/\/semmelweis.hu\/biokemia\/wp-json\/wp\/v2\/media?parent=10"}],"wp:term":[{"taxonomy":"category","embeddable":true,"href":"https:\/\/semmelweis.hu\/biokemia\/wp-json\/wp\/v2\/categories?post=10"},{"taxonomy":"post_tag","embeddable":true,"href":"https:\/\/semmelweis.hu\/biokemia\/wp-json\/wp\/v2\/tags?post=10"}],"curies":[{"name":"wp","href":"https:\/\/api.w.org\/{rel}","templated":true}]}}