{"id":9956,"date":"2023-11-30T13:49:49","date_gmt":"2023-11-30T12:49:49","guid":{"rendered":"https:\/\/semmelweis.hu\/bioinformatika\/?page_id=9956"},"modified":"2024-09-13T14:00:10","modified_gmt":"2024-09-13T12:00:10","slug":"bende-zsanett","status":"publish","type":"page","link":"https:\/\/semmelweis.hu\/bioinformatika\/tanszekunk-bemutatasa\/phd-hallgatok\/bende-zsanett\/","title":{"rendered":"Bende Zsanett"},"content":{"rendered":"<div dir=\"ltr\">\n<p><strong><img loading=\"lazy\" decoding=\"async\" class=\"size-medium wp-image-9957 alignleft\" src=\"https:\/\/semmelweis.hu\/bioinformatika\/files\/2023\/11\/Bende-Zsanett_270_405-267x400.png\" alt=\"\" width=\"267\" height=\"400\" srcset=\"https:\/\/semmelweis.hu\/bioinformatika\/files\/2023\/11\/Bende-Zsanett_270_405-267x400.png 267w, https:\/\/semmelweis.hu\/bioinformatika\/files\/2023\/11\/Bende-Zsanett_270_405.png 270w\" sizes=\"auto, (max-width: 267px) 100vw, 267px\" \/>N\u00e9v: Bende Zsanett<\/strong><\/p>\n<p><strong>T\u00e9ma:<\/strong> Predikt\u00edv biomarkerek az onkol\u00f3gi\u00e1ban<\/p>\n<p><strong>T\u00e9mavezet\u0151<\/strong>: Dr. Fekete J\u00e1nos<\/p>\n<p><strong>Kutat\u00e1si t\u00e9ma r\u00f6vid \u00f6sszefoglal\u00e1sa:<\/strong> Munk\u00e1m sor\u00e1n g\u00e9nexpresszi\u00f3 alap\u00fa adatok bioinformatikai elemz\u00e9s\u00e9vel \u00e9s predikt\u00edv biomarkerek azonos\u00edt\u00e1s\u00e1val foglalkozom vastagb\u00e9lr\u00e1kos\u00a0betegekn\u00e9l.\u00a0Kutat\u00e1som c\u00e9lja, hogy molekul\u00e1ris mint\u00e1zatok azonos\u00edt\u00e1s\u00e1val hozz\u00e1j\u00e1ruljak a szem\u00e9lyre szabott ter\u00e1pi\u00e1s megk\u00f6zel\u00edt\u00e9sek fejleszt\u00e9s\u00e9hez, melyek jav\u00edthatj\u00e1k a betegek t\u00fal\u00e9l\u00e9si es\u00e9lyeit \u00e9s \u00e9letmin\u0151s\u00e9g\u00e9t.<\/p>\n<p>&nbsp;<\/p>\n<\/div>\n","protected":false},"excerpt":{"rendered":"<p>N\u00e9v: Bende Zsanett<br \/>\nT\u00e9ma: Predikt\u00edv biomarkerek az onkol\u00f3gi\u00e1ban<br \/>\nT\u00e9mavezet\u0151: Dr. Fekete J\u00e1nos<br \/>\nKutat\u00e1si t\u00e9ma r\u00f6vid \u00f6sszefoglal\u00e1sa: Munk\u00e1m sor\u00e1n g\u00e9nexpresszi\u00f3 alap\u00fa adatok bioinformatikai elemz\u00e9s\u00e9vel \u00e9s predikt\u00edv biomarkerek azonos\u00edt\u00e1s\u00e1val foglalkozom vastagb\u00e9lr\u00e1kos\u00a0betegekn\u00e9l.\u00a0Kutat\u00e1som c\u00e9lja, hogy molekul\u00e1ris mint\u00e1zatok azonos\u00edt\u00e1s\u00e1val hozz\u00e1j\u00e1ruljak a szem\u00e9lyre szabott ter\u00e1pi\u00e1s megk\u00f6zel\u00edt\u00e9sek fejleszt\u00e9s\u00e9hez, melyek jav\u00edthatj\u00e1k a betegek t\u00fal\u00e9l\u00e9si es\u00e9lyeit \u00e9s \u00e9letmin\u0151s\u00e9g\u00e9t.<br \/>\n&nbsp;<\/p>\n","protected":false},"author":102018,"featured_media":0,"parent":8727,"menu_order":0,"comment_status":"closed","ping_status":"closed","template":"","meta":{"_acf_changed":false,"footnotes":""},"categories":[],"tags":[],"class_list":["post-9956","page","type-page","status-publish","hentry"],"acf":[],"_links":{"self":[{"href":"https:\/\/semmelweis.hu\/bioinformatika\/wp-json\/wp\/v2\/pages\/9956","targetHints":{"allow":["GET"]}}],"collection":[{"href":"https:\/\/semmelweis.hu\/bioinformatika\/wp-json\/wp\/v2\/pages"}],"about":[{"href":"https:\/\/semmelweis.hu\/bioinformatika\/wp-json\/wp\/v2\/types\/page"}],"author":[{"embeddable":true,"href":"https:\/\/semmelweis.hu\/bioinformatika\/wp-json\/wp\/v2\/users\/102018"}],"replies":[{"embeddable":true,"href":"https:\/\/semmelweis.hu\/bioinformatika\/wp-json\/wp\/v2\/comments?post=9956"}],"version-history":[{"count":6,"href":"https:\/\/semmelweis.hu\/bioinformatika\/wp-json\/wp\/v2\/pages\/9956\/revisions"}],"predecessor-version":[{"id":10484,"href":"https:\/\/semmelweis.hu\/bioinformatika\/wp-json\/wp\/v2\/pages\/9956\/revisions\/10484"}],"up":[{"embeddable":true,"href":"https:\/\/semmelweis.hu\/bioinformatika\/wp-json\/wp\/v2\/pages\/8727"}],"wp:attachment":[{"href":"https:\/\/semmelweis.hu\/bioinformatika\/wp-json\/wp\/v2\/media?parent=9956"}],"wp:term":[{"taxonomy":"category","embeddable":true,"href":"https:\/\/semmelweis.hu\/bioinformatika\/wp-json\/wp\/v2\/categories?post=9956"},{"taxonomy":"post_tag","embeddable":true,"href":"https:\/\/semmelweis.hu\/bioinformatika\/wp-json\/wp\/v2\/tags?post=9956"}],"curies":[{"name":"wp","href":"https:\/\/api.w.org\/{rel}","templated":true}]}}