{"id":9765,"date":"2023-10-24T15:04:48","date_gmt":"2023-10-24T13:04:48","guid":{"rendered":"https:\/\/semmelweis.hu\/bioinformatika\/?page_id=9765"},"modified":"2024-05-06T10:21:23","modified_gmt":"2024-05-06T08:21:23","slug":"dr-szallasi-zoltan","status":"publish","type":"page","link":"https:\/\/semmelweis.hu\/bioinformatika\/tanszekunk-bemutatasa\/oktato-kutatok\/dr-szallasi-zoltan\/","title":{"rendered":"Dr. Sz\u00e1ll\u00e1si Zolt\u00e1n"},"content":{"rendered":"<p><img loading=\"lazy\" decoding=\"async\" class=\" wp-image-8839 alignleft\" src=\"https:\/\/semmelweis.hu\/bioinformatika\/files\/2023\/02\/Szallasi_Zoltan-kep._230_354jpg.jpg\" alt=\"\" width=\"250\" height=\"380\" \/><\/p>\n<p><strong>N\u00e9v:<\/strong> Dr. Sz\u00e1ll\u00e1si Zolt\u00e1n<\/p>\n<p><strong>T\u00e9ma:<\/strong> a r\u00e1k molekul\u00e1ris farmakol\u00f3gi\u00e1ja \u00e9s omikai elemz\u00e9se<\/p>\n<p><strong>Beoszt\u00e1s:\u00a0<\/strong>kutat\u00e1si szak\u00e9rt\u0151<\/p>\n<p><strong>Bemutatkoz\u00e1s:<\/strong><\/p>\n<p>Dr. Sz\u00e1ll\u00e1si Zolt\u00e1n 1988-ban szerzett orvosi diplom\u00e1t a Debreceni Orvostudom\u00e1nyi Egyetemen. A r\u00e1k molekul\u00e1ris farmakol\u00f3gi\u00e1j\u00e1val kapcsolatos posztdoktori kutat\u00e1sokat v\u00e9gzett az USA Nemzeti R\u00e1kkutat\u00f3 Int\u00e9zetben. Oktat\u00f3k\u00e9nt el\u0151sz\u00f6r az Uniformed Services University of Health Sciences, k\u00e9s\u0151bb pedig a Boston Children&#8217;s Hospital \u00e9s a Harvard Medical School munkat\u00e1rsak\u00e9nt az eml\u0151r\u00e1k nagy genomikai-szint\u0171 elemz\u00e9s\u00e9vel foglalkozot. T\u00f6bb mint 250 lektor\u00e1lt tudom\u00e1nyos cikket publik\u00e1lt, f\u0151k\u00e9nt a r\u00e1k molekul\u00e1ris farmakol\u00f3gi\u00e1j\u00e1r\u00f3l \u00e9s az omikai elemz\u00e9s\u00e9r\u0151l.<\/p>\n<p>Az aktu\u00e1lis kutat\u00e1saik sor\u00e1n Dr. Sz\u00e1ll\u00e1si \u00e9s koll\u00e9g\u00e1i azt vizsg\u00e1lj\u00e1k, hogy egy adott DNS-jav\u00edt\u00e1si \u00fatvonal hi\u00e1nya fenn\u00e1ll-e a vil\u00e1gos sejtes vesesejtes carcinoma (ccRCC) eset\u00e9nek egy alcsoportj\u00e1ban, ami \u00e9rz\u00e9kenny\u00e9 teheti \u0151ket a c\u00e9lzott ter\u00e1pi\u00e1ra. Az eddigi, DNS-jav\u00edt\u00e1si hi\u00e1nyok kihaszn\u00e1l\u00e1s\u00e1n alapul\u00f3 kezel\u00e9sek nem voltak hat\u00e9konyak a ccRCC eset\u00e9ben. A tanulm\u00e1nyaik a nukleotid-excizi\u00f3s jav\u00edt\u00e1s (NER) hi\u00e1ny\u00e1ra \u00f6sszpontos\u00edtanak, amely bizonyos kezel\u00e9sek eset\u00e9ben \u00e9rz\u00e9kenny\u00e9 tehetik a r\u00e1kos sejteket. Teszteket v\u00e9geznek a NER-hi\u00e1ny m\u00e9r\u00e9s\u00e9re ccRCC sejtvonalakban, \u00e9s \u00e9rz\u00e9kenys\u00e9g\u00fcket vizsg\u00e1lj\u00e1k egy adott gy\u00f3gyszerre, amely alkalmazhat\u00f3 a NER-hi\u00e1nyos sejtek c\u00e9lz\u00e1s\u00e1ra. Tov\u00e1bb\u00e1 a val\u00f3s betegmint\u00e1kban is keresik a NER-hi\u00e1nyt a genetikai adatok elemz\u00e9s\u00e9vel.<\/p>\n<p>Az el\u0151zetes eredm\u00e9nyek azt mutatj\u00e1k, hogy n\u00e9h\u00e1ny sejtvonal hi\u00e1nyzik a NER-b\u0151l \u00e9s \u00e9rz\u00e9keny a c\u00e9lzott kezel\u00e9sre, r\u00e1ad\u00e1sul a betegek sz\u00e1m\u00e1ra biztons\u00e1gos adagokban. Nemr\u00e9g azonos\u00edtottak egy Prostaglandin Reductase 1 (PTGR1) nev\u0171 g\u00e9nt, amely kapcsol\u00f3dik ehhez az \u00e9rz\u00e9kenys\u00e9ghez. A genetikai elemz\u00e9s mut\u00e1ci\u00f3s jeleket mutatott a NER-hi\u00e1nyhoz mind a sejtvonalakban, mind a p\u00e1ciensek mint\u00e1iban, ahol egy alcsoport magas PTGR1 kifejez\u0151d\u00e9st mutatott.<\/p>\n","protected":false},"excerpt":{"rendered":"<p>N\u00e9v: Dr. Sz\u00e1ll\u00e1si Zolt\u00e1n T\u00e9ma: a r\u00e1k molekul\u00e1ris farmakol\u00f3gi\u00e1ja \u00e9s omikai elemz\u00e9se Beoszt\u00e1s:\u00a0kutat\u00e1si szak\u00e9rt\u0151 Bemutatkoz\u00e1s: Dr. Sz\u00e1ll\u00e1si Zolt\u00e1n 1988-ban szerzett orvosi diplom\u00e1t a Debreceni Orvostudom\u00e1nyi Egyetemen. A r\u00e1k molekul\u00e1ris farmakol\u00f3gi\u00e1j\u00e1val kapcsolatos posztdoktori kutat\u00e1sokat v\u00e9gzett az USA Nemzeti R\u00e1kkutat\u00f3 Int\u00e9zetben. Oktat\u00f3k\u00e9nt el\u0151sz\u00f6r az Uniformed Services University of Health Sciences, k\u00e9s\u0151bb pedig a Boston Children&#8217;s Hospital \u00e9s &hellip;<\/p>\n","protected":false},"author":102018,"featured_media":0,"parent":9740,"menu_order":6,"comment_status":"closed","ping_status":"closed","template":"","meta":{"_acf_changed":false,"footnotes":""},"categories":[],"tags":[],"class_list":["post-9765","page","type-page","status-publish","hentry"],"acf":[],"_links":{"self":[{"href":"https:\/\/semmelweis.hu\/bioinformatika\/wp-json\/wp\/v2\/pages\/9765","targetHints":{"allow":["GET"]}}],"collection":[{"href":"https:\/\/semmelweis.hu\/bioinformatika\/wp-json\/wp\/v2\/pages"}],"about":[{"href":"https:\/\/semmelweis.hu\/bioinformatika\/wp-json\/wp\/v2\/types\/page"}],"author":[{"embeddable":true,"href":"https:\/\/semmelweis.hu\/bioinformatika\/wp-json\/wp\/v2\/users\/102018"}],"replies":[{"embeddable":true,"href":"https:\/\/semmelweis.hu\/bioinformatika\/wp-json\/wp\/v2\/comments?post=9765"}],"version-history":[{"count":6,"href":"https:\/\/semmelweis.hu\/bioinformatika\/wp-json\/wp\/v2\/pages\/9765\/revisions"}],"predecessor-version":[{"id":10303,"href":"https:\/\/semmelweis.hu\/bioinformatika\/wp-json\/wp\/v2\/pages\/9765\/revisions\/10303"}],"up":[{"embeddable":true,"href":"https:\/\/semmelweis.hu\/bioinformatika\/wp-json\/wp\/v2\/pages\/9740"}],"wp:attachment":[{"href":"https:\/\/semmelweis.hu\/bioinformatika\/wp-json\/wp\/v2\/media?parent=9765"}],"wp:term":[{"taxonomy":"category","embeddable":true,"href":"https:\/\/semmelweis.hu\/bioinformatika\/wp-json\/wp\/v2\/categories?post=9765"},{"taxonomy":"post_tag","embeddable":true,"href":"https:\/\/semmelweis.hu\/bioinformatika\/wp-json\/wp\/v2\/tags?post=9765"}],"curies":[{"name":"wp","href":"https:\/\/api.w.org\/{rel}","templated":true}]}}