{"id":9746,"date":"2023-10-24T14:46:21","date_gmt":"2023-10-24T12:46:21","guid":{"rendered":"https:\/\/semmelweis.hu\/bioinformatika\/?page_id=9746"},"modified":"2025-01-09T11:47:16","modified_gmt":"2025-01-09T10:47:16","slug":"dr-menyhart-otilia-phd","status":"publish","type":"page","link":"https:\/\/semmelweis.hu\/bioinformatika\/tanszekunk-bemutatasa\/oktato-kutatok\/dr-menyhart-otilia-phd\/","title":{"rendered":"Dr. Menyhart Ot\u00edlia"},"content":{"rendered":"<p><img loading=\"lazy\" decoding=\"async\" class=\"wp-image-6535  alignleft\" src=\"https:\/\/semmelweis.hu\/bioinformatika\/files\/2020\/01\/oti-e1580824333921.jpg\" alt=\"\" width=\"286\" height=\"398\" \/><strong>N\u00e9v:<\/strong> Dr. Menyhart Ot\u00edlia<\/p>\n<p><strong>T\u00e9ma:<\/strong> A rosszindulat\u00fa daganatos megbeteged\u00e9sek elv\u00e1ltoz\u00e1sainak bioinformatikai elemz\u00e9se szem\u00e9lyre szabott ter\u00e1pi\u00e1s megk\u00f6zel\u00edt\u00e9sek azonos\u00edt\u00e1s\u00e1ra<\/p>\n<p><strong>B<\/strong><strong>eoszt\u00e1s:<\/strong>egyetemi adjunktus (r\u00e9szmunkaid\u0151s)<\/p>\n<p><strong>Bemutatkoz\u00e1s:<\/strong><\/p>\n<p>Az \u00c1llatorvostudom\u00e1nyi Egyetem zool\u00f3gia szakir\u00e1ny\u00e1n szereztem 2005-ben egyetemi diplom\u00e1t, ezt k\u00f6vet\u0151en az Egyes\u00fclt \u00c1llamokban a Cornell University-n szereztem doktori fokozatot. Berlinben v\u00e9gzett posztdoktori kutat\u00e1s ut\u00e1n 2014 febru\u00e1rj\u00e1ban csatlakoztam Prof. Dr. Gy\u0151rffy Bal\u00e1zs kutat\u00f3csoportj\u00e1hoz a Semmelweis Egyetemen, ahol munk\u00e1m a rosszindulat\u00fa daganatos megbeteged\u00e9sek h\u00e1tter\u00e9ben \u00e1ll\u00f3 genetikai elv\u00e1ltoz\u00e1sok bioinformatikai elemz\u00e9s\u00e9re \u00e9s <em>in vitro<\/em> valid\u00e1ci\u00f3j\u00e1ra terjed ki.<\/p>\n<p><strong>Kutat\u00e1si t\u00e9ma \u00f6sszefoglal\u00e1sa: <\/strong>Kutat\u00e1saim a daganatos megbeteged\u00e9sek biol\u00f3gi\u00e1j\u00e1nak sz\u00e9les k\u00f6r\u00e9t \u00f6lelik fel, bele\u00e9rtve a progn\u00f3zissal, a diagn\u00f3zissal kapcsolatos genetikai markerek, valamint a ter\u00e1pi\u00e1s c\u00e9lpontokkal \u00e9s a kezel\u00e9ssel szembeni rezisztenci\u00e1val kapcsolatos g\u00e9nexpresszi\u00f3s mint\u00e1zatok felt\u00e1r\u00e1s\u00e1t. C\u00e9lom a kezel\u00e9si eredm\u00e9nyek jav\u00edt\u00e1sa \u00e9s a szem\u00e9lyre szabott ter\u00e1pi\u00e1s megk\u00f6zel\u00edt\u00e9sek fejleszt\u00e9se.<\/p>\n<p>Az onkol\u00f3giai k\u00e9rd\u00e9sek mellett statisztikai probl\u00e9m\u00e1k is foglalkoztatnak. A kutat\u00f3k szinte minden tudom\u00e1ny\u00e1gban szembes\u00fclnek azzal a probl\u00e9m\u00e1val, hogy egyszerre t\u00f6bb hipot\u00e9zist kell \u00e9rt\u00e9kelni\u00fck, ami azonban n\u00f6veli a hamis pozit\u00edv eredm\u00e9nyek ar\u00e1ny\u00e1t, ezzel elhom\u00e1lyos\u00edtva a val\u00f3di felfedez\u00e9seket. A t\u00f6bbsz\u00f6r\u00f6s tesztel\u00e9ses korrekci\u00f3k megk\u00f6nny\u00edt\u00e9s\u00e9re egy teljesen automatiz\u00e1lt megold\u00e1st fejlesztett\u00fcnk ki. A &#8222;MultipleTesting.com&#8221; eszk\u00f6z seg\u00edti az \u00e9lettudom\u00e1nyi kutat\u00f3kat a t\u00f6bbsz\u00f6r\u00f6s hipot\u00e9zis tesztel\u00e9s korrekci\u00f3j\u00e1ban, azonban nem ig\u00e9nyel programoz\u00e1si ismereteket. A webes eszk\u00f6z hi\u00e1nyp\u00f3tl\u00f3 az \u00e9lettudom\u00e1nyok kutat\u00f3i sz\u00e1m\u00e1ra, mivel felhaszn\u00e1l\u00f3bar\u00e1t m\u00f3don helyettes\u00edti a parancssori alternat\u00edv\u00e1kat.<\/p>\n<p><strong>Oktat\u00e1s:<\/strong> A Bioinformatika Tansz\u00e9ken bel\u00fcl a Klinikai bioinformatika tant\u00e1rgy magyar \u00e9s angol nyelv\u0171 oktat\u00e1s\u00e1ban, valamint az Adatok \u00e1br\u00e1zol\u00e1sa a bioinformatik\u00e1ban t\u00e1rgy oktat\u00e1s\u00e1ban v\u00e1llalok szerepet. Az oktat\u00e1s sor\u00e1n kifejezetten nagy hangs\u00falyt fektet\u00fcnk a mindennapi gyakorlatban el\u0151fordul\u00f3 bioinformatikai probl\u00e9m\u00e1k megold\u00e1s\u00e1ra, hogy megk\u00f6nny\u00edts\u00fck a klinikumban el\u0151fordul\u00f3 k\u00e9rd\u00e9sek megv\u00e1laszol\u00e1s\u00e1t. T\u00e9mavezet\u0151k\u00e9nt jelenleg h\u00e1rom szakdolgoz\u00f3t \u00e9s egy PhD hallgat\u00f3t foglalkoztatok.<\/p>\n","protected":false},"excerpt":{"rendered":"<p>N\u00e9v: Dr. Menyhart Ot\u00edlia T\u00e9ma: A rosszindulat\u00fa daganatos megbeteged\u00e9sek elv\u00e1ltoz\u00e1sainak bioinformatikai elemz\u00e9se szem\u00e9lyre szabott ter\u00e1pi\u00e1s megk\u00f6zel\u00edt\u00e9sek azonos\u00edt\u00e1s\u00e1ra Beoszt\u00e1s:egyetemi adjunktus (r\u00e9szmunkaid\u0151s) Bemutatkoz\u00e1s: Az \u00c1llatorvostudom\u00e1nyi Egyetem zool\u00f3gia szakir\u00e1ny\u00e1n szereztem 2005-ben egyetemi diplom\u00e1t, ezt k\u00f6vet\u0151en az Egyes\u00fclt \u00c1llamokban a Cornell University-n szereztem doktori fokozatot. Berlinben v\u00e9gzett posztdoktori kutat\u00e1s ut\u00e1n 2014 febru\u00e1rj\u00e1ban csatlakoztam Prof. Dr. Gy\u0151rffy Bal\u00e1zs kutat\u00f3csoportj\u00e1hoz a &hellip;<\/p>\n","protected":false},"author":102018,"featured_media":0,"parent":9740,"menu_order":1,"comment_status":"closed","ping_status":"closed","template":"","meta":{"_acf_changed":false,"footnotes":""},"categories":[],"tags":[],"class_list":["post-9746","page","type-page","status-publish","hentry"],"acf":[],"_links":{"self":[{"href":"https:\/\/semmelweis.hu\/bioinformatika\/wp-json\/wp\/v2\/pages\/9746","targetHints":{"allow":["GET"]}}],"collection":[{"href":"https:\/\/semmelweis.hu\/bioinformatika\/wp-json\/wp\/v2\/pages"}],"about":[{"href":"https:\/\/semmelweis.hu\/bioinformatika\/wp-json\/wp\/v2\/types\/page"}],"author":[{"embeddable":true,"href":"https:\/\/semmelweis.hu\/bioinformatika\/wp-json\/wp\/v2\/users\/102018"}],"replies":[{"embeddable":true,"href":"https:\/\/semmelweis.hu\/bioinformatika\/wp-json\/wp\/v2\/comments?post=9746"}],"version-history":[{"count":7,"href":"https:\/\/semmelweis.hu\/bioinformatika\/wp-json\/wp\/v2\/pages\/9746\/revisions"}],"predecessor-version":[{"id":10776,"href":"https:\/\/semmelweis.hu\/bioinformatika\/wp-json\/wp\/v2\/pages\/9746\/revisions\/10776"}],"up":[{"embeddable":true,"href":"https:\/\/semmelweis.hu\/bioinformatika\/wp-json\/wp\/v2\/pages\/9740"}],"wp:attachment":[{"href":"https:\/\/semmelweis.hu\/bioinformatika\/wp-json\/wp\/v2\/media?parent=9746"}],"wp:term":[{"taxonomy":"category","embeddable":true,"href":"https:\/\/semmelweis.hu\/bioinformatika\/wp-json\/wp\/v2\/categories?post=9746"},{"taxonomy":"post_tag","embeddable":true,"href":"https:\/\/semmelweis.hu\/bioinformatika\/wp-json\/wp\/v2\/tags?post=9746"}],"curies":[{"name":"wp","href":"https:\/\/api.w.org\/{rel}","templated":true}]}}