{"id":9743,"date":"2023-10-24T14:39:15","date_gmt":"2023-10-24T12:39:15","guid":{"rendered":"https:\/\/semmelweis.hu\/bioinformatika\/?page_id=9743"},"modified":"2023-11-13T10:18:29","modified_gmt":"2023-11-13T09:18:29","slug":"prof-dr-gyorffy-balazs","status":"publish","type":"page","link":"https:\/\/semmelweis.hu\/bioinformatika\/tanszekunk-bemutatasa\/oktato-kutatok\/prof-dr-gyorffy-balazs\/","title":{"rendered":"Prof. Dr. Gy\u0151rffy Bal\u00e1zs"},"content":{"rendered":"<p><strong><img loading=\"lazy\" decoding=\"async\" class=\"wp-image-9795 alignleft\" src=\"https:\/\/semmelweis.hu\/bioinformatika\/files\/2023\/10\/GYorffy-B_260_361.jpg\" alt=\"\" width=\"263\" height=\"365\" \/>N\u00e9v:<\/strong><a href=\"https:\/\/semmelweis.hu\/bioinformatika\/oktato-kutatok\/prof-dr-gyorffy-balazs\/\"> Prof. Dr. Gy\u0151rffy Bal\u00e1zs<\/a><\/p>\n<p><strong>Kutat\u00e1si t\u00e9m\u00e1k:<\/strong><\/p>\n<p><a href=\"https:\/\/semmelweis.hu\/bioinformatika\/kutatas\/phd\/multi-omikai-vizsgalatok-onkologiaban\/\">Multi-omikai vizsg\u00e1latok onkol\u00f3gi\u00e1ban<\/a><\/p>\n<p><a href=\"https:\/\/semmelweis.hu\/bioinformatika\/kutatas\/phd\/mono-es-multigenes-onkologiai-biomakerek\/\">Mono- \u00e9s multig\u00e9nes onkol\u00f3giai biomarkerek<\/a><\/p>\n<p><a href=\"https:\/\/semmelweis.hu\/bioinformatika\/kutatas\/phd\/ngs-kiertekeles-betegdiagnosztikahoz\/\">NGS ki\u00e9rt\u00e9kel\u00e9s betegdiagnosztik\u00e1hoz<\/a><\/p>\n<p><strong>Beoszt\u00e1s:<\/strong> tansz\u00e9kvezet\u0151, egyetemi tan\u00e1r<\/p>\n<p>&nbsp;<\/p>\n<p>&nbsp;<\/p>\n<p>Prof.Dr. Gy\u0151rffy Bal\u00e1zs 2020 \u00f3ta a Semmelweis Egyetem Bioinformatikai Tansz\u00e9k\u00e9nek tansz\u00e9kvezet\u0151je, 2017-ben habilit\u00e1lt a P\u00e1zm\u00e1ny P\u00e9ter Egyetemen, 2015-ben DSc fokozatot szerzett a Magyar Tudom\u00e1nyos Akad\u00e9mi\u00e1n, 2011-ben MSc fokozatot a Semmelweis Egyetemen eg\u00e9szs\u00e9g\u00fcgyi menedzsmentb\u0151l, 2005-ben PhD fokozatot a Semmelweis Egyetem Klinikai Doktori Iskol\u00e1j\u00e1ban, \u00e9s 2000-ben MD fokozatot szerzett a Semmelweis Egyetemen.<\/p>\n<p>Olyan rangos nemzetk\u00f6zi \u00f6szt\u00f6nd\u00edjakban r\u00e9szes\u00fclt, mint az Alexander von Humboldt-\u00f6szt\u00f6nd\u00edj a berlini Universit\u00e4tsmedizin Funkcion\u00e1lis Genomika Laborat\u00f3rium\u00e1ban (2010-2012), a HAESF Senior Leaders Fellowship a Harvard Egyetemen, (Boston, USA, 2008), \u00e9s Marie-Curie-\u00f6szt\u00f6nd\u00edj a berlini Charit\u00e9 Patol\u00f3giai Int\u00e9zet\u00e9ben (2002-2004). Emellett 1998-1999-ben a heidelbergi Ruprecht-Karls Egyetemen (N\u00e9metorsz\u00e1g) v\u00e9gzett egy \u00e9vet az alapk\u00e9pz\u00e9s sor\u00e1n.<\/p>\n<p>\u00a0A Web of Science (Clarivate, USA) 2022-ben \u00e9s 2023-ban kiemelked\u0151en hivatkozott kutat\u00f3nak (Highly Cited) nevezte, 2022-ben a Semmelweis Egyetem Kiv\u00e1l\u00f3 PhD-fel\u00fcgyel\u0151 d\u00edjjal t\u00fcntette ki. 2019-ben az Academia Europaea tagj\u00e1v\u00e1 v\u00e1lasztott\u00e1k, 2017-ben pedig Magyarorsz\u00e1g k\u00f6zt\u00e1rsas\u00e1gi eln\u00f6k\u00e9t\u0151l megkapta a Magyar \u00c9rdemrend Tisztikeresztj\u00e9t.<\/p>\n<p>A hasny\u00e1lmirigy-onkol\u00f3gia ir\u00e1nti elk\u00f6telezetts\u00e9g\u00e9t a Simor P\u00e1l Alap\u00edtv\u00e1ny Pro Optimo Merito in Pancreatico-Oncologia d\u00edjjal ismerte el 2013-ban. Emellett a biostatisztika ter\u00fclet\u00e9n szerzett szak\u00e9rtelm\u00e9t is elismert\u00e9k, amikor 2011-ben a Klinikai Biostatisztikai T\u00e1rsas\u00e1g az \u00e9v fiatal biostatisztikus\u00e1nak v\u00e1lasztotta.<\/p>\n<p>Akt\u00edvan r\u00e9szt vesz nemzetk\u00f6zi szervezetekben, \u00e9s az ELIXIR Hungary magyar csom\u00f3pont vezet\u0151jek\u00e9nt tev\u00e9kenykedik. Emellett el\u0151ad\u00f3k\u00e9nt k\u00f6zrem\u0171k\u00f6dik k\u00fcl\u00f6nb\u00f6z\u0151 t\u00e9m\u00e1kban, t\u00f6bbek k\u00f6z\u00f6tt bioinformatika, patol\u00f3gia, gyermekgy\u00f3gy\u00e1szat \u00e9s tumorprogresszi\u00f3 t\u00e9mak\u00f6r\u00f6kben. T\u00edz PhD- \u00e9s huszonkilenc MD\/MSc-dolgozat fel\u00fcgyelete mutatja a j\u00f6v\u0151 kutat\u00f3inak fejl\u0151d\u00e9se ir\u00e1nti elk\u00f6telezetts\u00e9g\u00e9t.<\/p>\n<p>&nbsp;<\/p>\n","protected":false},"excerpt":{"rendered":"<p>N\u00e9v: <a href=\"https:\/\/semmelweis.hu\/bioinformatika\/oktato-kutatok\/prof-dr-gyorffy-balazs\/\"> Prof. Dr. Gy\u0151rffy Bal\u00e1zs<\/a> Kutat\u00e1si t\u00e9m\u00e1k: <a href=\"https:\/\/semmelweis.hu\/bioinformatika\/kutatas\/phd\/multi-omikai-vizsgalatok-onkologiaban\/\">Multi-omikai vizsg\u00e1latok onkol\u00f3gi\u00e1ban<\/a> <a href=\"https:\/\/semmelweis.hu\/bioinformatika\/kutatas\/phd\/mono-es-multigenes-onkologiai-biomakerek\/\">Mono- \u00e9s multig\u00e9nes onkol\u00f3giai biomarkerek<\/a> <a href=\"https:\/\/semmelweis.hu\/bioinformatika\/kutatas\/phd\/ngs-kiertekeles-betegdiagnosztikahoz\/\">NGS ki\u00e9rt\u00e9kel\u00e9s betegdiagnosztik\u00e1hoz<\/a> Beoszt\u00e1s: tansz\u00e9kvezet\u0151, egyetemi tan\u00e1r &nbsp; &nbsp; Prof.Dr. Gy\u0151rffy Bal\u00e1zs 2020 \u00f3ta a Semmelweis Egyetem Bioinformatikai Tansz\u00e9k\u00e9nek tansz\u00e9kvezet\u0151je, 2017-ben habilit\u00e1lt a P\u00e1zm\u00e1ny P\u00e9ter Egyetemen, 2015-ben DSc fokozatot szerzett a Magyar Tudom\u00e1nyos Akad\u00e9mi\u00e1n, 2011-ben MSc fokozatot a Semmelweis Egyetemen eg\u00e9szs\u00e9g\u00fcgyi menedzsmentb\u0151l, 2005-ben PhD fokozatot a Semmelweis Egyetem Klinikai Doktori Iskol\u00e1j\u00e1ban, \u00e9s 2000-ben MD fokozatot &hellip;<\/p>\n","protected":false},"author":102018,"featured_media":0,"parent":9740,"menu_order":0,"comment_status":"closed","ping_status":"closed","template":"","meta":{"_acf_changed":false,"footnotes":""},"categories":[],"tags":[],"class_list":["post-9743","page","type-page","status-publish","hentry"],"acf":[],"_links":{"self":[{"href":"https:\/\/semmelweis.hu\/bioinformatika\/wp-json\/wp\/v2\/pages\/9743","targetHints":{"allow":["GET"]}}],"collection":[{"href":"https:\/\/semmelweis.hu\/bioinformatika\/wp-json\/wp\/v2\/pages"}],"about":[{"href":"https:\/\/semmelweis.hu\/bioinformatika\/wp-json\/wp\/v2\/types\/page"}],"author":[{"embeddable":true,"href":"https:\/\/semmelweis.hu\/bioinformatika\/wp-json\/wp\/v2\/users\/102018"}],"replies":[{"embeddable":true,"href":"https:\/\/semmelweis.hu\/bioinformatika\/wp-json\/wp\/v2\/comments?post=9743"}],"version-history":[{"count":10,"href":"https:\/\/semmelweis.hu\/bioinformatika\/wp-json\/wp\/v2\/pages\/9743\/revisions"}],"predecessor-version":[{"id":9905,"href":"https:\/\/semmelweis.hu\/bioinformatika\/wp-json\/wp\/v2\/pages\/9743\/revisions\/9905"}],"up":[{"embeddable":true,"href":"https:\/\/semmelweis.hu\/bioinformatika\/wp-json\/wp\/v2\/pages\/9740"}],"wp:attachment":[{"href":"https:\/\/semmelweis.hu\/bioinformatika\/wp-json\/wp\/v2\/media?parent=9743"}],"wp:term":[{"taxonomy":"category","embeddable":true,"href":"https:\/\/semmelweis.hu\/bioinformatika\/wp-json\/wp\/v2\/categories?post=9743"},{"taxonomy":"post_tag","embeddable":true,"href":"https:\/\/semmelweis.hu\/bioinformatika\/wp-json\/wp\/v2\/tags?post=9743"}],"curies":[{"name":"wp","href":"https:\/\/api.w.org\/{rel}","templated":true}]}}