{"id":9728,"date":"2023-10-19T15:49:55","date_gmt":"2023-10-19T13:49:55","guid":{"rendered":"https:\/\/semmelweis.hu\/bioinformatika\/?page_id=9728"},"modified":"2024-09-26T12:31:44","modified_gmt":"2024-09-26T10:31:44","slug":"margl-mark","status":"publish","type":"page","link":"https:\/\/semmelweis.hu\/bioinformatika\/tanszekunk-bemutatasa\/tdk-hallgatok\/margl-mark\/","title":{"rendered":"Margl M\u00e1rk"},"content":{"rendered":"<div dir=\"ltr\">\n<div><strong><img loading=\"lazy\" decoding=\"async\" class=\"size-full wp-image-9860 alignleft\" src=\"https:\/\/semmelweis.hu\/bioinformatika\/files\/2023\/11\/Margl-Mark_260_346.jpg\" alt=\"\" width=\"260\" height=\"346\" \/>n\u00e9v:<\/strong> Margl M\u00e1rk<\/div>\n<div>\u00a0<\/div>\n<div><strong>t\u00e9ma:<\/strong> Progresszi\u00f3-asszoci\u00e1lt g\u00e9nexpresszi\u00f3s v\u00e1ltoz\u00e1sok szolid tumorokban<\/div>\n<div>\u00a0<\/div>\n<div><strong>t\u00e9mavezet\u0151:<\/strong> Dr. Bartha \u00c1ron<\/div>\n<div>\u00a0<\/div>\n<div><strong>r\u00f6vid bemutatkoz\u00e1s:<\/strong> A Budapesti M\u0171szaki \u00e9s Gazdas\u00e1gtudom\u00e1nyi Egyetemen szereztem az alapszakos diplom\u00e1m biom\u00e9rn\u00f6k szakon, a mesterk\u00e9pz\u00e9st is itt folytatom, jelenleg a 3. f\u00e9l\u00e9vn\u00e9l tartok. Id\u00e9n augusztusban csatlakoztam a kutat\u00e1shoz, amelyben g\u00e9nexpresszi\u00f3s k\u00fcl\u00f6nbs\u00e9geket vizsg\u00e1lunk norm\u00e1l, primer tumoros \u00e9s metaszt\u00e1zisos sz\u00f6vetekben.<\/div>\n<\/div>\n","protected":false},"excerpt":{"rendered":"<p>n\u00e9v: Margl M\u00e1rk \u00a0 t\u00e9ma: Progresszi\u00f3-asszoci\u00e1lt g\u00e9nexpresszi\u00f3s v\u00e1ltoz\u00e1sok szolid tumorokban \u00a0 t\u00e9mavezet\u0151: Dr. Bartha \u00c1ron \u00a0 r\u00f6vid bemutatkoz\u00e1s: A Budapesti M\u0171szaki \u00e9s Gazdas\u00e1gtudom\u00e1nyi Egyetemen szereztem az alapszakos diplom\u00e1m biom\u00e9rn\u00f6k szakon, a mesterk\u00e9pz\u00e9st is itt folytatom, jelenleg a 3. f\u00e9l\u00e9vn\u00e9l tartok. Id\u00e9n augusztusban csatlakoztam a kutat\u00e1shoz, amelyben g\u00e9nexpresszi\u00f3s k\u00fcl\u00f6nbs\u00e9geket vizsg\u00e1lunk norm\u00e1l, primer tumoros \u00e9s metaszt\u00e1zisos sz\u00f6vetekben. &hellip;<\/p>\n","protected":false},"author":102018,"featured_media":0,"parent":8760,"menu_order":9,"comment_status":"closed","ping_status":"closed","template":"","meta":{"_acf_changed":false,"footnotes":""},"categories":[],"tags":[],"class_list":["post-9728","page","type-page","status-publish","hentry"],"acf":[],"_links":{"self":[{"href":"https:\/\/semmelweis.hu\/bioinformatika\/wp-json\/wp\/v2\/pages\/9728","targetHints":{"allow":["GET"]}}],"collection":[{"href":"https:\/\/semmelweis.hu\/bioinformatika\/wp-json\/wp\/v2\/pages"}],"about":[{"href":"https:\/\/semmelweis.hu\/bioinformatika\/wp-json\/wp\/v2\/types\/page"}],"author":[{"embeddable":true,"href":"https:\/\/semmelweis.hu\/bioinformatika\/wp-json\/wp\/v2\/users\/102018"}],"replies":[{"embeddable":true,"href":"https:\/\/semmelweis.hu\/bioinformatika\/wp-json\/wp\/v2\/comments?post=9728"}],"version-history":[{"count":3,"href":"https:\/\/semmelweis.hu\/bioinformatika\/wp-json\/wp\/v2\/pages\/9728\/revisions"}],"predecessor-version":[{"id":9862,"href":"https:\/\/semmelweis.hu\/bioinformatika\/wp-json\/wp\/v2\/pages\/9728\/revisions\/9862"}],"up":[{"embeddable":true,"href":"https:\/\/semmelweis.hu\/bioinformatika\/wp-json\/wp\/v2\/pages\/8760"}],"wp:attachment":[{"href":"https:\/\/semmelweis.hu\/bioinformatika\/wp-json\/wp\/v2\/media?parent=9728"}],"wp:term":[{"taxonomy":"category","embeddable":true,"href":"https:\/\/semmelweis.hu\/bioinformatika\/wp-json\/wp\/v2\/categories?post=9728"},{"taxonomy":"post_tag","embeddable":true,"href":"https:\/\/semmelweis.hu\/bioinformatika\/wp-json\/wp\/v2\/tags?post=9728"}],"curies":[{"name":"wp","href":"https:\/\/api.w.org\/{rel}","templated":true}]}}