{"id":9718,"date":"2023-10-19T15:27:46","date_gmt":"2023-10-19T13:27:46","guid":{"rendered":"https:\/\/semmelweis.hu\/bioinformatika\/?page_id=9718"},"modified":"2024-09-26T12:27:16","modified_gmt":"2024-09-26T10:27:16","slug":"hollo-gergo","status":"publish","type":"page","link":"https:\/\/semmelweis.hu\/bioinformatika\/tanszekunk-bemutatasa\/tdk-hallgatok\/hollo-gergo\/","title":{"rendered":"Holl\u00f3 Gerg\u0151"},"content":{"rendered":"<div dir=\"ltr\">\n<div dir=\"ltr\">\n<div>\n<div><b><img loading=\"lazy\" decoding=\"async\" class=\"size-full wp-image-9720 alignleft\" src=\"https:\/\/semmelweis.hu\/bioinformatika\/files\/2023\/10\/Hollo-Gergo_260x360.png\" alt=\"\" width=\"260\" height=\"360\" \/>n\u00e9v:<\/b> Holl\u00f3 Gerg\u0151<\/div>\n<div><b>t\u00e9ma:<\/b> Az immunellen\u0151rz\u0151pont-g\u00e1tl\u00f3kra adott ter\u00e1pi\u00e1s v\u00e1lasz biomarkereinek vizsg\u00e1lata daganatos megbeteged\u00e9sekben<\/div>\n<div><b>t\u00e9mavezet\u0151:<\/b> Dr. Gy\u0151rffy Bal\u00e1zs<\/div>\n<div><b>r\u00f6vid bemutatkoz\u00e1s:<\/b> M\u00e1sod\u00e9ves orvostanhallgat\u00f3 vagyok a Semmelweis Egyetemen. \u00c1ltal\u00e1nos iskol\u00e1s korom \u00f3ta \u00e9rdekel az informatika, ezen bel\u00fcl hosszan szoftverfejleszt\u00e9sre (C++) ford\u00edtottam a figyelmemet, majd az ut\u00f3bbi id\u0151ben a data science (Python, R) ter\u00fclet\u00e9vel kapcsolatos projektekkel foglalkoztam hobbiszinten. Jelenlegi kutat\u00e1si t\u00e9m\u00e1m az immunellen\u0151rz\u0151pont-inhibitorokhoz k\u00f6t\u0151dik.<\/div>\n<\/div>\n<\/div>\n<\/div>\n","protected":false},"excerpt":{"rendered":"<p>n\u00e9v: Holl\u00f3 Gerg\u0151 t\u00e9ma: Az immunellen\u0151rz\u0151pont-g\u00e1tl\u00f3kra adott ter\u00e1pi\u00e1s v\u00e1lasz biomarkereinek vizsg\u00e1lata daganatos megbeteged\u00e9sekben t\u00e9mavezet\u0151: Dr. Gy\u0151rffy Bal\u00e1zs r\u00f6vid bemutatkoz\u00e1s: M\u00e1sod\u00e9ves orvostanhallgat\u00f3 vagyok a Semmelweis Egyetemen. \u00c1ltal\u00e1nos iskol\u00e1s korom \u00f3ta \u00e9rdekel az informatika, ezen bel\u00fcl hosszan szoftverfejleszt\u00e9sre (C++) ford\u00edtottam a figyelmemet, majd az ut\u00f3bbi id\u0151ben a data science (Python, R) ter\u00fclet\u00e9vel kapcsolatos projektekkel foglalkoztam hobbiszinten. Jelenlegi &hellip;<\/p>\n","protected":false},"author":102018,"featured_media":0,"parent":8760,"menu_order":4,"comment_status":"closed","ping_status":"closed","template":"","meta":{"_acf_changed":false,"footnotes":""},"categories":[],"tags":[],"class_list":["post-9718","page","type-page","status-publish","hentry"],"acf":[],"_links":{"self":[{"href":"https:\/\/semmelweis.hu\/bioinformatika\/wp-json\/wp\/v2\/pages\/9718","targetHints":{"allow":["GET"]}}],"collection":[{"href":"https:\/\/semmelweis.hu\/bioinformatika\/wp-json\/wp\/v2\/pages"}],"about":[{"href":"https:\/\/semmelweis.hu\/bioinformatika\/wp-json\/wp\/v2\/types\/page"}],"author":[{"embeddable":true,"href":"https:\/\/semmelweis.hu\/bioinformatika\/wp-json\/wp\/v2\/users\/102018"}],"replies":[{"embeddable":true,"href":"https:\/\/semmelweis.hu\/bioinformatika\/wp-json\/wp\/v2\/comments?post=9718"}],"version-history":[{"count":2,"href":"https:\/\/semmelweis.hu\/bioinformatika\/wp-json\/wp\/v2\/pages\/9718\/revisions"}],"predecessor-version":[{"id":9721,"href":"https:\/\/semmelweis.hu\/bioinformatika\/wp-json\/wp\/v2\/pages\/9718\/revisions\/9721"}],"up":[{"embeddable":true,"href":"https:\/\/semmelweis.hu\/bioinformatika\/wp-json\/wp\/v2\/pages\/8760"}],"wp:attachment":[{"href":"https:\/\/semmelweis.hu\/bioinformatika\/wp-json\/wp\/v2\/media?parent=9718"}],"wp:term":[{"taxonomy":"category","embeddable":true,"href":"https:\/\/semmelweis.hu\/bioinformatika\/wp-json\/wp\/v2\/categories?post=9718"},{"taxonomy":"post_tag","embeddable":true,"href":"https:\/\/semmelweis.hu\/bioinformatika\/wp-json\/wp\/v2\/tags?post=9718"}],"curies":[{"name":"wp","href":"https:\/\/api.w.org\/{rel}","templated":true}]}}