{"id":9714,"date":"2023-10-19T15:21:28","date_gmt":"2023-10-19T13:21:28","guid":{"rendered":"https:\/\/semmelweis.hu\/bioinformatika\/?page_id=9714"},"modified":"2024-09-26T12:24:53","modified_gmt":"2024-09-26T10:24:53","slug":"gonda-reka-2","status":"publish","type":"page","link":"https:\/\/semmelweis.hu\/bioinformatika\/tanszekunk-bemutatasa\/tdk-hallgatok\/gonda-reka-2\/","title":{"rendered":"Gonda R\u00e9ka"},"content":{"rendered":"<div dir=\"ltr\">\n<div>\n<p><strong><img loading=\"lazy\" decoding=\"async\" class=\"size-full wp-image-9715 alignleft\" src=\"https:\/\/semmelweis.hu\/bioinformatika\/files\/2023\/10\/Gonda-Reka-260-360jpg.jpg\" alt=\"\" width=\"259\" height=\"357\" \/>n\u00e9v:<\/strong> Gonda R\u00e9ka<\/p>\n<p><strong>t\u00e9ma:<\/strong> A ter\u00e1pi\u00e1s v\u00e1lasz biomarkerei az onkol\u00f3gi\u00e1ban<\/p>\n<p><strong>t\u00e9mavezet\u0151:<\/strong> Dr. Menyhart Ot\u00edlia<\/p>\n<p><strong>r\u00f6vid bemutatkoz\u00e1s:<\/strong> Jelenleg a P\u00e1zm\u00e1ny P\u00e9ter Katolikus Egyetem hallgat\u00f3ja vagyok molekul\u00e1ris bionika m\u00e9rn\u00f6ki BSc szakon. 2023 elej\u00e9n kezdtem el a munk\u00e1t a t\u00e9mavezet\u0151mn\u00e9l, \u00e9s a diplomamunk\u00e1mat is ebben a t\u00e9m\u00e1ban tervezem \u00edrni. A kutat\u00e1s sor\u00e1n g\u00e9nexpresszi\u00f3s adatokon alapul\u00f3 bioinformatikai elemz\u00e9s seg\u00edts\u00e9g\u00e9vel \u00fajabb potenci\u00e1lis biomarker jel\u00f6lteket keresek.<\/p>\n<\/div>\n<\/div>\n","protected":false},"excerpt":{"rendered":"<p>n\u00e9v: Gonda R\u00e9ka t\u00e9ma: A ter\u00e1pi\u00e1s v\u00e1lasz biomarkerei az onkol\u00f3gi\u00e1ban t\u00e9mavezet\u0151: Dr. Menyhart Ot\u00edlia r\u00f6vid bemutatkoz\u00e1s: Jelenleg a P\u00e1zm\u00e1ny P\u00e9ter Katolikus Egyetem hallgat\u00f3ja vagyok molekul\u00e1ris bionika m\u00e9rn\u00f6ki BSc szakon. 2023 elej\u00e9n kezdtem el a munk\u00e1t a t\u00e9mavezet\u0151mn\u00e9l, \u00e9s a diplomamunk\u00e1mat is ebben a t\u00e9m\u00e1ban tervezem \u00edrni. A kutat\u00e1s sor\u00e1n g\u00e9nexpresszi\u00f3s adatokon alapul\u00f3 bioinformatikai elemz\u00e9s seg\u00edts\u00e9g\u00e9vel &hellip;<\/p>\n","protected":false},"author":102018,"featured_media":0,"parent":8760,"menu_order":2,"comment_status":"closed","ping_status":"closed","template":"","meta":{"_acf_changed":false,"footnotes":""},"categories":[],"tags":[],"class_list":["post-9714","page","type-page","status-publish","hentry"],"acf":[],"_links":{"self":[{"href":"https:\/\/semmelweis.hu\/bioinformatika\/wp-json\/wp\/v2\/pages\/9714","targetHints":{"allow":["GET"]}}],"collection":[{"href":"https:\/\/semmelweis.hu\/bioinformatika\/wp-json\/wp\/v2\/pages"}],"about":[{"href":"https:\/\/semmelweis.hu\/bioinformatika\/wp-json\/wp\/v2\/types\/page"}],"author":[{"embeddable":true,"href":"https:\/\/semmelweis.hu\/bioinformatika\/wp-json\/wp\/v2\/users\/102018"}],"replies":[{"embeddable":true,"href":"https:\/\/semmelweis.hu\/bioinformatika\/wp-json\/wp\/v2\/comments?post=9714"}],"version-history":[{"count":3,"href":"https:\/\/semmelweis.hu\/bioinformatika\/wp-json\/wp\/v2\/pages\/9714\/revisions"}],"predecessor-version":[{"id":10338,"href":"https:\/\/semmelweis.hu\/bioinformatika\/wp-json\/wp\/v2\/pages\/9714\/revisions\/10338"}],"up":[{"embeddable":true,"href":"https:\/\/semmelweis.hu\/bioinformatika\/wp-json\/wp\/v2\/pages\/8760"}],"wp:attachment":[{"href":"https:\/\/semmelweis.hu\/bioinformatika\/wp-json\/wp\/v2\/media?parent=9714"}],"wp:term":[{"taxonomy":"category","embeddable":true,"href":"https:\/\/semmelweis.hu\/bioinformatika\/wp-json\/wp\/v2\/categories?post=9714"},{"taxonomy":"post_tag","embeddable":true,"href":"https:\/\/semmelweis.hu\/bioinformatika\/wp-json\/wp\/v2\/tags?post=9714"}],"curies":[{"name":"wp","href":"https:\/\/api.w.org\/{rel}","templated":true}]}}