{"id":9709,"date":"2023-10-19T15:05:02","date_gmt":"2023-10-19T13:05:02","guid":{"rendered":"https:\/\/semmelweis.hu\/bioinformatika\/?page_id=9709"},"modified":"2024-09-26T12:32:29","modified_gmt":"2024-09-26T10:32:29","slug":"szabo-david","status":"publish","type":"page","link":"https:\/\/semmelweis.hu\/bioinformatika\/tanszekunk-bemutatasa\/tdk-hallgatok\/szabo-david\/","title":{"rendered":"Szab\u00f3 D\u00e1vid"},"content":{"rendered":"<div dir=\"ltr\">\n<p><strong><img loading=\"lazy\" decoding=\"async\" class=\"size-full wp-image-9711 alignleft\" src=\"https:\/\/semmelweis.hu\/bioinformatika\/files\/2023\/10\/Szabo_David_foto.260-360.jpg\" alt=\"\" width=\"260\" height=\"359\" \/>n\u00e9v:<\/strong> Szab\u00f3 D\u00e1vid<\/p>\n<p><strong>t\u00e9ma:<\/strong> Az EGFR g\u00e1tl\u00f3k predikt\u00edv biomarkerei szolid tumorokban.<\/p>\n<p><strong>t\u00e9mavezet\u0151:<\/strong> Dr. Fekete J\u00e1nos Tibor<\/p>\n<p><strong>r\u00f6vid bemutatkoz\u00e1s:<\/strong> Az alapk\u00e9pz\u00e9semet a P\u00e1zm\u00e1ny P\u00e9ter Katolikus Egyetem Molekul\u00e1ris bionika m\u00e9rn\u00f6ki szak\u00e1n v\u00e9geztem, jelenleg pedig a Budapesti M\u0171szaki \u00e9s Gazdas\u00e1gtudom\u00e1nyi Egyetem Biom\u00e9rn\u00f6ki mesterszak\u00e1nak hallgat\u00f3ja vagyok.<\/p>\n<\/div>\n","protected":false},"excerpt":{"rendered":"<p>n\u00e9v: Szab\u00f3 D\u00e1vid<br \/>\nt\u00e9ma: Az EGFR g\u00e1tl\u00f3k predikt\u00edv biomarkerei szolid tumorokban.<br \/>\nt\u00e9mavezet\u0151: Dr. Fekete J\u00e1nos Tibor<br \/>\nr\u00f6vid bemutatkoz\u00e1s: Az alapk\u00e9pz\u00e9semet a P\u00e1zm\u00e1ny P\u00e9ter Katolikus Egyetem Molekul\u00e1ris bionika m\u00e9rn\u00f6ki szak\u00e1n v\u00e9geztem, jelenleg pedig a Budapesti M\u0171szaki \u00e9s Gazdas\u00e1gtudom\u00e1nyi Egyetem Biom\u00e9rn\u00f6ki mesterszak\u00e1nak hallgat\u00f3ja vagyok.<\/p>\n","protected":false},"author":102018,"featured_media":0,"parent":8760,"menu_order":10,"comment_status":"closed","ping_status":"closed","template":"","meta":{"_acf_changed":false,"footnotes":""},"categories":[],"tags":[],"class_list":["post-9709","page","type-page","status-publish","hentry"],"acf":[],"_links":{"self":[{"href":"https:\/\/semmelweis.hu\/bioinformatika\/wp-json\/wp\/v2\/pages\/9709","targetHints":{"allow":["GET"]}}],"collection":[{"href":"https:\/\/semmelweis.hu\/bioinformatika\/wp-json\/wp\/v2\/pages"}],"about":[{"href":"https:\/\/semmelweis.hu\/bioinformatika\/wp-json\/wp\/v2\/types\/page"}],"author":[{"embeddable":true,"href":"https:\/\/semmelweis.hu\/bioinformatika\/wp-json\/wp\/v2\/users\/102018"}],"replies":[{"embeddable":true,"href":"https:\/\/semmelweis.hu\/bioinformatika\/wp-json\/wp\/v2\/comments?post=9709"}],"version-history":[{"count":2,"href":"https:\/\/semmelweis.hu\/bioinformatika\/wp-json\/wp\/v2\/pages\/9709\/revisions"}],"predecessor-version":[{"id":9712,"href":"https:\/\/semmelweis.hu\/bioinformatika\/wp-json\/wp\/v2\/pages\/9709\/revisions\/9712"}],"up":[{"embeddable":true,"href":"https:\/\/semmelweis.hu\/bioinformatika\/wp-json\/wp\/v2\/pages\/8760"}],"wp:attachment":[{"href":"https:\/\/semmelweis.hu\/bioinformatika\/wp-json\/wp\/v2\/media?parent=9709"}],"wp:term":[{"taxonomy":"category","embeddable":true,"href":"https:\/\/semmelweis.hu\/bioinformatika\/wp-json\/wp\/v2\/categories?post=9709"},{"taxonomy":"post_tag","embeddable":true,"href":"https:\/\/semmelweis.hu\/bioinformatika\/wp-json\/wp\/v2\/tags?post=9709"}],"curies":[{"name":"wp","href":"https:\/\/api.w.org\/{rel}","templated":true}]}}