{"id":9703,"date":"2023-10-19T14:58:18","date_gmt":"2023-10-19T12:58:18","guid":{"rendered":"https:\/\/semmelweis.hu\/bioinformatika\/?page_id=9703"},"modified":"2024-09-26T12:29:08","modified_gmt":"2024-09-26T10:29:08","slug":"izso-david-gabor","status":"publish","type":"page","link":"https:\/\/semmelweis.hu\/bioinformatika\/tanszekunk-bemutatasa\/tdk-hallgatok\/izso-david-gabor\/","title":{"rendered":"Izs\u00f3 D\u00e1vid G\u00e1bor"},"content":{"rendered":"<div dir=\"auto\">\n<div><strong><img loading=\"lazy\" decoding=\"async\" class=\"size-full wp-image-9705 alignleft\" src=\"https:\/\/semmelweis.hu\/bioinformatika\/files\/2023\/10\/Izso-David-265-358.jpg\" alt=\"\" width=\"265\" height=\"358\" \/>n\u00e9v:<\/strong> Izs\u00f3 D\u00e1vid G\u00e1bor<\/div>\n<div>\u00a0<\/div>\n<div dir=\"auto\"><span style=\"font-size: 1rem\"><strong>t\u00e9ma:<\/strong> Mut\u00e1ci\u00f3k eml\u0151karcinom\u00e1k kapcs\u00e1n \u00e9s kezel\u00e9si lehet\u0151s\u00e9geik<\/span><\/div>\n<div dir=\"auto\">\u00a0<\/div>\n<div dir=\"auto\"><strong>t\u00e9mavezet\u00f6:<\/strong> Prof. Dr. Gy\u0151rffy Bal\u00e1zs<\/div>\n<div dir=\"auto\">\u00a0<\/div>\n<div dir=\"auto\"><strong>r\u00f6vid bemutatkoz\u00e1s:<\/strong> Jelenleg a Semmelweis egyetem harmad\u00e9ves orvostanhallgat\u00f3ja vagyok. Az orvosl\u00e1sban nagyon sok ter\u00fclet \u00e9rdekel engem, ide tartozik pl. a bioinformatika, molekul\u00e1ris sejtbiol\u00f3gia, robotika, k\u00f3r\u00e9lettan, illetve a belgy\u00f3gy\u00e1szati szakir\u00e1nyok,de az egyetemi \u00e9letemen k\u00edv\u00fcl is akt\u00edvan tanulok angol \u00e9s jap\u00e1n idegennyelveket halad\u00f3 szinten.<\/div>\n<div dir=\"auto\">A terveim szerint a k\u00e9s\u0151bbiekben Jap\u00e1nban szeretn\u00e9k orvoskutat\u00e1si tev\u00e9kenys\u00e9get is v\u00e9gezni, ak\u00e1r PhD fokozatot szerezni is.<\/div>\n<\/div>\n","protected":false},"excerpt":{"rendered":"<p>n\u00e9v: Izs\u00f3 D\u00e1vid G\u00e1bor \u00a0 t\u00e9ma: Mut\u00e1ci\u00f3k eml\u0151karcinom\u00e1k kapcs\u00e1n \u00e9s kezel\u00e9si lehet\u0151s\u00e9geik \u00a0 t\u00e9mavezet\u00f6: Prof. Dr. Gy\u0151rffy Bal\u00e1zs \u00a0 r\u00f6vid bemutatkoz\u00e1s: Jelenleg a Semmelweis egyetem harmad\u00e9ves orvostanhallgat\u00f3ja vagyok. Az orvosl\u00e1sban nagyon sok ter\u00fclet \u00e9rdekel engem, ide tartozik pl. a bioinformatika, molekul\u00e1ris sejtbiol\u00f3gia, robotika, k\u00f3r\u00e9lettan, illetve a belgy\u00f3gy\u00e1szati szakir\u00e1nyok,de az egyetemi \u00e9letemen k\u00edv\u00fcl is akt\u00edvan tanulok &hellip;<\/p>\n","protected":false},"author":102018,"featured_media":0,"parent":8760,"menu_order":6,"comment_status":"closed","ping_status":"closed","template":"","meta":{"_acf_changed":false,"footnotes":""},"categories":[],"tags":[],"class_list":["post-9703","page","type-page","status-publish","hentry"],"acf":[],"_links":{"self":[{"href":"https:\/\/semmelweis.hu\/bioinformatika\/wp-json\/wp\/v2\/pages\/9703","targetHints":{"allow":["GET"]}}],"collection":[{"href":"https:\/\/semmelweis.hu\/bioinformatika\/wp-json\/wp\/v2\/pages"}],"about":[{"href":"https:\/\/semmelweis.hu\/bioinformatika\/wp-json\/wp\/v2\/types\/page"}],"author":[{"embeddable":true,"href":"https:\/\/semmelweis.hu\/bioinformatika\/wp-json\/wp\/v2\/users\/102018"}],"replies":[{"embeddable":true,"href":"https:\/\/semmelweis.hu\/bioinformatika\/wp-json\/wp\/v2\/comments?post=9703"}],"version-history":[{"count":3,"href":"https:\/\/semmelweis.hu\/bioinformatika\/wp-json\/wp\/v2\/pages\/9703\/revisions"}],"predecessor-version":[{"id":9707,"href":"https:\/\/semmelweis.hu\/bioinformatika\/wp-json\/wp\/v2\/pages\/9703\/revisions\/9707"}],"up":[{"embeddable":true,"href":"https:\/\/semmelweis.hu\/bioinformatika\/wp-json\/wp\/v2\/pages\/8760"}],"wp:attachment":[{"href":"https:\/\/semmelweis.hu\/bioinformatika\/wp-json\/wp\/v2\/media?parent=9703"}],"wp:term":[{"taxonomy":"category","embeddable":true,"href":"https:\/\/semmelweis.hu\/bioinformatika\/wp-json\/wp\/v2\/categories?post=9703"},{"taxonomy":"post_tag","embeddable":true,"href":"https:\/\/semmelweis.hu\/bioinformatika\/wp-json\/wp\/v2\/tags?post=9703"}],"curies":[{"name":"wp","href":"https:\/\/api.w.org\/{rel}","templated":true}]}}