{"id":9673,"date":"2023-10-06T14:54:27","date_gmt":"2023-10-06T12:54:27","guid":{"rendered":"https:\/\/semmelweis.hu\/bioinformatika\/?page_id=9673"},"modified":"2024-09-24T13:59:11","modified_gmt":"2024-09-24T11:59:11","slug":"karadocsev-eva","status":"publish","type":"page","link":"https:\/\/semmelweis.hu\/bioinformatika\/tanszekunk-bemutatasa\/phd-hallgatok\/karadocsev-eva\/","title":{"rendered":"Karadocsev \u00c9va"},"content":{"rendered":"<p><strong> <img loading=\"lazy\" decoding=\"async\" class=\"size-medium wp-image-10519 alignleft\" src=\"https:\/\/semmelweis.hu\/bioinformatika\/files\/2024\/09\/JPEG-20-294x400.jpg\" alt=\"\" width=\"294\" height=\"400\" srcset=\"https:\/\/semmelweis.hu\/bioinformatika\/files\/2024\/09\/JPEG-20-294x400.jpg 294w, https:\/\/semmelweis.hu\/bioinformatika\/files\/2024\/09\/JPEG-20-754x1024.jpg 754w, https:\/\/semmelweis.hu\/bioinformatika\/files\/2024\/09\/JPEG-20-768x1043.jpg 768w, https:\/\/semmelweis.hu\/bioinformatika\/files\/2024\/09\/JPEG-20-1131x1536.jpg 1131w, https:\/\/semmelweis.hu\/bioinformatika\/files\/2024\/09\/JPEG-20-1508x2048.jpg 1508w, https:\/\/semmelweis.hu\/bioinformatika\/files\/2024\/09\/JPEG-20-753x1023.jpg 753w, https:\/\/semmelweis.hu\/bioinformatika\/files\/2024\/09\/JPEG-20.jpg 1590w\" sizes=\"auto, (max-width: 294px) 100vw, 294px\" \/>N\u00e9v:<\/strong> Karadocsev \u00c9va<\/p>\n<p><strong>T\u00e9ma:<\/strong> A hepatocellul\u00e1ris carcinomara jellemz\u0151 g\u00e9nv\u00e1ltoz\u00e1sok azonos\u00edt\u00e1sa<\/p>\n<p><strong>T\u00e9mavezet\u0151:<\/strong> Prof. Dr. Gy\u0151rffy Bal\u00e1zs<\/p>\n<p><strong>Kutat\u00e1si t\u00e9ma \u00f6sszefoglal\u00e1sa:<\/strong><\/p>\n<p>Kutat\u00e1si c\u00e9lom olyan target g\u00e9nek prognosztikus szerep\u00e9nek vizsg\u00e1lata a Bioinformatika Tansz\u00e9k OnkoBankj\u00e1ban gy\u0171jt\u00f6tt hepatocellul\u00e1ris carcinoma mint\u00e1iban, amelyek a rosszindulat\u00fa daganat metabolizmus hallmarkkal \u00f6sszef\u00fcggenek. <br \/>\nA g\u00e9nexpresszi\u00f3s v\u00e1ltoz\u00e1sokat \u00fajgener\u00e1ci\u00f3s szekven\u00e1l\u00e1ssal \u00e9s qPCR-ral szeretn\u00e9m in vitro bizony\u00edtani HCC sejtvonalakon.<\/p>\n","protected":false},"excerpt":{"rendered":"<p> N\u00e9v: Karadocsev \u00c9va<br \/>\nT\u00e9ma: A hepatocellul\u00e1ris carcinomara jellemz\u0151 g\u00e9nv\u00e1ltoz\u00e1sok azonos\u00edt\u00e1sa<br \/>\nT\u00e9mavezet\u0151: Prof. Dr. Gy\u0151rffy Bal\u00e1zs<br \/>\nKutat\u00e1si t\u00e9ma \u00f6sszefoglal\u00e1sa:<br \/>\nKutat\u00e1si c\u00e9lom olyan target g\u00e9nek prognosztikus szerep\u00e9nek vizsg\u00e1lata a Bioinformatika Tansz\u00e9k OnkoBankj\u00e1ban gy\u0171jt\u00f6tt hepatocellul\u00e1ris carcinoma mint\u00e1iban, amelyek a rosszindulat\u00fa daganat metabolizmus hallmarkkal \u00f6sszef\u00fcggenek.<br \/>\nA g\u00e9nexpresszi\u00f3s v\u00e1ltoz\u00e1sokat \u00fajgener\u00e1ci\u00f3s szekven\u00e1l\u00e1ssal \u00e9s qPCR-ral szeretn\u00e9m in vitro bizony\u00edtani HCC sejtvonalakon.<\/p>\n","protected":false},"author":102018,"featured_media":0,"parent":8727,"menu_order":2,"comment_status":"closed","ping_status":"closed","template":"","meta":{"_acf_changed":false,"footnotes":""},"categories":[],"tags":[],"class_list":["post-9673","page","type-page","status-publish","hentry"],"acf":[],"_links":{"self":[{"href":"https:\/\/semmelweis.hu\/bioinformatika\/wp-json\/wp\/v2\/pages\/9673","targetHints":{"allow":["GET"]}}],"collection":[{"href":"https:\/\/semmelweis.hu\/bioinformatika\/wp-json\/wp\/v2\/pages"}],"about":[{"href":"https:\/\/semmelweis.hu\/bioinformatika\/wp-json\/wp\/v2\/types\/page"}],"author":[{"embeddable":true,"href":"https:\/\/semmelweis.hu\/bioinformatika\/wp-json\/wp\/v2\/users\/102018"}],"replies":[{"embeddable":true,"href":"https:\/\/semmelweis.hu\/bioinformatika\/wp-json\/wp\/v2\/comments?post=9673"}],"version-history":[{"count":9,"href":"https:\/\/semmelweis.hu\/bioinformatika\/wp-json\/wp\/v2\/pages\/9673\/revisions"}],"predecessor-version":[{"id":10520,"href":"https:\/\/semmelweis.hu\/bioinformatika\/wp-json\/wp\/v2\/pages\/9673\/revisions\/10520"}],"up":[{"embeddable":true,"href":"https:\/\/semmelweis.hu\/bioinformatika\/wp-json\/wp\/v2\/pages\/8727"}],"wp:attachment":[{"href":"https:\/\/semmelweis.hu\/bioinformatika\/wp-json\/wp\/v2\/media?parent=9673"}],"wp:term":[{"taxonomy":"category","embeddable":true,"href":"https:\/\/semmelweis.hu\/bioinformatika\/wp-json\/wp\/v2\/categories?post=9673"},{"taxonomy":"post_tag","embeddable":true,"href":"https:\/\/semmelweis.hu\/bioinformatika\/wp-json\/wp\/v2\/tags?post=9673"}],"curies":[{"name":"wp","href":"https:\/\/api.w.org\/{rel}","templated":true}]}}