{"id":9428,"date":"2023-06-27T17:13:39","date_gmt":"2023-06-27T15:13:39","guid":{"rendered":"https:\/\/semmelweis.hu\/bioinformatika\/?page_id=9428"},"modified":"2024-04-03T14:03:48","modified_gmt":"2024-04-03T12:03:48","slug":"2021-es-tanulmanyi-verseny-eredmeny","status":"publish","type":"page","link":"https:\/\/semmelweis.hu\/bioinformatika\/2021-es-tanulmanyi-verseny-eredmeny\/","title":{"rendered":"2021-es tanulm\u00e1nyi verseny eredm\u00e9ny"},"content":{"rendered":"<p><img loading=\"lazy\" decoding=\"async\" class=\"wp-image-7461 size-medium alignright\" src=\"https:\/\/semmelweis.hu\/bioinformatika\/files\/2021\/05\/20210525_124231-400x300.jpg\" alt=\"Tanulmanyi_Verseny_dijatado\" width=\"400\" height=\"300\" srcset=\"https:\/\/semmelweis.hu\/bioinformatika\/files\/2021\/05\/20210525_124231-400x300.jpg 400w, https:\/\/semmelweis.hu\/bioinformatika\/files\/2021\/05\/20210525_124231-1024x768.jpg 1024w, https:\/\/semmelweis.hu\/bioinformatika\/files\/2021\/05\/20210525_124231-768x576.jpg 768w, https:\/\/semmelweis.hu\/bioinformatika\/files\/2021\/05\/20210525_124231-1536x1152.jpg 1536w, https:\/\/semmelweis.hu\/bioinformatika\/files\/2021\/05\/20210525_124231-2048x1536.jpg 2048w, https:\/\/semmelweis.hu\/bioinformatika\/files\/2021\/05\/20210525_124231-753x565.jpg 753w\" sizes=\"auto, (max-width: 400px) 100vw, 400px\" \/>A Semmelweis Egyetem Bioinformatika Tansz\u00e9k versenyfelh\u00edv\u00e1s\u00e1ra \u00f6sszesen 46 hallgat\u00f3 jelentkezett.<\/p>\n<p>Helyez\u00e9st el\u00e9rt hallgat\u00f3k:<\/p>\n<p>Hazai 1. helyezett:\u00a0<b>Schulc Kl\u00e1ra<\/b><br \/>\nNemzetk\u00f6zi 1. helyezett:\u00a0<b>Takashi Hamada<\/b><br \/>\nJutalmuk egy nemzetk\u00f6zi bioinformatika kurzuson vagy konferenci\u00e1n val\u00f3 r\u00e9szv\u00e9tel.<\/p>\n<p>2. helyezett:\u00a0<b>Szigeti P\u00e9ter<\/b><br \/>\nHazai bioinformatika kurzuson vagy konferenci\u00e1n vehet r\u00e9szt.<\/p>\n<p>A d\u00edjakat tansz\u00e9k\u00fcnk vezet\u0151je, Prof. Dr. Gy\u0151rffy Bal\u00e1zs \u00e9s Dr. Vas Nikoletta tansz\u00e9ki m\u00e9rn\u00f6k adt\u00e1k \u00e1t.\u00a0<br \/>\nMinden hallgat\u00f3nk r\u00e9szv\u00e9tel\u00e9t k\u00f6sz\u00f6nj\u00fck, a nyerteseknek gratul\u00e1lunk!\u00a0<\/p>\n","protected":false},"excerpt":{"rendered":"<p>A Semmelweis Egyetem Bioinformatika Tansz\u00e9k versenyfelh\u00edv\u00e1s\u00e1ra \u00f6sszesen 46 hallgat\u00f3 jelentkezett. Helyez\u00e9st el\u00e9rt hallgat\u00f3k: Hazai 1. helyezett:\u00a0Schulc Kl\u00e1ra Nemzetk\u00f6zi 1. helyezett:\u00a0Takashi Hamada Jutalmuk egy nemzetk\u00f6zi bioinformatika kurzuson vagy konferenci\u00e1n val\u00f3 r\u00e9szv\u00e9tel. 2. helyezett:\u00a0Szigeti P\u00e9ter Hazai bioinformatika kurzuson vagy konferenci\u00e1n vehet r\u00e9szt. A d\u00edjakat tansz\u00e9k\u00fcnk vezet\u0151je, Prof. Dr. Gy\u0151rffy Bal\u00e1zs \u00e9s Dr. Vas Nikoletta tansz\u00e9ki m\u00e9rn\u00f6k adt\u00e1k &hellip;<\/p>\n","protected":false},"author":102224,"featured_media":0,"parent":0,"menu_order":1,"comment_status":"closed","ping_status":"closed","template":"","meta":{"_acf_changed":false,"footnotes":""},"categories":[],"tags":[],"class_list":["post-9428","page","type-page","status-publish","hentry"],"acf":[],"_links":{"self":[{"href":"https:\/\/semmelweis.hu\/bioinformatika\/wp-json\/wp\/v2\/pages\/9428","targetHints":{"allow":["GET"]}}],"collection":[{"href":"https:\/\/semmelweis.hu\/bioinformatika\/wp-json\/wp\/v2\/pages"}],"about":[{"href":"https:\/\/semmelweis.hu\/bioinformatika\/wp-json\/wp\/v2\/types\/page"}],"author":[{"embeddable":true,"href":"https:\/\/semmelweis.hu\/bioinformatika\/wp-json\/wp\/v2\/users\/102224"}],"replies":[{"embeddable":true,"href":"https:\/\/semmelweis.hu\/bioinformatika\/wp-json\/wp\/v2\/comments?post=9428"}],"version-history":[{"count":1,"href":"https:\/\/semmelweis.hu\/bioinformatika\/wp-json\/wp\/v2\/pages\/9428\/revisions"}],"predecessor-version":[{"id":9429,"href":"https:\/\/semmelweis.hu\/bioinformatika\/wp-json\/wp\/v2\/pages\/9428\/revisions\/9429"}],"wp:attachment":[{"href":"https:\/\/semmelweis.hu\/bioinformatika\/wp-json\/wp\/v2\/media?parent=9428"}],"wp:term":[{"taxonomy":"category","embeddable":true,"href":"https:\/\/semmelweis.hu\/bioinformatika\/wp-json\/wp\/v2\/categories?post=9428"},{"taxonomy":"post_tag","embeddable":true,"href":"https:\/\/semmelweis.hu\/bioinformatika\/wp-json\/wp\/v2\/tags?post=9428"}],"curies":[{"name":"wp","href":"https:\/\/api.w.org\/{rel}","templated":true}]}}