{"id":9421,"date":"2023-06-27T17:08:13","date_gmt":"2023-06-27T15:08:13","guid":{"rendered":"https:\/\/semmelweis.hu\/bioinformatika\/?page_id=9421"},"modified":"2024-04-04T09:29:50","modified_gmt":"2024-04-04T07:29:50","slug":"2022-2","status":"publish","type":"page","link":"https:\/\/semmelweis.hu\/bioinformatika\/2022-2\/","title":{"rendered":"2022-es tanulm\u00e1nyi verseny eredm\u00e9ny"},"content":{"rendered":"<p><img loading=\"lazy\" decoding=\"async\" class=\"size-medium wp-image-8243 alignright\" src=\"https:\/\/semmelweis.hu\/bioinformatika\/files\/2022\/06\/foto-tanulmanyi-verseny5-400x265.jpg\" alt=\"\" width=\"400\" height=\"265\" srcset=\"https:\/\/semmelweis.hu\/bioinformatika\/files\/2022\/06\/foto-tanulmanyi-verseny5-400x265.jpg 400w, https:\/\/semmelweis.hu\/bioinformatika\/files\/2022\/06\/foto-tanulmanyi-verseny5-768x509.jpg 768w, https:\/\/semmelweis.hu\/bioinformatika\/files\/2022\/06\/foto-tanulmanyi-verseny5-753x499.jpg 753w, https:\/\/semmelweis.hu\/bioinformatika\/files\/2022\/06\/foto-tanulmanyi-verseny5-203x135.jpg 203w, https:\/\/semmelweis.hu\/bioinformatika\/files\/2022\/06\/foto-tanulmanyi-verseny5.jpg 950w\" sizes=\"auto, (max-width: 400px) 100vw, 400px\" \/>A Semmelweis Egyetem Bioinformatika Tansz\u00e9k\u00e9nek versenyfelh\u00edv\u00e1s\u00e1ra\u00a0id\u00e9n \u00f6sszesen 20 hallgat\u00f3 jelentkezett. A feladat rosszindulat\u00fa tumoros sejtvonalak kemorezisztenci\u00e1j\u00e1ban szerepet j\u00e1tsz\u00f3 g\u00e9nexpresszi\u00f3s mint\u00e1zat azonos\u00edt\u00e1sa volt mesters\u00e9ges intelligenci\u00e1t haszn\u00e1l\u00f3 alkalmaz\u00e1sok seg\u00edts\u00e9g\u00e9vel. Helyez\u00e9st el\u00e9rt hallgat\u00f3k:<\/p>\n<ol>\n<li>helyezett:\u00a0<strong>Bohus Gula<\/strong><br \/>\nJutalma egy nemzetk\u00f6zi bioinformatika kurzuson vagy konferenci\u00e1n val\u00f3 r\u00e9szv\u00e9tel.<\/li>\n<li>helyezett:\u00a0<strong>Schulc Kl\u00e1ra<\/strong><br \/>\nEgy hazai bioinformatika kurzuson vagy konferenci\u00e1n vehet r\u00e9szt.<\/li>\n<li>helyezett:\u00a0<strong>Yixuan Zeng<\/strong><\/li>\n<\/ol>\n<p>Mindh\u00e1rom nyertes a Klinikai Bioinformatika t\u00e1rgy felv\u00e9tele eset\u00e9n megaj\u00e1nlott jeles gyakorlati jegyet kap.<\/p>\n<p>A k\u00e9pen k\u00f6z\u00e9pen az els\u0151 helyezett, Bohus Gyula, \u00e9s a harmadik helyezett, Yixuan Zeng l\u00e1that\u00f3, akik\u00a0szem\u00e9lyesen be is mutatt\u00e1k a projektj\u00fcket \u00e9s \u00e1tvehett\u00e9k \u00e9rte az Oklevelet. Baloldalon Dr. Fekete J\u00e1nos, egyetemi tan\u00e1rseg\u00e9d, a p\u00e1ly\u00e1zat ki\u00edr\u00f3ja \u00e9s \u00e9rt\u00e9kel\u0151je, jobb oldalt pedig Prof. Dr. Gy\u0151rffy Bal\u00e1zs,\u00a0a Semmelweis Egyetem Bioinformatika Tansz\u00e9k\u00e9nek vezet\u0151je l\u00e1that\u00f3.<\/p>\n<p>Minden p\u00e1ly\u00e1z\u00f3 r\u00e9szv\u00e9tel\u00e9t k\u00f6sz\u00f6nj\u00fck, a nyerteseknek gratul\u00e1lunk!<\/p>\n","protected":false},"excerpt":{"rendered":"<p>A Semmelweis Egyetem Bioinformatika Tansz\u00e9k\u00e9nek versenyfelh\u00edv\u00e1s\u00e1ra\u00a0id\u00e9n \u00f6sszesen 20 hallgat\u00f3 jelentkezett. A feladat rosszindulat\u00fa tumoros sejtvonalak kemorezisztenci\u00e1j\u00e1ban szerepet j\u00e1tsz\u00f3 g\u00e9nexpresszi\u00f3s mint\u00e1zat azonos\u00edt\u00e1sa volt mesters\u00e9ges intelligenci\u00e1t haszn\u00e1l\u00f3 alkalmaz\u00e1sok seg\u00edts\u00e9g\u00e9vel. Helyez\u00e9st el\u00e9rt hallgat\u00f3k: helyezett:\u00a0Bohus Gula Jutalma egy nemzetk\u00f6zi bioinformatika kurzuson vagy konferenci\u00e1n val\u00f3 r\u00e9szv\u00e9tel. helyezett:\u00a0Schulc Kl\u00e1ra Egy hazai bioinformatika kurzuson vagy konferenci\u00e1n vehet r\u00e9szt. helyezett:\u00a0Yixuan Zeng Mindh\u00e1rom nyertes &hellip;<\/p>\n","protected":false},"author":102224,"featured_media":0,"parent":0,"menu_order":2,"comment_status":"closed","ping_status":"closed","template":"","meta":{"_acf_changed":false,"footnotes":""},"categories":[],"tags":[],"class_list":["post-9421","page","type-page","status-publish","hentry"],"acf":[],"_links":{"self":[{"href":"https:\/\/semmelweis.hu\/bioinformatika\/wp-json\/wp\/v2\/pages\/9421","targetHints":{"allow":["GET"]}}],"collection":[{"href":"https:\/\/semmelweis.hu\/bioinformatika\/wp-json\/wp\/v2\/pages"}],"about":[{"href":"https:\/\/semmelweis.hu\/bioinformatika\/wp-json\/wp\/v2\/types\/page"}],"author":[{"embeddable":true,"href":"https:\/\/semmelweis.hu\/bioinformatika\/wp-json\/wp\/v2\/users\/102224"}],"replies":[{"embeddable":true,"href":"https:\/\/semmelweis.hu\/bioinformatika\/wp-json\/wp\/v2\/comments?post=9421"}],"version-history":[{"count":5,"href":"https:\/\/semmelweis.hu\/bioinformatika\/wp-json\/wp\/v2\/pages\/9421\/revisions"}],"predecessor-version":[{"id":9427,"href":"https:\/\/semmelweis.hu\/bioinformatika\/wp-json\/wp\/v2\/pages\/9421\/revisions\/9427"}],"wp:attachment":[{"href":"https:\/\/semmelweis.hu\/bioinformatika\/wp-json\/wp\/v2\/media?parent=9421"}],"wp:term":[{"taxonomy":"category","embeddable":true,"href":"https:\/\/semmelweis.hu\/bioinformatika\/wp-json\/wp\/v2\/categories?post=9421"},{"taxonomy":"post_tag","embeddable":true,"href":"https:\/\/semmelweis.hu\/bioinformatika\/wp-json\/wp\/v2\/tags?post=9421"}],"curies":[{"name":"wp","href":"https:\/\/api.w.org\/{rel}","templated":true}]}}