{"id":9377,"date":"2023-06-23T10:26:03","date_gmt":"2023-06-23T08:26:03","guid":{"rendered":"https:\/\/semmelweis.hu\/bioinformatika\/?page_id=9377"},"modified":"2025-01-06T15:07:31","modified_gmt":"2025-01-06T14:07:31","slug":"kiadvanyaink","status":"publish","type":"page","link":"https:\/\/semmelweis.hu\/bioinformatika\/tanszekunk-bemutatasa\/kiadvanyaink\/","title":{"rendered":"Kiadv\u00e1nyaink"},"content":{"rendered":"<p>&nbsp;<\/p>\n<div class=\"yahoo-style-wrap\">\n<div dir=\"ltr\" data-setdir=\"false\">\n<p><a href=\"https:\/\/semmelweis.hu\/bioinformatika\/files\/2024\/07\/BIT_bemutatkozo_kiadvany.pdf\">Bioinformatika Oktat\u00e1s, Kutat\u00e1s, Szolg\u00e1ltat\u00e1sok (2024)<\/a><br \/>\n<a href=\"https:\/\/semmelweis.hu\/bioinformatika\/files\/2023\/07\/Bioinformatika_2023.pdf\">Bioinformatika &#8211; a j\u00f6v\u0151 \u00faj tudom\u00e1ny\u00e1ga (2023)<\/a><br \/>\n<a href=\"https:\/\/semmelweis.hu\/bioinformatika\/files\/2023\/07\/OnkoBank_2023.pdf\">Onkobank (2023)<\/a><br \/>\n<a href=\"https:\/\/semmelweis.hu\/bioinformatika\/files\/2023\/06\/Bioinformatika-Magyarorszagon_2022.pdf\" target=\"_blank\" rel=\"noopener\">Bioinformatika Magyarorsz\u00e1gon (2022)<\/a><br \/>\n<a href=\"https:\/\/semmelweis.hu\/bioinformatika\/files\/2023\/06\/BIT-bemutato_2021.pdf\" target=\"_blank\" rel=\"noopener\">BIT bemutat\u00f3 (2021)<\/a><br \/>\n<a href=\"https:\/\/semmelweis.hu\/bioinformatika\/files\/2023\/06\/ELIXIR-bemutato_2020.pdf\" target=\"_blank\" rel=\"noopener\">ELIXIR Magyarorsz\u00e1g (2020)<\/a><\/p>\n<p>&nbsp;<\/p>\n<div dir=\"ltr\" data-setdir=\"false\">\n<div class=\"yahoo-style-wrap\">\n<div dir=\"ltr\" data-setdir=\"false\">\u00a0<\/div>\n<\/div>\n<\/div>\n<\/div>\n<\/div>\n","protected":false},"excerpt":{"rendered":"<p>&nbsp;<\/p>\n<p><a href=\"https:\/\/semmelweis.hu\/bioinformatika\/files\/2024\/07\/BIT_bemutatkozo_kiadvany.pdf\">Bioinformatika Oktat\u00e1s, Kutat\u00e1s, Szolg\u00e1ltat\u00e1sok (2024)<\/a><br \/>\n<a href=\"https:\/\/semmelweis.hu\/bioinformatika\/files\/2023\/07\/Bioinformatika_2023.pdf\">Bioinformatika &#8211; a j\u00f6v\u0151 \u00faj tudom\u00e1ny\u00e1ga (2023)<\/a><br \/>\n<a href=\"https:\/\/semmelweis.hu\/bioinformatika\/files\/2023\/07\/OnkoBank_2023.pdf\">Onkobank (2023)<\/a><br \/>\n<a href=\"https:\/\/semmelweis.hu\/bioinformatika\/files\/2023\/06\/Bioinformatika-Magyarorszagon_2022.pdf\" target=\"_blank\" rel=\"noopener\">Bioinformatika Magyarorsz\u00e1gon (2022)<\/a><br \/>\n<a href=\"https:\/\/semmelweis.hu\/bioinformatika\/files\/2023\/06\/BIT-bemutato_2021.pdf\" target=\"_blank\" rel=\"noopener\">BIT bemutat\u00f3 (2021)<\/a><br \/>\n<a href=\"https:\/\/semmelweis.hu\/bioinformatika\/files\/2023\/06\/ELIXIR-bemutato_2020.pdf\" target=\"_blank\" rel=\"noopener\">ELIXIR Magyarorsz\u00e1g (2020)<\/a><br \/>\n&nbsp;<\/p>\n<p>\u00a0<\/p>\n","protected":false},"author":102018,"featured_media":0,"parent":6501,"menu_order":1,"comment_status":"closed","ping_status":"closed","template":"","meta":{"_acf_changed":false,"footnotes":""},"categories":[],"tags":[],"class_list":["post-9377","page","type-page","status-publish","hentry"],"acf":[],"_links":{"self":[{"href":"https:\/\/semmelweis.hu\/bioinformatika\/wp-json\/wp\/v2\/pages\/9377","targetHints":{"allow":["GET"]}}],"collection":[{"href":"https:\/\/semmelweis.hu\/bioinformatika\/wp-json\/wp\/v2\/pages"}],"about":[{"href":"https:\/\/semmelweis.hu\/bioinformatika\/wp-json\/wp\/v2\/types\/page"}],"author":[{"embeddable":true,"href":"https:\/\/semmelweis.hu\/bioinformatika\/wp-json\/wp\/v2\/users\/102018"}],"replies":[{"embeddable":true,"href":"https:\/\/semmelweis.hu\/bioinformatika\/wp-json\/wp\/v2\/comments?post=9377"}],"version-history":[{"count":10,"href":"https:\/\/semmelweis.hu\/bioinformatika\/wp-json\/wp\/v2\/pages\/9377\/revisions"}],"predecessor-version":[{"id":10743,"href":"https:\/\/semmelweis.hu\/bioinformatika\/wp-json\/wp\/v2\/pages\/9377\/revisions\/10743"}],"up":[{"embeddable":true,"href":"https:\/\/semmelweis.hu\/bioinformatika\/wp-json\/wp\/v2\/pages\/6501"}],"wp:attachment":[{"href":"https:\/\/semmelweis.hu\/bioinformatika\/wp-json\/wp\/v2\/media?parent=9377"}],"wp:term":[{"taxonomy":"category","embeddable":true,"href":"https:\/\/semmelweis.hu\/bioinformatika\/wp-json\/wp\/v2\/categories?post=9377"},{"taxonomy":"post_tag","embeddable":true,"href":"https:\/\/semmelweis.hu\/bioinformatika\/wp-json\/wp\/v2\/tags?post=9377"}],"curies":[{"name":"wp","href":"https:\/\/api.w.org\/{rel}","templated":true}]}}