{"id":9021,"date":"2023-03-17T09:34:45","date_gmt":"2023-03-17T08:34:45","guid":{"rendered":"https:\/\/semmelweis.hu\/bioinformatika\/?page_id=9021"},"modified":"2024-09-26T12:26:26","modified_gmt":"2024-09-26T10:26:26","slug":"gyorgy-dorka","status":"publish","type":"page","link":"https:\/\/semmelweis.hu\/bioinformatika\/tanszekunk-bemutatasa\/tdk-hallgatok\/gyorgy-dorka\/","title":{"rendered":"Gy\u00f6rgy Dorka"},"content":{"rendered":"<div dir=\"ltr\">\n<p><img loading=\"lazy\" decoding=\"async\" class=\" wp-image-9023 alignleft\" src=\"https:\/\/semmelweis.hu\/bioinformatika\/files\/2023\/03\/Gyorgy-Dorka-258_327.jpg\" alt=\"\" width=\"279\" height=\"353\" \/><\/p>\n<p><span style=\"font-size: 1rem\"><strong>n\u00e9v:<\/strong> Gy\u00f6rgy Dorka<\/span><\/p>\n<p><strong>t\u00e9ma:<\/strong> Eml\u0151r\u00e1kos sejtekben meleg\u00edt\u00e9s hat\u00e1s\u00e1ra bek\u00f6vetkez\u0151 v\u00e1ltoz\u00e1sok<\/p>\n<p><strong>t\u00e9mavezet\u0151:<\/strong> Dr. Menyh\u00e1rt Ot\u00edlia<\/p>\n<p><strong>r\u00f6vid bemutatkoz\u00e1s:<\/strong> <br \/>\nA SOTE \u00c1OK szak\u00e1n vagyok harmad\u00e9ves hallgat\u00f3. Jelenleg az onkol\u00f3gia \u00e9rdekel a legjobban, annak is ink\u00e1bb a kutat\u00e1si ir\u00e1nya. Egy most indul\u00f3 klinikai k\u00eds\u00e9rletben is r\u00e9szt veszek, melyben a modul\u00e1lt elektro-hipertermia ter\u00e1pi\u00e1s hat\u00e1s\u00e1t vizsg\u00e1ljuk eml\u0151r\u00e1kos betegeken.<\/p>\n<\/div>\n","protected":false},"excerpt":{"rendered":"<p>n\u00e9v: Gy\u00f6rgy Dorka<br \/>\nt\u00e9ma: Eml\u0151r\u00e1kos sejtekben meleg\u00edt\u00e9s hat\u00e1s\u00e1ra bek\u00f6vetkez\u0151 v\u00e1ltoz\u00e1sok<br \/>\nt\u00e9mavezet\u0151: Dr. Menyh\u00e1rt Ot\u00edlia<br \/>\nr\u00f6vid bemutatkoz\u00e1s:<br \/>\nA SOTE \u00c1OK szak\u00e1n vagyok harmad\u00e9ves hallgat\u00f3. Jelenleg az onkol\u00f3gia \u00e9rdekel a legjobban, annak is ink\u00e1bb a kutat\u00e1si ir\u00e1nya. Egy most indul\u00f3 klinikai k\u00eds\u00e9rletben is r\u00e9szt veszek, melyben a modul\u00e1lt elektro-hipertermia ter\u00e1pi\u00e1s hat\u00e1s\u00e1t vizsg\u00e1ljuk eml\u0151r\u00e1kos betegeken.<\/p>\n","protected":false},"author":102018,"featured_media":0,"parent":8760,"menu_order":3,"comment_status":"closed","ping_status":"closed","template":"","meta":{"_acf_changed":false,"footnotes":""},"categories":[],"tags":[],"class_list":["post-9021","page","type-page","status-publish","hentry"],"acf":[],"_links":{"self":[{"href":"https:\/\/semmelweis.hu\/bioinformatika\/wp-json\/wp\/v2\/pages\/9021","targetHints":{"allow":["GET"]}}],"collection":[{"href":"https:\/\/semmelweis.hu\/bioinformatika\/wp-json\/wp\/v2\/pages"}],"about":[{"href":"https:\/\/semmelweis.hu\/bioinformatika\/wp-json\/wp\/v2\/types\/page"}],"author":[{"embeddable":true,"href":"https:\/\/semmelweis.hu\/bioinformatika\/wp-json\/wp\/v2\/users\/102018"}],"replies":[{"embeddable":true,"href":"https:\/\/semmelweis.hu\/bioinformatika\/wp-json\/wp\/v2\/comments?post=9021"}],"version-history":[{"count":9,"href":"https:\/\/semmelweis.hu\/bioinformatika\/wp-json\/wp\/v2\/pages\/9021\/revisions"}],"predecessor-version":[{"id":9033,"href":"https:\/\/semmelweis.hu\/bioinformatika\/wp-json\/wp\/v2\/pages\/9021\/revisions\/9033"}],"up":[{"embeddable":true,"href":"https:\/\/semmelweis.hu\/bioinformatika\/wp-json\/wp\/v2\/pages\/8760"}],"wp:attachment":[{"href":"https:\/\/semmelweis.hu\/bioinformatika\/wp-json\/wp\/v2\/media?parent=9021"}],"wp:term":[{"taxonomy":"category","embeddable":true,"href":"https:\/\/semmelweis.hu\/bioinformatika\/wp-json\/wp\/v2\/categories?post=9021"},{"taxonomy":"post_tag","embeddable":true,"href":"https:\/\/semmelweis.hu\/bioinformatika\/wp-json\/wp\/v2\/tags?post=9021"}],"curies":[{"name":"wp","href":"https:\/\/api.w.org\/{rel}","templated":true}]}}