{"id":8910,"date":"2023-02-10T15:51:01","date_gmt":"2023-02-10T14:51:01","guid":{"rendered":"https:\/\/semmelweis.hu\/bioinformatika\/?page_id=8910"},"modified":"2024-09-26T12:30:16","modified_gmt":"2024-09-26T10:30:16","slug":"kemenes-aron","status":"publish","type":"page","link":"https:\/\/semmelweis.hu\/bioinformatika\/tanszekunk-bemutatasa\/tdk-hallgatok\/kemenes-aron\/","title":{"rendered":"K\u00e9menes \u00c1ron"},"content":{"rendered":"<p><strong><img loading=\"lazy\" decoding=\"async\" class=\"size-full wp-image-8911 alignleft\" src=\"https:\/\/semmelweis.hu\/bioinformatika\/files\/2023\/02\/Kemenes_Aron_230__kep.jpg\" alt=\"\" width=\"230\" height=\"356\" \/>n\u00e9v:<\/strong> K\u00e9menes \u00c1ron<\/p>\n<p><strong>t\u00e9ma:<\/strong> Eml\u0151tumoros betegek t\u00fal\u00e9l\u00e9s\u00e9nek predikci\u00f3ja<\/p>\n<p><strong>t\u00e9mavezet\u0151:<\/strong> Prof. Dr. Gy\u0151rffy Bal\u00e1zs<\/p>\n<p><strong>r\u00f6vid bemutatkoz\u00e1s:<\/strong><\/p>\n<p>K\u00e9menes \u00c1ron vagyok negyed\u00e9ves hallgat\u00f3 a Semmelweis Egyetem \u00c1ltal\u00e1nos Orvostudom\u00e1nyi Kar\u00e1n. A programoz\u00e1s ir\u00e1nti \u00e9rdekl\u0151d\u00e9sem k\u00f6z\u00e9piskol\u00e1s korom \u00f3ta k\u00eds\u00e9r utamon, ahol szakk\u00f6r\u00f6n kezdtem el foglalkozni a t\u00e9m\u00e1val, majd k\u00e9s\u0151bb vend\u00e9ghallgat\u00f3k\u00e9nt a P\u00e1zm\u00e1ny P\u00e9ter Katolikus Egyetemen k\u00e9t f\u00e9l\u00e9vig tanultam a k\u00f3dol\u00e1s rejtelmeit. Jelenleg a mesters\u00e9ges intelligencia, \u00e9s ennek orvosi ter\u00fcleten val\u00f3 alkalmaz\u00e1sa foglalkoztat a legink\u00e1bb.\u00a0<\/p>\n","protected":false},"excerpt":{"rendered":"<p>n\u00e9v: K\u00e9menes \u00c1ron t\u00e9ma: Eml\u0151tumoros betegek t\u00fal\u00e9l\u00e9s\u00e9nek predikci\u00f3ja t\u00e9mavezet\u0151: Prof. Dr. Gy\u0151rffy Bal\u00e1zs r\u00f6vid bemutatkoz\u00e1s: K\u00e9menes \u00c1ron vagyok negyed\u00e9ves hallgat\u00f3 a Semmelweis Egyetem \u00c1ltal\u00e1nos Orvostudom\u00e1nyi Kar\u00e1n. A programoz\u00e1s ir\u00e1nti \u00e9rdekl\u0151d\u00e9sem k\u00f6z\u00e9piskol\u00e1s korom \u00f3ta k\u00eds\u00e9r utamon, ahol szakk\u00f6r\u00f6n kezdtem el foglalkozni a t\u00e9m\u00e1val, majd k\u00e9s\u0151bb vend\u00e9ghallgat\u00f3k\u00e9nt a P\u00e1zm\u00e1ny P\u00e9ter Katolikus Egyetemen k\u00e9t f\u00e9l\u00e9vig tanultam a k\u00f3dol\u00e1s &hellip;<\/p>\n","protected":false},"author":102018,"featured_media":0,"parent":8760,"menu_order":7,"comment_status":"closed","ping_status":"closed","template":"","meta":{"_acf_changed":false,"footnotes":""},"categories":[],"tags":[],"class_list":["post-8910","page","type-page","status-publish","hentry"],"acf":[],"_links":{"self":[{"href":"https:\/\/semmelweis.hu\/bioinformatika\/wp-json\/wp\/v2\/pages\/8910","targetHints":{"allow":["GET"]}}],"collection":[{"href":"https:\/\/semmelweis.hu\/bioinformatika\/wp-json\/wp\/v2\/pages"}],"about":[{"href":"https:\/\/semmelweis.hu\/bioinformatika\/wp-json\/wp\/v2\/types\/page"}],"author":[{"embeddable":true,"href":"https:\/\/semmelweis.hu\/bioinformatika\/wp-json\/wp\/v2\/users\/102018"}],"replies":[{"embeddable":true,"href":"https:\/\/semmelweis.hu\/bioinformatika\/wp-json\/wp\/v2\/comments?post=8910"}],"version-history":[{"count":1,"href":"https:\/\/semmelweis.hu\/bioinformatika\/wp-json\/wp\/v2\/pages\/8910\/revisions"}],"predecessor-version":[{"id":8912,"href":"https:\/\/semmelweis.hu\/bioinformatika\/wp-json\/wp\/v2\/pages\/8910\/revisions\/8912"}],"up":[{"embeddable":true,"href":"https:\/\/semmelweis.hu\/bioinformatika\/wp-json\/wp\/v2\/pages\/8760"}],"wp:attachment":[{"href":"https:\/\/semmelweis.hu\/bioinformatika\/wp-json\/wp\/v2\/media?parent=8910"}],"wp:term":[{"taxonomy":"category","embeddable":true,"href":"https:\/\/semmelweis.hu\/bioinformatika\/wp-json\/wp\/v2\/categories?post=8910"},{"taxonomy":"post_tag","embeddable":true,"href":"https:\/\/semmelweis.hu\/bioinformatika\/wp-json\/wp\/v2\/tags?post=8910"}],"curies":[{"name":"wp","href":"https:\/\/api.w.org\/{rel}","templated":true}]}}