{"id":8770,"date":"2023-01-26T12:24:37","date_gmt":"2023-01-26T11:24:37","guid":{"rendered":"https:\/\/semmelweis.hu\/bioinformatika\/?page_id=8770"},"modified":"2024-09-26T12:23:38","modified_gmt":"2024-09-26T10:23:38","slug":"dolecsek-fanni","status":"publish","type":"page","link":"https:\/\/semmelweis.hu\/bioinformatika\/tanszekunk-bemutatasa\/tdk-hallgatok\/dolecsek-fanni\/","title":{"rendered":"Dolecsek Fanni"},"content":{"rendered":"<p><strong><img loading=\"lazy\" decoding=\"async\" class=\"size-full wp-image-8980 alignleft\" src=\"https:\/\/semmelweis.hu\/bioinformatika\/files\/2023\/02\/Dolecsek-Fanni_260_344.jpg\" alt=\"\" width=\"260\" height=\"344\" \/>n\u00e9v<\/strong>: Dolecsek Fanni<\/p>\n<p><strong>t\u00e9ma<\/strong>: Non-oncogenic vulnerabilities<\/p>\n<p><strong>t\u00e9mavezet\u0151:<\/strong> Dr. Menyh\u00e1rt Ot\u00edlia<\/p>\n<p><strong>kutat\u00e1si t\u00e9ma \u00f6sszefoglal\u00e1sa:<\/strong> Az eml\u0151tumor sejtteny\u00e9szetet k\u00fcl\u00f6nb\u00f6z\u0151 anyagokkal (gl\u00fck\u00f3z, C-vitamin) kezelj\u00fck, \u00e9s megfigyelj\u00fck, hogyan reag\u00e1lnak ezekre a sejtek. Olyan transzkriptomos v\u00e1ltoz\u00e1sokat keres\u00fcnk, amik a ter\u00e1pia alatt seg\u00edtik a tumorsejtek t\u00fal\u00e9l\u00e9s\u00e9t. Ezek t\u00e1mad\u00e1si pontk\u00e9nt szolg\u00e1lhatnak, \u00e9s felhaszn\u00e1lhat\u00f3ak lenn\u00e9nek a klinikumban.<\/p>\n<p>&nbsp;<\/p>\n","protected":false},"excerpt":{"rendered":"<p>n\u00e9v: Dolecsek Fanni<br \/>\nt\u00e9ma: Non-oncogenic vulnerabilities<br \/>\nt\u00e9mavezet\u0151: Dr. Menyh\u00e1rt Ot\u00edlia<br \/>\nkutat\u00e1si t\u00e9ma \u00f6sszefoglal\u00e1sa: Az eml\u0151tumor sejtteny\u00e9szetet k\u00fcl\u00f6nb\u00f6z\u0151 anyagokkal (gl\u00fck\u00f3z, C-vitamin) kezelj\u00fck, \u00e9s megfigyelj\u00fck, hogyan reag\u00e1lnak ezekre a sejtek. Olyan transzkriptomos v\u00e1ltoz\u00e1sokat keres\u00fcnk, amik a ter\u00e1pia alatt seg\u00edtik a tumorsejtek t\u00fal\u00e9l\u00e9s\u00e9t. Ezek t\u00e1mad\u00e1si pontk\u00e9nt szolg\u00e1lhatnak, \u00e9s felhaszn\u00e1lhat\u00f3ak lenn\u00e9nek a klinikumban.<br \/>\n&nbsp;<\/p>\n","protected":false},"author":102018,"featured_media":0,"parent":8760,"menu_order":1,"comment_status":"closed","ping_status":"closed","template":"","meta":{"_acf_changed":false,"footnotes":""},"categories":[],"tags":[],"class_list":["post-8770","page","type-page","status-publish","hentry"],"acf":[],"_links":{"self":[{"href":"https:\/\/semmelweis.hu\/bioinformatika\/wp-json\/wp\/v2\/pages\/8770","targetHints":{"allow":["GET"]}}],"collection":[{"href":"https:\/\/semmelweis.hu\/bioinformatika\/wp-json\/wp\/v2\/pages"}],"about":[{"href":"https:\/\/semmelweis.hu\/bioinformatika\/wp-json\/wp\/v2\/types\/page"}],"author":[{"embeddable":true,"href":"https:\/\/semmelweis.hu\/bioinformatika\/wp-json\/wp\/v2\/users\/102018"}],"replies":[{"embeddable":true,"href":"https:\/\/semmelweis.hu\/bioinformatika\/wp-json\/wp\/v2\/comments?post=8770"}],"version-history":[{"count":7,"href":"https:\/\/semmelweis.hu\/bioinformatika\/wp-json\/wp\/v2\/pages\/8770\/revisions"}],"predecessor-version":[{"id":8981,"href":"https:\/\/semmelweis.hu\/bioinformatika\/wp-json\/wp\/v2\/pages\/8770\/revisions\/8981"}],"up":[{"embeddable":true,"href":"https:\/\/semmelweis.hu\/bioinformatika\/wp-json\/wp\/v2\/pages\/8760"}],"wp:attachment":[{"href":"https:\/\/semmelweis.hu\/bioinformatika\/wp-json\/wp\/v2\/media?parent=8770"}],"wp:term":[{"taxonomy":"category","embeddable":true,"href":"https:\/\/semmelweis.hu\/bioinformatika\/wp-json\/wp\/v2\/categories?post=8770"},{"taxonomy":"post_tag","embeddable":true,"href":"https:\/\/semmelweis.hu\/bioinformatika\/wp-json\/wp\/v2\/tags?post=8770"}],"curies":[{"name":"wp","href":"https:\/\/api.w.org\/{rel}","templated":true}]}}