{"id":8754,"date":"2023-01-26T12:10:44","date_gmt":"2023-01-26T11:10:44","guid":{"rendered":"https:\/\/semmelweis.hu\/bioinformatika\/?page_id=8754"},"modified":"2023-10-06T15:06:15","modified_gmt":"2023-10-06T13:06:15","slug":"dr-william-kothalawala","status":"publish","type":"page","link":"https:\/\/semmelweis.hu\/bioinformatika\/tanszekunk-bemutatasa\/phd-hallgatok\/dr-william-kothalawala\/","title":{"rendered":"Dr. Kothalawala William Jayasekara"},"content":{"rendered":"<p><strong> <img loading=\"lazy\" decoding=\"async\" class=\"size-medium wp-image-8814 alignleft\" src=\"https:\/\/semmelweis.hu\/bioinformatika\/files\/2023\/01\/william_280x203.png\" alt=\"\" width=\"280\" height=\"203\" \/><\/strong><\/p>\n<p><strong>n\u00e9v:<\/strong> Dr. Kothalawala William Jayasekara<\/p>\n<p><strong>t\u00e9ma:<\/strong> Egyes sejtes transzkriptomikai adathalmazok integr\u00e1lt elemz\u00e9se vastagb\u00e9l- \u00e9s eml\u0151daganatokban<\/p>\n<p><strong>t\u00e9mavezet\u0151:<\/strong> Prof. Dr. Gy\u0151rffy Bal\u00e1zs<\/p>\n<p>&nbsp;<\/p>\n<p><strong>kutat\u00e1si t\u00e9ma r\u00f6vid \u00f6sszefoglal\u00e1sa:<\/strong> Kutat\u00e1saim sor\u00e1n ny\u00edlt hozz\u00e1f\u00e9r\u00e9s\u0171 adatb\u00e1zisokon el\u00e9rhet\u0151 egyes sejtes transzkriptomikai (single-cell RNA-seq) adathalmazok feldolgoz\u00e1s\u00e1val, integr\u00e1l\u00e1s\u00e1val \u00e9s anal\u00edzis\u00e9vel foglalkozom. C\u00e9lom, hogy eml\u0151- \u00e9s vastagb\u00e9ltumoros mint\u00e1kb\u00f3l nagy mintasz\u00e1m\u00fa, t\u00f6bb sz\u00e1zezer norm\u00e1l \u00e9s tumoros sejtet is tartalmaz\u00f3 atlaszt hozzak l\u00e9tre. A tervezett atlasz lehet\u0151v\u00e9 teszi kutat\u00f3k sz\u00e1m\u00e1ra, hogy vizsg\u00e1lj\u00e1k a sejtt\u00edpusok \u00f6sszet\u00e9tel\u00e9t a daganatt\u00edpusokban, valamint k\u00fcl\u00f6nb\u00f6z\u0151 \u00f6sszehasonl\u00edt\u00e1sokat v\u00e9gezzenek, p\u00e9ld\u00e1ul differenci\u00e1lg\u00e9nexpresszi\u00f3 vizsg\u00e1lata norm\u00e1l \u00e9s tumoros sz\u00f6vet, illetve a sejtt\u00edpusok csoportjai k\u00f6z\u00f6tt.<\/p>\n<p><strong>k\u00f6zlem\u00e9nyek list\u00e1ja<\/strong>:<\/p>\n<p>Kothalawala, William Jayasekara, and Bal\u00e1zs Gy\u0151rffy. &#8222;Transcriptomic and cellular content analysis of colorectal cancer by combining multiple independent cohorts.&#8221; Clinical and Translational Gastroenterology (2022): 10-14309.<\/p>\n<p>Kothalawala, William J., et al. &#8222;A Detailed Overview About the Single-Cell Analyses of Solid Tumors Focusing on Colorectal Cancer.&#8221; Pathology and Oncology Research (2022): 74.<br \/>\nZsigrai, S\u00e1ra, et al. &#8222;Folic Acid Treatment Directly Influences the Genetic and Epigenetic Regulation along with the Associated Cellular Maintenance Processes of HT-29 and SW480 Colorectal Cancer Cell Lines.&#8221; Cancers 14.7 (2022): 1820.<\/p>\n","protected":false},"excerpt":{"rendered":"<p>n\u00e9v: Dr. Kothalawala William Jayasekara t\u00e9ma: Egyes sejtes transzkriptomikai adathalmazok integr\u00e1lt elemz\u00e9se vastagb\u00e9l- \u00e9s eml\u0151daganatokban t\u00e9mavezet\u0151: Prof. Dr. Gy\u0151rffy Bal\u00e1zs &nbsp; kutat\u00e1si t\u00e9ma r\u00f6vid \u00f6sszefoglal\u00e1sa: Kutat\u00e1saim sor\u00e1n ny\u00edlt hozz\u00e1f\u00e9r\u00e9s\u0171 adatb\u00e1zisokon el\u00e9rhet\u0151 egyes sejtes transzkriptomikai (single-cell RNA-seq) adathalmazok feldolgoz\u00e1s\u00e1val, integr\u00e1l\u00e1s\u00e1val \u00e9s anal\u00edzis\u00e9vel foglalkozom. C\u00e9lom, hogy eml\u0151- \u00e9s vastagb\u00e9ltumoros mint\u00e1kb\u00f3l nagy mintasz\u00e1m\u00fa, t\u00f6bb sz\u00e1zezer norm\u00e1l \u00e9s tumoros &hellip;<\/p>\n","protected":false},"author":102018,"featured_media":0,"parent":8727,"menu_order":4,"comment_status":"closed","ping_status":"closed","template":"","meta":{"_acf_changed":false,"footnotes":""},"categories":[],"tags":[],"class_list":["post-8754","page","type-page","status-publish","hentry"],"acf":[],"_links":{"self":[{"href":"https:\/\/semmelweis.hu\/bioinformatika\/wp-json\/wp\/v2\/pages\/8754","targetHints":{"allow":["GET"]}}],"collection":[{"href":"https:\/\/semmelweis.hu\/bioinformatika\/wp-json\/wp\/v2\/pages"}],"about":[{"href":"https:\/\/semmelweis.hu\/bioinformatika\/wp-json\/wp\/v2\/types\/page"}],"author":[{"embeddable":true,"href":"https:\/\/semmelweis.hu\/bioinformatika\/wp-json\/wp\/v2\/users\/102018"}],"replies":[{"embeddable":true,"href":"https:\/\/semmelweis.hu\/bioinformatika\/wp-json\/wp\/v2\/comments?post=8754"}],"version-history":[{"count":10,"href":"https:\/\/semmelweis.hu\/bioinformatika\/wp-json\/wp\/v2\/pages\/8754\/revisions"}],"predecessor-version":[{"id":8924,"href":"https:\/\/semmelweis.hu\/bioinformatika\/wp-json\/wp\/v2\/pages\/8754\/revisions\/8924"}],"up":[{"embeddable":true,"href":"https:\/\/semmelweis.hu\/bioinformatika\/wp-json\/wp\/v2\/pages\/8727"}],"wp:attachment":[{"href":"https:\/\/semmelweis.hu\/bioinformatika\/wp-json\/wp\/v2\/media?parent=8754"}],"wp:term":[{"taxonomy":"category","embeddable":true,"href":"https:\/\/semmelweis.hu\/bioinformatika\/wp-json\/wp\/v2\/categories?post=8754"},{"taxonomy":"post_tag","embeddable":true,"href":"https:\/\/semmelweis.hu\/bioinformatika\/wp-json\/wp\/v2\/tags?post=8754"}],"curies":[{"name":"wp","href":"https:\/\/api.w.org\/{rel}","templated":true}]}}