{"id":8751,"date":"2023-01-26T12:08:57","date_gmt":"2023-01-26T11:08:57","guid":{"rendered":"https:\/\/semmelweis.hu\/bioinformatika\/?page_id=8751"},"modified":"2023-10-06T15:09:13","modified_gmt":"2023-10-06T13:09:13","slug":"muller-dalma","status":"publish","type":"page","link":"https:\/\/semmelweis.hu\/bioinformatika\/tanszekunk-bemutatasa\/phd-hallgatok\/muller-dalma\/","title":{"rendered":"M\u00fcller Dalma"},"content":{"rendered":"<p><img loading=\"lazy\" decoding=\"async\" class=\"size-full wp-image-8800 alignleft\" src=\"https:\/\/semmelweis.hu\/bioinformatika\/files\/2023\/01\/Muller-Dalma_260_200foto.jpg\" alt=\"\" width=\"260\" height=\"199\" \/><\/p>\n<p><strong>n\u00e9v:<\/strong> M\u00fcller Dalma<\/p>\n<p><strong>t\u00e9ma:<\/strong> Rosszindulat\u00fa daganatok heterogenit\u00e1s\u00e1nak klinikai hat\u00e1sai<\/p>\n<p><strong>t\u00e9mavezet\u0151:<\/strong> Prof. Dr. Gy\u0151rffy Bal\u00e1zs<\/p>\n<p>&nbsp;<\/p>\n<p><strong>kutat\u00e1si t\u00e9ma \u00f6sszefoglal\u00e1sa:<\/strong><\/p>\n<p>Kutat\u00e1som sor\u00e1n els\u0151sorban vastagb\u00e9l adenokarcin\u00f3m\u00e1ban vizsg\u00e1lom a DNS metilomot, els\u0151sorban microarray technol\u00f3gia felhaszn\u00e1l\u00e1s\u00e1val k\u00e9sz\u00fclt adatok elemz\u00e9se \u00e1ltal. Munk\u00e1m c\u00e9lja a DNS metil\u00e1ci\u00f3 tumorprogresszi\u00f3ban bet\u00f6lt\u00f6tt szerep\u00e9nek vizsg\u00e1lata, illetve \u00faj, metil\u00e1ci\u00f3-alap\u00fa biomarker-jel\u00f6ltek azonos\u00edt\u00e1sa. Mindezek mellett az \u00f6sszegy\u0171jt\u00f6tt adatokat egy, a k\u00fcl\u00f6nb\u00f6z\u0151 sz\u00f6vetek \u00f6sszehasonl\u00edt\u00e1s\u00e1t szolg\u00e1l\u00f3 webes fel\u00fclet l\u00e9trehoz\u00e1s\u00e1n dolgozom.<\/p>\n<p><strong>eddig megjelent k\u00f6zlem\u00e9nyek list\u00e1ja:<\/strong><\/p>\n<p>1: M\u00fcller D, Gy\u0151rffy B. DNA methylation-based diagnostic, prognostic, and<br \/>\npredictive biomarkers in colorectal cancer. Biochim Biophys Acta Rev Cancer.<br \/>\n2022 May;1877(3):188722. doi: 10.1016\/j.bbcan.2022.188722. Epub 2022 Mar 17.<br \/>\nPMID: 35307512.<\/p>\n<p>2: Annus T, M\u00fcller D, Jezs\u00f3 B, Ullaga G, N\u00e9meth B, Harami GM, Orb\u00e1n L, Kov\u00e1cs M,<br \/>\nVarga M. Bloom syndrome helicase contributes to germ line development and<br \/>\nlongevity in zebrafish. Cell Death Dis. 2022 Apr 18;13(4):363. doi:<br \/>\n10.1038\/s41419-022-04815-8. PMID: 35436990; PMCID: PMC9016072.<\/p>\n<p>3: \u00c1y \u00c9, M\u00fcller V, Mezei M, Pocskay \u00c1, Koroknai A, M\u00fcller D, Gy\u0151ri Z, Marschalk\u00f3<br \/>\nM, T\u00f3th B, K\u00e1rp\u00e1ti S, Lakatos B, Szl\u00e1vik J, Tak\u00e1cs M, Min\u00e1rovits J. Transmitted<br \/>\ndrug resistance in newly diagnosed and treatment-na\u00efve HIV type 1-infected<br \/>\npatients in Hungary. J Glob Antimicrob Resist. 2020 Mar;20:124-130. doi:<br \/>\n10.1016\/j.jgar.2019.07.014. Epub 2019 Jul 19. PMID: 31330377.<\/p>\n","protected":false},"excerpt":{"rendered":"<p>n\u00e9v: M\u00fcller Dalma t\u00e9ma: Rosszindulat\u00fa daganatok heterogenit\u00e1s\u00e1nak klinikai hat\u00e1sai t\u00e9mavezet\u0151: Prof. Dr. Gy\u0151rffy Bal\u00e1zs &nbsp; kutat\u00e1si t\u00e9ma \u00f6sszefoglal\u00e1sa: Kutat\u00e1som sor\u00e1n els\u0151sorban vastagb\u00e9l adenokarcin\u00f3m\u00e1ban vizsg\u00e1lom a DNS metilomot, els\u0151sorban microarray technol\u00f3gia felhaszn\u00e1l\u00e1s\u00e1val k\u00e9sz\u00fclt adatok elemz\u00e9se \u00e1ltal. Munk\u00e1m c\u00e9lja a DNS metil\u00e1ci\u00f3 tumorprogresszi\u00f3ban bet\u00f6lt\u00f6tt szerep\u00e9nek vizsg\u00e1lata, illetve \u00faj, metil\u00e1ci\u00f3-alap\u00fa biomarker-jel\u00f6ltek azonos\u00edt\u00e1sa. Mindezek mellett az \u00f6sszegy\u0171jt\u00f6tt adatokat egy, &hellip;<\/p>\n","protected":false},"author":102018,"featured_media":0,"parent":8727,"menu_order":7,"comment_status":"closed","ping_status":"closed","template":"","meta":{"_acf_changed":false,"footnotes":""},"categories":[],"tags":[],"class_list":["post-8751","page","type-page","status-publish","hentry"],"acf":[],"_links":{"self":[{"href":"https:\/\/semmelweis.hu\/bioinformatika\/wp-json\/wp\/v2\/pages\/8751","targetHints":{"allow":["GET"]}}],"collection":[{"href":"https:\/\/semmelweis.hu\/bioinformatika\/wp-json\/wp\/v2\/pages"}],"about":[{"href":"https:\/\/semmelweis.hu\/bioinformatika\/wp-json\/wp\/v2\/types\/page"}],"author":[{"embeddable":true,"href":"https:\/\/semmelweis.hu\/bioinformatika\/wp-json\/wp\/v2\/users\/102018"}],"replies":[{"embeddable":true,"href":"https:\/\/semmelweis.hu\/bioinformatika\/wp-json\/wp\/v2\/comments?post=8751"}],"version-history":[{"count":10,"href":"https:\/\/semmelweis.hu\/bioinformatika\/wp-json\/wp\/v2\/pages\/8751\/revisions"}],"predecessor-version":[{"id":8904,"href":"https:\/\/semmelweis.hu\/bioinformatika\/wp-json\/wp\/v2\/pages\/8751\/revisions\/8904"}],"up":[{"embeddable":true,"href":"https:\/\/semmelweis.hu\/bioinformatika\/wp-json\/wp\/v2\/pages\/8727"}],"wp:attachment":[{"href":"https:\/\/semmelweis.hu\/bioinformatika\/wp-json\/wp\/v2\/media?parent=8751"}],"wp:term":[{"taxonomy":"category","embeddable":true,"href":"https:\/\/semmelweis.hu\/bioinformatika\/wp-json\/wp\/v2\/categories?post=8751"},{"taxonomy":"post_tag","embeddable":true,"href":"https:\/\/semmelweis.hu\/bioinformatika\/wp-json\/wp\/v2\/tags?post=8751"}],"curies":[{"name":"wp","href":"https:\/\/api.w.org\/{rel}","templated":true}]}}