{"id":8745,"date":"2023-01-26T12:02:01","date_gmt":"2023-01-26T11:02:01","guid":{"rendered":"https:\/\/semmelweis.hu\/bioinformatika\/?page_id=8745"},"modified":"2023-10-24T15:22:19","modified_gmt":"2023-10-24T13:22:19","slug":"dr-bartha-aron-2","status":"publish","type":"page","link":"https:\/\/semmelweis.hu\/bioinformatika\/tanszekunk-bemutatasa\/oktato-kutatok\/dr-bartha-aron-2\/","title":{"rendered":"Dr. Bartha \u00c1ron"},"content":{"rendered":"<p><strong><img loading=\"lazy\" decoding=\"async\" class=\"size-full wp-image-8920 alignleft\" src=\"https:\/\/semmelweis.hu\/bioinformatika\/files\/2023\/02\/Bartha-Aron.jpg\" alt=\"\" width=\"261\" height=\"375\" \/>n\u00e9v:<\/strong> Dr. Bartha \u00c1ron<\/p>\n<p><strong>t\u00e9ma:<\/strong> Tumorprogresszi\u00f3 vizsg\u00e1lata bioinformatikai \u00e9s molekul\u00e1ris biol\u00f3giai eszk\u00f6z\u00f6kkel<\/p>\n<p><strong>beoszt\u00e1s: <\/strong>egyetemi tan\u00e1rseg\u00e9d<\/p>\n<p><strong>kutat\u00e1si t\u00e9ma \u00f6sszefoglal\u00e1sa:<\/strong><\/p>\n<p>Kutat\u00e1saim sor\u00e1n g\u00e9nek kifejez\u0151d\u00e9s\u00e9nek m\u00e9rt\u00e9k\u00e9t vizsg\u00e1lom norm\u00e1l, daganatos \u00e9s metasztatikus sz\u00f6vetekben. Eddigi munk\u00e1im eredm\u00e9nyek\u00e9nt l\u00e9trehoztuk a tnmplot.com elemz\u0151fel\u00fcletet, melynek seg\u00edts\u00e9g\u00e9vel lehet\u0151v\u00e9 v\u00e1lik a norm\u00e1l, daganatos \u00e9s \u00e1tt\u00e9tes sz\u00f6vetek g\u00e9nexpresszi\u00f3 szint\u0171 \u00f6sszehasonl\u00edt\u00f3 elemz\u00e9se. A webfel\u00fclet alapj\u00e1ul szolg\u00e1l\u00f3 adatb\u00e1zisban RNS szekven\u00e1l\u00e1s \u00e9s g\u00e9n chip alap\u00fa adatok tal\u00e1lhat\u00f3ak, \u00edgy \u00f6sszesen t\u00f6bb mint a 55 ezer mint\u00e1n lehet elemz\u00e9seket v\u00e9gezni k\u00f6zel 20 ezer g\u00e9nre t\u00f6bb mint 20 sz\u00f6vet t\u00edpus eset\u00e9n. Tov\u00e1bbi munk\u00e1im sor\u00e1n f\u0151k\u00e9pp RNS szekven\u00e1l\u00e1si \u00e9s t\u00f6megspektrometriai adatok feldolog\u00e1z\u00e1s\u00e1val, ki\u00e9rt\u00e9kel\u00e9s\u00e9vel \u00e9s \u00e1br\u00e1zol\u00e1s\u00e1val foglalkozom. A tansz\u00e9ken tov\u00e1bb\u00e1 r\u00e9szt veszek a mesters\u00e9ges intelligencia, proteomika \u00e9s adat\u00e1br\u00e1zol\u00e1s modulok oktat\u00e1s\u00e1ban.<\/p>\n<p><strong>K\u00f6zlem\u00e9nyek list\u00e1ja:<\/strong><\/p>\n<p>TNMplot. com: a web tool for the comparison of gene expression in normal, tumor and metastatic tissues \u00c1 Bartha, B Gy\u0151rffy International journal of molecular sciences 2021<\/p>\n<p>Comprehensive Outline of Whole Exome Sequencing Data Analysis Tools Available in Clinical Oncology \u00c1 Bartha, B Gy\u0151rffy Cancers 2019<\/p>\n<p>Emergency Use and Efficacy of an Asynchronous Teledermatology System as a Novel Tool for Early Diagnosis of Skin Cancer during the First Wave of COVID-19 Pandemic A Jobb\u00e1gy, N Kiss, FA Meznerics, K Farkas, D Pl\u00e1z\u00e1r, S Bozs\u00e1nyi, &#8230; International Journal of Environmental Research and Public Health 2022<\/p>\n<p>Multispectral imaging algorithm predicts breslow thickness of melanoma S Bozs\u00e1nyi, NN Varga, K Farkas, A B\u00e1nv\u00f6lgyi, K L\u0151rincz, I Lihacova, &#8230; Journal of Clinical Medicine 2021<\/p>\n<p>In Vitro Insertional Mutagenesis Screen Identifies Novel Genes Driving Breast Cancer Metastasis C Miskey, L Botezatu, NA Temiz, A Gogol-Doring, A Bartha, B Gyorffy, &#8230; Molecular Cancer Research 2022<\/p>\n","protected":false},"excerpt":{"rendered":"<p>n\u00e9v: Dr. Bartha \u00c1ron t\u00e9ma: Tumorprogresszi\u00f3 vizsg\u00e1lata bioinformatikai \u00e9s molekul\u00e1ris biol\u00f3giai eszk\u00f6z\u00f6kkel beoszt\u00e1s: egyetemi tan\u00e1rseg\u00e9d kutat\u00e1si t\u00e9ma \u00f6sszefoglal\u00e1sa: Kutat\u00e1saim sor\u00e1n g\u00e9nek kifejez\u0151d\u00e9s\u00e9nek m\u00e9rt\u00e9k\u00e9t vizsg\u00e1lom norm\u00e1l, daganatos \u00e9s metasztatikus sz\u00f6vetekben. Eddigi munk\u00e1im eredm\u00e9nyek\u00e9nt l\u00e9trehoztuk a tnmplot.com elemz\u0151fel\u00fcletet, melynek seg\u00edts\u00e9g\u00e9vel lehet\u0151v\u00e9 v\u00e1lik a norm\u00e1l, daganatos \u00e9s \u00e1tt\u00e9tes sz\u00f6vetek g\u00e9nexpresszi\u00f3 szint\u0171 \u00f6sszehasonl\u00edt\u00f3 elemz\u00e9se. A webfel\u00fclet alapj\u00e1ul szolg\u00e1l\u00f3 adatb\u00e1zisban &hellip;<\/p>\n","protected":false},"author":102018,"featured_media":0,"parent":9740,"menu_order":5,"comment_status":"closed","ping_status":"closed","template":"","meta":{"_acf_changed":false,"footnotes":""},"categories":[],"tags":[],"class_list":["post-8745","page","type-page","status-publish","hentry"],"acf":[],"_links":{"self":[{"href":"https:\/\/semmelweis.hu\/bioinformatika\/wp-json\/wp\/v2\/pages\/8745","targetHints":{"allow":["GET"]}}],"collection":[{"href":"https:\/\/semmelweis.hu\/bioinformatika\/wp-json\/wp\/v2\/pages"}],"about":[{"href":"https:\/\/semmelweis.hu\/bioinformatika\/wp-json\/wp\/v2\/types\/page"}],"author":[{"embeddable":true,"href":"https:\/\/semmelweis.hu\/bioinformatika\/wp-json\/wp\/v2\/users\/102018"}],"replies":[{"embeddable":true,"href":"https:\/\/semmelweis.hu\/bioinformatika\/wp-json\/wp\/v2\/comments?post=8745"}],"version-history":[{"count":6,"href":"https:\/\/semmelweis.hu\/bioinformatika\/wp-json\/wp\/v2\/pages\/8745\/revisions"}],"predecessor-version":[{"id":9776,"href":"https:\/\/semmelweis.hu\/bioinformatika\/wp-json\/wp\/v2\/pages\/8745\/revisions\/9776"}],"up":[{"embeddable":true,"href":"https:\/\/semmelweis.hu\/bioinformatika\/wp-json\/wp\/v2\/pages\/9740"}],"wp:attachment":[{"href":"https:\/\/semmelweis.hu\/bioinformatika\/wp-json\/wp\/v2\/media?parent=8745"}],"wp:term":[{"taxonomy":"category","embeddable":true,"href":"https:\/\/semmelweis.hu\/bioinformatika\/wp-json\/wp\/v2\/categories?post=8745"},{"taxonomy":"post_tag","embeddable":true,"href":"https:\/\/semmelweis.hu\/bioinformatika\/wp-json\/wp\/v2\/tags?post=8745"}],"curies":[{"name":"wp","href":"https:\/\/api.w.org\/{rel}","templated":true}]}}