{"id":8593,"date":"2023-02-13T12:52:10","date_gmt":"2023-02-13T11:52:10","guid":{"rendered":"https:\/\/semmelweis.hu\/bioinformatika\/?page_id=8593"},"modified":"2024-09-26T12:22:09","modified_gmt":"2024-09-26T10:22:09","slug":"dobolyi-zsofia","status":"publish","type":"page","link":"https:\/\/semmelweis.hu\/bioinformatika\/tanszekunk-bemutatasa\/tdk-hallgatok\/dobolyi-zsofia\/","title":{"rendered":"Dobolyi Zs\u00f3fia"},"content":{"rendered":"<p><img loading=\"lazy\" decoding=\"async\" class=\"size-full wp-image-9864 alignleft\" src=\"https:\/\/semmelweis.hu\/bioinformatika\/files\/2023\/11\/dobolyi_zsofia_kep_260_330.jpg\" alt=\"\" width=\"260\" height=\"330\" \/><strong>n\u00e9v<\/strong>: Dobolyi Zs\u00f3fia<\/p>\n<p><strong>t\u00e9ma<\/strong>: Eml\u0151tumor \u00e1ltal okozott hal\u00e1loz\u00e1s klinikai adatokb\u00f3l t\u00f6rt\u00e9n\u0151 predikci\u00f3ja g\u00e9pi tanul\u00e1ssal<\/p>\n<p><strong>t\u00e9mavezet\u0151:<\/strong> Dr. Menyh\u00e1rt Ot\u00edlia<\/p>\n<p><strong>r\u00f6vid bemutatkoz\u00e1s<\/strong>: 2023-ban v\u00e9geztem Molekul\u00e1ris Bionika M\u00e9rn\u00f6ki BSc szakon, a P\u00e1zm\u00e1ny P\u00e9ter Katolikus Egyetem Inform\u00e1ci\u00f3s Technol\u00f3giai-, \u00e9s Bionikai Kar\u00e1n. Jelenleg Orvosi Biotechnol\u00f3gia mesterk\u00e9pz\u00e9sre j\u00e1rok, Alkalmazott Bioinformatika szakir\u00e1nyon vagyok. Kutat\u00e1som c\u00e9lja, hogy nagy mennyis\u00e9g\u0171 &#8211; ny\u00edlt adatb\u00e1zisokban el\u00e9rhet\u0151 &#8211; klinikai adat alapj\u00e1n predikt\u00e1ljam eml\u0151tumoros p\u00e1ciensek visszaes\u00e9s-mentes t\u00fal\u00e9l\u00e9s\u00e9nek id\u0151beli hossz\u00e1t. Ehhez k\u00fcl\u00f6nf\u00e9le g\u00e9pi tanul\u00e1si algoritmusokat fejlesztek, \u00e9s \u00f6sszehasonl\u00edtom predikci\u00f3s teljes\u00edtm\u00e9ny\u00fcket.<\/p>\n<p>&nbsp;<\/p>\n","protected":false},"excerpt":{"rendered":"<p>n\u00e9v: Dobolyi Zs\u00f3fia t\u00e9ma: Eml\u0151tumor \u00e1ltal okozott hal\u00e1loz\u00e1s klinikai adatokb\u00f3l t\u00f6rt\u00e9n\u0151 predikci\u00f3ja g\u00e9pi tanul\u00e1ssal t\u00e9mavezet\u0151: Dr. Menyh\u00e1rt Ot\u00edlia r\u00f6vid bemutatkoz\u00e1s: 2023-ban v\u00e9geztem Molekul\u00e1ris Bionika M\u00e9rn\u00f6ki BSc szakon, a P\u00e1zm\u00e1ny P\u00e9ter Katolikus Egyetem Inform\u00e1ci\u00f3s Technol\u00f3giai-, \u00e9s Bionikai Kar\u00e1n. Jelenleg Orvosi Biotechnol\u00f3gia mesterk\u00e9pz\u00e9sre j\u00e1rok, Alkalmazott Bioinformatika szakir\u00e1nyon vagyok. Kutat\u00e1som c\u00e9lja, hogy nagy mennyis\u00e9g\u0171 &#8211; ny\u00edlt adatb\u00e1zisokban el\u00e9rhet\u0151 &hellip;<\/p>\n","protected":false},"author":102018,"featured_media":0,"parent":8760,"menu_order":0,"comment_status":"closed","ping_status":"closed","template":"","meta":{"_acf_changed":false,"footnotes":""},"categories":[],"tags":[],"class_list":["post-8593","page","type-page","status-publish","hentry"],"acf":[],"_links":{"self":[{"href":"https:\/\/semmelweis.hu\/bioinformatika\/wp-json\/wp\/v2\/pages\/8593","targetHints":{"allow":["GET"]}}],"collection":[{"href":"https:\/\/semmelweis.hu\/bioinformatika\/wp-json\/wp\/v2\/pages"}],"about":[{"href":"https:\/\/semmelweis.hu\/bioinformatika\/wp-json\/wp\/v2\/types\/page"}],"author":[{"embeddable":true,"href":"https:\/\/semmelweis.hu\/bioinformatika\/wp-json\/wp\/v2\/users\/102018"}],"replies":[{"embeddable":true,"href":"https:\/\/semmelweis.hu\/bioinformatika\/wp-json\/wp\/v2\/comments?post=8593"}],"version-history":[{"count":9,"href":"https:\/\/semmelweis.hu\/bioinformatika\/wp-json\/wp\/v2\/pages\/8593\/revisions"}],"predecessor-version":[{"id":9866,"href":"https:\/\/semmelweis.hu\/bioinformatika\/wp-json\/wp\/v2\/pages\/8593\/revisions\/9866"}],"up":[{"embeddable":true,"href":"https:\/\/semmelweis.hu\/bioinformatika\/wp-json\/wp\/v2\/pages\/8760"}],"wp:attachment":[{"href":"https:\/\/semmelweis.hu\/bioinformatika\/wp-json\/wp\/v2\/media?parent=8593"}],"wp:term":[{"taxonomy":"category","embeddable":true,"href":"https:\/\/semmelweis.hu\/bioinformatika\/wp-json\/wp\/v2\/categories?post=8593"},{"taxonomy":"post_tag","embeddable":true,"href":"https:\/\/semmelweis.hu\/bioinformatika\/wp-json\/wp\/v2\/tags?post=8593"}],"curies":[{"name":"wp","href":"https:\/\/api.w.org\/{rel}","templated":true}]}}