{"id":8185,"date":"2022-04-23T14:47:14","date_gmt":"2022-04-23T12:47:14","guid":{"rendered":"https:\/\/semmelweis.hu\/bioinformatika\/?page_id=8185"},"modified":"2022-06-28T14:31:49","modified_gmt":"2022-06-28T12:31:49","slug":"bioruptor-pico","status":"publish","type":"page","link":"https:\/\/semmelweis.hu\/bioinformatika\/molekularis-genetika\/bioruptor-pico\/","title":{"rendered":"Bioruptor Pico"},"content":{"rendered":"<p><strong>Bioruptor Pico \u2013 fragment\u00e1l\u00f3 szonik\u00e1tor<\/strong><\/p>\n<p style=\"text-align: justify\">Ez a kicsi, egyszer\u0171, intuit\u00edv eszk\u00f6z els\u0151sorban NGS, chromatin shearing, protein aggreg\u00e1ci\u00f3, feh\u00e9rje extrakci\u00f3 \u00e9s t\u00f6megspektrometria alkalmaz\u00e1sokn\u00e1l haszn\u00e1lhat\u00f3 m\u0171szer. Haszn\u00e1lat\u00e1val \u00e1ll\u00edthatjuk be pl. a k\u00f6nyvt\u00e1rk\u00e9sz\u00edt\u00e9s downstream folyamataihoz sz\u00fcks\u00e9ges optim\u00e1lis fragmenshozamot \u00e9s \u2013hossz\u00fas\u00e1got egyszerre ak\u00e1r 12 mint\u00e1n. Az alkalmaz\u00e1sokhoz speci\u00e1lis cs\u00f6vek sz\u00fcks\u00e9gesek, amelyek t\u00e9rfogata: 0,65 ml ill. 1,5 ml (FFPE mint\u00e1khoz). A mint\u00e1k v\u00e9delme \u00e9rdek\u00e9ben a szonik\u00e1torhoz egy 2 &#8211; 20 \u00b0C h\u0151m\u00e9rs\u00e9kletszab\u00e1lyoz\u00e1st biztos\u00edt\u00f3 h\u0171t\u0151rendszer csatlakozik. A m\u0171k\u00f6d\u00e9si h\u0151m\u00e9rs\u00e9klet \u00e9s id\u0151tartam az \u00e9rint\u0151k\u00e9perny\u0151n szabadon szab\u00e1lyozhat\u00f3.<\/p>\n<p><img loading=\"lazy\" decoding=\"async\" class=\"alignnone size-medium wp-image-8334\" src=\"https:\/\/semmelweis.hu\/bioinformatika\/files\/2022\/06\/20220620_111935-240x400.jpg\" alt=\"\" width=\"240\" height=\"400\" srcset=\"https:\/\/semmelweis.hu\/bioinformatika\/files\/2022\/06\/20220620_111935-240x400.jpg 240w, https:\/\/semmelweis.hu\/bioinformatika\/files\/2022\/06\/20220620_111935-614x1024.jpg 614w, https:\/\/semmelweis.hu\/bioinformatika\/files\/2022\/06\/20220620_111935-768x1281.jpg 768w, https:\/\/semmelweis.hu\/bioinformatika\/files\/2022\/06\/20220620_111935-921x1536.jpg 921w, https:\/\/semmelweis.hu\/bioinformatika\/files\/2022\/06\/20220620_111935-1228x2048.jpg 1228w, https:\/\/semmelweis.hu\/bioinformatika\/files\/2022\/06\/20220620_111935-753x1256.jpg 753w, https:\/\/semmelweis.hu\/bioinformatika\/files\/2022\/06\/20220620_111935-scaled.jpg 1535w\" sizes=\"auto, (max-width: 240px) 100vw, 240px\" \/><\/p>\n<p>Felel\u0151s: <a href=\"https:\/\/semmelweis.hu\/telefonkonyv\/?emp_id=16295\">Dr. Munk\u00e1csy Gy\u00f6ngyi<\/a><\/p>\n","protected":false},"excerpt":{"rendered":"<p>Bioruptor Pico \u2013 fragment\u00e1l\u00f3 szonik\u00e1tor Ez a kicsi, egyszer\u0171, intuit\u00edv eszk\u00f6z els\u0151sorban NGS, chromatin shearing, protein aggreg\u00e1ci\u00f3, feh\u00e9rje extrakci\u00f3 \u00e9s t\u00f6megspektrometria alkalmaz\u00e1sokn\u00e1l haszn\u00e1lhat\u00f3 m\u0171szer. Haszn\u00e1lat\u00e1val \u00e1ll\u00edthatjuk be pl. a k\u00f6nyvt\u00e1rk\u00e9sz\u00edt\u00e9s downstream folyamataihoz sz\u00fcks\u00e9ges optim\u00e1lis fragmenshozamot \u00e9s \u2013hossz\u00fas\u00e1got egyszerre ak\u00e1r 12 mint\u00e1n. Az alkalmaz\u00e1sokhoz speci\u00e1lis cs\u00f6vek sz\u00fcks\u00e9gesek, amelyek t\u00e9rfogata: 0,65 ml ill. 1,5 ml (FFPE mint\u00e1khoz). &hellip;<\/p>\n","protected":false},"author":102055,"featured_media":0,"parent":8170,"menu_order":4,"comment_status":"closed","ping_status":"closed","template":"","meta":{"_acf_changed":false,"footnotes":""},"categories":[],"tags":[],"class_list":["post-8185","page","type-page","status-publish","hentry"],"acf":[],"_links":{"self":[{"href":"https:\/\/semmelweis.hu\/bioinformatika\/wp-json\/wp\/v2\/pages\/8185","targetHints":{"allow":["GET"]}}],"collection":[{"href":"https:\/\/semmelweis.hu\/bioinformatika\/wp-json\/wp\/v2\/pages"}],"about":[{"href":"https:\/\/semmelweis.hu\/bioinformatika\/wp-json\/wp\/v2\/types\/page"}],"author":[{"embeddable":true,"href":"https:\/\/semmelweis.hu\/bioinformatika\/wp-json\/wp\/v2\/users\/102055"}],"replies":[{"embeddable":true,"href":"https:\/\/semmelweis.hu\/bioinformatika\/wp-json\/wp\/v2\/comments?post=8185"}],"version-history":[{"count":3,"href":"https:\/\/semmelweis.hu\/bioinformatika\/wp-json\/wp\/v2\/pages\/8185\/revisions"}],"predecessor-version":[{"id":8336,"href":"https:\/\/semmelweis.hu\/bioinformatika\/wp-json\/wp\/v2\/pages\/8185\/revisions\/8336"}],"up":[{"embeddable":true,"href":"https:\/\/semmelweis.hu\/bioinformatika\/wp-json\/wp\/v2\/pages\/8170"}],"wp:attachment":[{"href":"https:\/\/semmelweis.hu\/bioinformatika\/wp-json\/wp\/v2\/media?parent=8185"}],"wp:term":[{"taxonomy":"category","embeddable":true,"href":"https:\/\/semmelweis.hu\/bioinformatika\/wp-json\/wp\/v2\/categories?post=8185"},{"taxonomy":"post_tag","embeddable":true,"href":"https:\/\/semmelweis.hu\/bioinformatika\/wp-json\/wp\/v2\/tags?post=8185"}],"curies":[{"name":"wp","href":"https:\/\/api.w.org\/{rel}","templated":true}]}}