{"id":8172,"date":"2022-04-23T14:31:50","date_gmt":"2022-04-23T12:31:50","guid":{"rendered":"https:\/\/semmelweis.hu\/bioinformatika\/?page_id=8172"},"modified":"2022-06-28T14:25:04","modified_gmt":"2022-06-28T12:25:04","slug":"qiacube-connect","status":"publish","type":"page","link":"https:\/\/semmelweis.hu\/bioinformatika\/molekularis-genetika\/qiacube-connect\/","title":{"rendered":"QiaCube Connect"},"content":{"rendered":"<p><strong>QiaCUBE Connect &#8211; Nukleinsav izol\u00e1l\u00f3 automata<\/strong><\/p>\n<p style=\"text-align: justify\">Egyszerre ak\u00e1r 12 minta automatiz\u00e1lt nukleinsav (DNS, RNS) \u00e9s feh\u00e9rje izol\u00e1l\u00e1s\u00e1ra haszn\u00e1lhat\u00f3 automata szilika oszlopos izol\u00e1l\u00e1si rendszer. Hum\u00e1n, \u00e1llati, n\u00f6v\u00e9nyi, mikrobi\u00e1lis eredet\u0171 mint\u00e1k sz\u00e9les sk\u00e1l\u00e1ja izol\u00e1lhat\u00f3 a teljes v\u00e9rt\u0151l az FFPE metszetekig. Felhaszn\u00e1l\u00f3bar\u00e1t szoftver \u00e9s nagym\u00e9ret\u0171 \u00e9rint\u0151k\u00e9perny\u0151 seg\u00edti az el\u0151re telep\u00edtett applik\u00e1ci\u00f3k alkalmaz\u00e1s\u00e1t. A bels\u0151 munkafel\u00fcletek dekontamin\u00e1ci\u00f3j\u00e1hoz be\u00e9p\u00edtett UV f\u00e9nycs\u0151 tal\u00e1lhat\u00f3, megvil\u00e1g\u00edthat\u00f3 bels\u0151 t\u00e9rrel.<\/p>\n<p><img loading=\"lazy\" decoding=\"async\" class=\"alignnone size-medium wp-image-8328\" src=\"https:\/\/semmelweis.hu\/bioinformatika\/files\/2022\/06\/20220620_125919-1-400x290.jpg\" alt=\"\" width=\"400\" height=\"290\" srcset=\"https:\/\/semmelweis.hu\/bioinformatika\/files\/2022\/06\/20220620_125919-1-400x290.jpg 400w, https:\/\/semmelweis.hu\/bioinformatika\/files\/2022\/06\/20220620_125919-1-1024x742.jpg 1024w, https:\/\/semmelweis.hu\/bioinformatika\/files\/2022\/06\/20220620_125919-1-768x556.jpg 768w, https:\/\/semmelweis.hu\/bioinformatika\/files\/2022\/06\/20220620_125919-1-1536x1112.jpg 1536w, https:\/\/semmelweis.hu\/bioinformatika\/files\/2022\/06\/20220620_125919-1-2048x1483.jpg 2048w, https:\/\/semmelweis.hu\/bioinformatika\/files\/2022\/06\/20220620_125919-1-753x545.jpg 753w\" sizes=\"auto, (max-width: 400px) 100vw, 400px\" \/><\/p>\n<p>Felel\u0151s: <a href=\"https:\/\/semmelweis.hu\/telefonkonyv\/?emp_id=16295\">Dr. Munk\u00e1csy Gy\u00f6ngyi<\/a><\/p>\n","protected":false},"excerpt":{"rendered":"<p>QiaCUBE Connect &#8211; Nukleinsav izol\u00e1l\u00f3 automata Egyszerre ak\u00e1r 12 minta automatiz\u00e1lt nukleinsav (DNS, RNS) \u00e9s feh\u00e9rje izol\u00e1l\u00e1s\u00e1ra haszn\u00e1lhat\u00f3 automata szilika oszlopos izol\u00e1l\u00e1si rendszer. Hum\u00e1n, \u00e1llati, n\u00f6v\u00e9nyi, mikrobi\u00e1lis eredet\u0171 mint\u00e1k sz\u00e9les sk\u00e1l\u00e1ja izol\u00e1lhat\u00f3 a teljes v\u00e9rt\u0151l az FFPE metszetekig. Felhaszn\u00e1l\u00f3bar\u00e1t szoftver \u00e9s nagym\u00e9ret\u0171 \u00e9rint\u0151k\u00e9perny\u0151 seg\u00edti az el\u0151re telep\u00edtett applik\u00e1ci\u00f3k alkalmaz\u00e1s\u00e1t. A bels\u0151 munkafel\u00fcletek dekontamin\u00e1ci\u00f3j\u00e1hoz be\u00e9p\u00edtett UV &hellip;<\/p>\n","protected":false},"author":102055,"featured_media":0,"parent":8170,"menu_order":1,"comment_status":"closed","ping_status":"closed","template":"","meta":{"_acf_changed":false,"footnotes":""},"categories":[],"tags":[],"class_list":["post-8172","page","type-page","status-publish","hentry"],"acf":[],"_links":{"self":[{"href":"https:\/\/semmelweis.hu\/bioinformatika\/wp-json\/wp\/v2\/pages\/8172","targetHints":{"allow":["GET"]}}],"collection":[{"href":"https:\/\/semmelweis.hu\/bioinformatika\/wp-json\/wp\/v2\/pages"}],"about":[{"href":"https:\/\/semmelweis.hu\/bioinformatika\/wp-json\/wp\/v2\/types\/page"}],"author":[{"embeddable":true,"href":"https:\/\/semmelweis.hu\/bioinformatika\/wp-json\/wp\/v2\/users\/102055"}],"replies":[{"embeddable":true,"href":"https:\/\/semmelweis.hu\/bioinformatika\/wp-json\/wp\/v2\/comments?post=8172"}],"version-history":[{"count":6,"href":"https:\/\/semmelweis.hu\/bioinformatika\/wp-json\/wp\/v2\/pages\/8172\/revisions"}],"predecessor-version":[{"id":8330,"href":"https:\/\/semmelweis.hu\/bioinformatika\/wp-json\/wp\/v2\/pages\/8172\/revisions\/8330"}],"up":[{"embeddable":true,"href":"https:\/\/semmelweis.hu\/bioinformatika\/wp-json\/wp\/v2\/pages\/8170"}],"wp:attachment":[{"href":"https:\/\/semmelweis.hu\/bioinformatika\/wp-json\/wp\/v2\/media?parent=8172"}],"wp:term":[{"taxonomy":"category","embeddable":true,"href":"https:\/\/semmelweis.hu\/bioinformatika\/wp-json\/wp\/v2\/categories?post=8172"},{"taxonomy":"post_tag","embeddable":true,"href":"https:\/\/semmelweis.hu\/bioinformatika\/wp-json\/wp\/v2\/tags?post=8172"}],"curies":[{"name":"wp","href":"https:\/\/api.w.org\/{rel}","templated":true}]}}