{"id":8038,"date":"2022-02-25T10:28:32","date_gmt":"2022-02-25T09:28:32","guid":{"rendered":"https:\/\/semmelweis.hu\/bioinformatika\/?page_id=8038"},"modified":"2022-04-23T14:53:09","modified_gmt":"2022-04-23T12:53:09","slug":"fragment-analyzer-fluoreszcens-alapu-kapillaris-elektroforezis-rendszer","status":"publish","type":"page","link":"https:\/\/semmelweis.hu\/bioinformatika\/molekularis-genetika\/fragment-analyzer-fluoreszcens-alapu-kapillaris-elektroforezis-rendszer\/","title":{"rendered":"Fragment Analyzer"},"content":{"rendered":"<p><strong><img loading=\"lazy\" decoding=\"async\" class=\"alignright\" src=\"https:\/\/semmelweis.hu\/bioinformatika\/files\/2022\/02\/Fragment_analyzer.jpg\" alt=\"\" width=\"396\" height=\"296\" \/>Fragment Analyzer \u2013 fluoreszcens alap\u00fa kapill\u00e1ris elektrofor\u00e9zis rendszer<\/strong><\/p>\n<p style=\"text-align: justify\">K\u00f6nyvt\u00e1rk\u00e9sz\u00edt\u00e9s sor\u00e1n sz\u00e1mos alkalommal sz\u00fcks\u00e9g van a mint\u00e1k min\u0151s\u00e9gi \u00e9s mennyis\u00e9gi ellen\u0151rz\u00e9s\u00e9re. A laborunkban tal\u00e1lhat\u00f3 Agilent Technologies \u00e1ltal forgalmazott Fragment Analyzer egy fluoreszcens alap\u00fa kapill\u00e1ris elektrofor\u00e9zis rendszer, amely egyszerre 12 minta anal\u00edzis\u00e9t v\u00e9gzi<strong>. <\/strong>A rendk\u00edv\u00fcl \u00e9rz\u00e9keny m\u0171szer fut\u00e1si ideje vizsg\u00e1latt\u00f3l f\u00fcgg\u0151en 45-75 perc. A k\u00e9sz\u00fcl\u00e9k m\u0171k\u00f6dtet\u00e9s\u00e9hez sz\u00fcks\u00e9ges szoftver az eredm\u00e9nyeket digit\u00e1lis, szerkeszthet\u0151 form\u00e1ban \u00e1br\u00e1zolja \u00e9s rendszerezve t\u00e1rolja. Pontoss\u00e1ga n\u00e9lk\u00fcl\u00f6zhetetlen az \u00fajgener\u00e1ci\u00f3s szekven\u00e1l\u00e1ssal \u00f6sszef\u00fcgg\u0151 mintafeldolgoz\u00e1sok sor\u00e1n.<\/p>\n<p>&nbsp;<\/p>\n<div>\n<p>Felel\u0151s: <a href=\"https:\/\/semmelweis.hu\/telefonkonyv\/?emp_id=16295\">Dr. Munk\u00e1csy Gy\u00f6ngyi<\/a><\/p>\n<\/div>\n","protected":false},"excerpt":{"rendered":"<p>Fragment Analyzer \u2013 fluoreszcens alap\u00fa kapill\u00e1ris elektrofor\u00e9zis rendszer K\u00f6nyvt\u00e1rk\u00e9sz\u00edt\u00e9s sor\u00e1n sz\u00e1mos alkalommal sz\u00fcks\u00e9g van a mint\u00e1k min\u0151s\u00e9gi \u00e9s mennyis\u00e9gi ellen\u0151rz\u00e9s\u00e9re. A laborunkban tal\u00e1lhat\u00f3 Agilent Technologies \u00e1ltal forgalmazott Fragment Analyzer egy fluoreszcens alap\u00fa kapill\u00e1ris elektrofor\u00e9zis rendszer, amely egyszerre 12 minta anal\u00edzis\u00e9t v\u00e9gzi. A rendk\u00edv\u00fcl \u00e9rz\u00e9keny m\u0171szer fut\u00e1si ideje vizsg\u00e1latt\u00f3l f\u00fcgg\u0151en 45-75 perc. A k\u00e9sz\u00fcl\u00e9k m\u0171k\u00f6dtet\u00e9s\u00e9hez sz\u00fcks\u00e9ges &hellip;<\/p>\n","protected":false},"author":102019,"featured_media":0,"parent":8170,"menu_order":2,"comment_status":"closed","ping_status":"closed","template":"","meta":{"_acf_changed":false,"footnotes":""},"categories":[],"tags":[],"class_list":["post-8038","page","type-page","status-publish","hentry"],"acf":[],"_links":{"self":[{"href":"https:\/\/semmelweis.hu\/bioinformatika\/wp-json\/wp\/v2\/pages\/8038","targetHints":{"allow":["GET"]}}],"collection":[{"href":"https:\/\/semmelweis.hu\/bioinformatika\/wp-json\/wp\/v2\/pages"}],"about":[{"href":"https:\/\/semmelweis.hu\/bioinformatika\/wp-json\/wp\/v2\/types\/page"}],"author":[{"embeddable":true,"href":"https:\/\/semmelweis.hu\/bioinformatika\/wp-json\/wp\/v2\/users\/102019"}],"replies":[{"embeddable":true,"href":"https:\/\/semmelweis.hu\/bioinformatika\/wp-json\/wp\/v2\/comments?post=8038"}],"version-history":[{"count":10,"href":"https:\/\/semmelweis.hu\/bioinformatika\/wp-json\/wp\/v2\/pages\/8038\/revisions"}],"predecessor-version":[{"id":8054,"href":"https:\/\/semmelweis.hu\/bioinformatika\/wp-json\/wp\/v2\/pages\/8038\/revisions\/8054"}],"up":[{"embeddable":true,"href":"https:\/\/semmelweis.hu\/bioinformatika\/wp-json\/wp\/v2\/pages\/8170"}],"wp:attachment":[{"href":"https:\/\/semmelweis.hu\/bioinformatika\/wp-json\/wp\/v2\/media?parent=8038"}],"wp:term":[{"taxonomy":"category","embeddable":true,"href":"https:\/\/semmelweis.hu\/bioinformatika\/wp-json\/wp\/v2\/categories?post=8038"},{"taxonomy":"post_tag","embeddable":true,"href":"https:\/\/semmelweis.hu\/bioinformatika\/wp-json\/wp\/v2\/tags?post=8038"}],"curies":[{"name":"wp","href":"https:\/\/api.w.org\/{rel}","templated":true}]}}