{"id":7996,"date":"2022-02-15T09:47:15","date_gmt":"2022-02-15T08:47:15","guid":{"rendered":"https:\/\/semmelweis.hu\/bioinformatika\/?page_id=7996"},"modified":"2023-05-05T14:43:39","modified_gmt":"2023-05-05T12:43:39","slug":"kromatin-szintu-genexpresszio-szabalyozas-onkogenomikai-vonatkozasai","status":"publish","type":"page","link":"https:\/\/semmelweis.hu\/bioinformatika\/kutatas\/phd\/kromatin-szintu-genexpresszio-szabalyozas-onkogenomikai-vonatkozasai\/","title":{"rendered":"Kromatin szint\u0171 g\u00e9nexpresszi\u00f3 szab\u00e1lyoz\u00e1s onkogenomikai vonatkoz\u00e1sai"},"content":{"rendered":"<p><strong>Kromatin szint\u0171 g\u00e9nexpresszi\u00f3 szab\u00e1lyoz\u00e1s onkogenomikai vonatkoz\u00e1sai<\/strong><\/p>\n<p style=\"font-weight: 400\">Az elm\u00falt \u00e9vtized sor\u00e1n nagy mennyis\u00e9g\u0171 onkogenomikai adat v\u00e1lt nyilv\u00e1nosan el\u00e9rhet\u0151v\u00e9.Az adatok feldolgoz\u00e1sa folyamatos. A g\u00e9nexpresszi\u00f3 szab\u00e1lyoz\u00e1sban szerepet j\u00e1tsz\u00f3 kromatin szint\u0171 adatok feldolgoz\u00e1sa csak r\u00e9szben t\u00f6rt\u00e9nt meg.\u00a0 Ezen kromatin szint\u0171 g\u00e9nexpresszi\u00f3 szab\u00e1lyoz\u00f3 mechanizmusok alkalmasak onkoter\u00e1pi\u00e1s hasznos\u00edt\u00e1sra amit jelez, hogy sz\u00e1mos epigenetikai t\u00e1mad\u00e1spont\u00fa gy\u00f3gyszert m\u00e1r haszn\u00e1lnak daganatkezel\u00e9sekben.<\/p>\n<p><span style=\"font-weight: 400\">A kutat\u00e1s sor\u00e1n a kromatinszint\u0171 poszttranszl\u00e1ci\u00f3s m\u00f3dos\u00edt\u00e1sok onkodiagnosztikus \u00e9s onkoter\u00e1pi\u00e1s vonatkoz\u00e1sait c\u00e9lozzuk jobban megismerni.\u00a0<\/span><\/p>\n<p>&nbsp;<\/p>\n<p>T\u00e9mavezet\u0151: <a href=\"https:\/\/semmelweis.hu\/telefonkonyv\/?emp_id=18759\">Dr. B\u00e1lint B\u00e1lint<\/a><\/p>\n","protected":false},"excerpt":{"rendered":"<p>Kromatin szint\u0171 g\u00e9nexpresszi\u00f3 szab\u00e1lyoz\u00e1s onkogenomikai vonatkoz\u00e1sai Az elm\u00falt \u00e9vtized sor\u00e1n nagy mennyis\u00e9g\u0171 onkogenomikai adat v\u00e1lt nyilv\u00e1nosan el\u00e9rhet\u0151v\u00e9.Az adatok feldolgoz\u00e1sa folyamatos. A g\u00e9nexpresszi\u00f3 szab\u00e1lyoz\u00e1sban szerepet j\u00e1tsz\u00f3 kromatin szint\u0171 adatok feldolgoz\u00e1sa csak r\u00e9szben t\u00f6rt\u00e9nt meg.\u00a0 Ezen kromatin szint\u0171 g\u00e9nexpresszi\u00f3 szab\u00e1lyoz\u00f3 mechanizmusok alkalmasak onkoter\u00e1pi\u00e1s hasznos\u00edt\u00e1sra amit jelez, hogy sz\u00e1mos epigenetikai t\u00e1mad\u00e1spont\u00fa gy\u00f3gyszert m\u00e1r haszn\u00e1lnak daganatkezel\u00e9sekben. A kutat\u00e1s sor\u00e1n &hellip;<\/p>\n","protected":false},"author":102019,"featured_media":0,"parent":6972,"menu_order":4,"comment_status":"closed","ping_status":"closed","template":"","meta":{"_acf_changed":false,"footnotes":""},"categories":[],"tags":[],"class_list":["post-7996","page","type-page","status-publish","hentry"],"acf":[],"_links":{"self":[{"href":"https:\/\/semmelweis.hu\/bioinformatika\/wp-json\/wp\/v2\/pages\/7996","targetHints":{"allow":["GET"]}}],"collection":[{"href":"https:\/\/semmelweis.hu\/bioinformatika\/wp-json\/wp\/v2\/pages"}],"about":[{"href":"https:\/\/semmelweis.hu\/bioinformatika\/wp-json\/wp\/v2\/types\/page"}],"author":[{"embeddable":true,"href":"https:\/\/semmelweis.hu\/bioinformatika\/wp-json\/wp\/v2\/users\/102019"}],"replies":[{"embeddable":true,"href":"https:\/\/semmelweis.hu\/bioinformatika\/wp-json\/wp\/v2\/comments?post=7996"}],"version-history":[{"count":3,"href":"https:\/\/semmelweis.hu\/bioinformatika\/wp-json\/wp\/v2\/pages\/7996\/revisions"}],"predecessor-version":[{"id":8204,"href":"https:\/\/semmelweis.hu\/bioinformatika\/wp-json\/wp\/v2\/pages\/7996\/revisions\/8204"}],"up":[{"embeddable":true,"href":"https:\/\/semmelweis.hu\/bioinformatika\/wp-json\/wp\/v2\/pages\/6972"}],"wp:attachment":[{"href":"https:\/\/semmelweis.hu\/bioinformatika\/wp-json\/wp\/v2\/media?parent=7996"}],"wp:term":[{"taxonomy":"category","embeddable":true,"href":"https:\/\/semmelweis.hu\/bioinformatika\/wp-json\/wp\/v2\/categories?post=7996"},{"taxonomy":"post_tag","embeddable":true,"href":"https:\/\/semmelweis.hu\/bioinformatika\/wp-json\/wp\/v2\/tags?post=7996"}],"curies":[{"name":"wp","href":"https:\/\/api.w.org\/{rel}","templated":true}]}}