{"id":7961,"date":"2022-02-11T11:21:00","date_gmt":"2022-02-11T10:21:00","guid":{"rendered":"https:\/\/semmelweis.hu\/bioinformatika\/?page_id=7961"},"modified":"2022-02-11T11:44:36","modified_gmt":"2022-02-11T10:44:36","slug":"kutatas-tdk-temak-driver_mutacio","status":"publish","type":"page","link":"https:\/\/semmelweis.hu\/bioinformatika\/kutatas\/uj-kutatasi-temak\/tdk-temak\/kutatas-tdk-temak-driver_mutacio\/","title":{"rendered":"Driver mut\u00e1ci\u00f3val rendelkez\u0151 tumoros sejtvonalak sejt-specifikus kezel\u00e9se mikroinjekt\u00e1l\u00e1s seg\u00edts\u00e9g\u00e9vel"},"content":{"rendered":"<p><strong>T\u00e9ma c\u00edme:<\/strong>\u00a0Driver mut\u00e1ci\u00f3val rendelkez\u0151 tumoros sejtvonalak sejt-specifikus kezel\u00e9se mikroinjekt\u00e1l\u00e1s seg\u00edts\u00e9g\u00e9vel<\/p>\n<p><strong>T\u00e9mavezet\u0151:<\/strong>\u00a0Dr. Menyh\u00e1rt Ot\u00edlia, Kov\u00e1cs Szonja Anna<\/p>\n<p><strong>Le\u00edr\u00e1s:<\/strong>\u00a0A hallgat\u00f3 egy olyan \u00faj m\u00f3dszert alkalmaz\u00f3 k\u00eds\u00e9rletsorozatba kapcsol\u00f3dhat be, ahol a daganatok kifejl\u0151d\u00e9s\u00e9\u00e9rt felel\u0151s \u00fan. driver mut\u00e1ci\u00f3k (pl. TP53) \u201ekijav\u00edt\u00e1sa\u201d egyedi sejtes m\u00f3don t\u00f6rt\u00e9nik meg. A funkci\u00f3k\u00e9pes feh\u00e9rj\u00e9t k\u00f3dol\u00f3 plazmidok sejtbe val\u00f3 juttat\u00e1sa egy mikroszk\u00f3p seg\u00edts\u00e9g\u00e9vel egyenk\u00e9nt t\u00f6rt\u00e9nik meg, a sejt k\u00e9miai vagy fizikai roncsol\u00e1sa n\u00e9lk\u00fcl. Ezt k\u00f6vet\u0151en az \u201eeg\u00e9szs\u00e9ges\u201d sejtekb\u0151l \u00faj teny\u00e9szetek hozhat\u00f3k l\u00e9tre, amelyeket tumorellenes szerekkel kezelhet\u00fcnk. A mut\u00e1ci\u00f3k jelenl\u00e9t\u00e9nek \u00e9s a kezel\u00e9sek sikeress\u00e9g\u00e9nek hat\u00e1sait mikroszk\u00f3ppal, valamint g\u00e9nexpresszi\u00f3s m\u00e9r\u00e9sek \u00e1ltal vizsg\u00e1ljuk. Elv\u00e1r\u00e1s a nagyfok\u00fa precizit\u00e1s \u00e9s megb\u00edzhat\u00f3s\u00e1g.<\/p>\n<p><strong>T\u00e9ma jellege: <\/strong>sejtteny\u00e9szt\u00e9s, mikroszk\u00f3pia, primer tervez\u00e9s, PCR<\/p>\n<p><strong>Kapcsolat:<\/strong> <a href=\"mailto:menyhart.otilia@med.semmelweis-univ.hu\">menyhart.otilia@med.semmelweis-univ.hu<\/a> <br \/>\n<a href=\"mailto:kovacs.szonja@phd.semmelweis.hu\">kovacs.szonja@phd.semmelweis.hu<\/a><\/p>\n","protected":false},"excerpt":{"rendered":"<p>T\u00e9ma c\u00edme:\u00a0Driver mut\u00e1ci\u00f3val rendelkez\u0151 tumoros sejtvonalak sejt-specifikus kezel\u00e9se mikroinjekt\u00e1l\u00e1s seg\u00edts\u00e9g\u00e9vel T\u00e9mavezet\u0151:\u00a0Dr. Menyh\u00e1rt Ot\u00edlia, Kov\u00e1cs Szonja Anna Le\u00edr\u00e1s:\u00a0A hallgat\u00f3 egy olyan \u00faj m\u00f3dszert alkalmaz\u00f3 k\u00eds\u00e9rletsorozatba kapcsol\u00f3dhat be, ahol a daganatok kifejl\u0151d\u00e9s\u00e9\u00e9rt felel\u0151s \u00fan. driver mut\u00e1ci\u00f3k (pl. TP53) \u201ekijav\u00edt\u00e1sa\u201d egyedi sejtes m\u00f3don t\u00f6rt\u00e9nik meg. A funkci\u00f3k\u00e9pes feh\u00e9rj\u00e9t k\u00f3dol\u00f3 plazmidok sejtbe val\u00f3 juttat\u00e1sa egy mikroszk\u00f3p seg\u00edts\u00e9g\u00e9vel egyenk\u00e9nt t\u00f6rt\u00e9nik &hellip;<\/p>\n","protected":false},"author":102019,"featured_media":0,"parent":6989,"menu_order":9,"comment_status":"closed","ping_status":"closed","template":"","meta":{"_acf_changed":false,"footnotes":""},"categories":[],"tags":[],"class_list":["post-7961","page","type-page","status-publish","hentry"],"acf":[],"_links":{"self":[{"href":"https:\/\/semmelweis.hu\/bioinformatika\/wp-json\/wp\/v2\/pages\/7961","targetHints":{"allow":["GET"]}}],"collection":[{"href":"https:\/\/semmelweis.hu\/bioinformatika\/wp-json\/wp\/v2\/pages"}],"about":[{"href":"https:\/\/semmelweis.hu\/bioinformatika\/wp-json\/wp\/v2\/types\/page"}],"author":[{"embeddable":true,"href":"https:\/\/semmelweis.hu\/bioinformatika\/wp-json\/wp\/v2\/users\/102019"}],"replies":[{"embeddable":true,"href":"https:\/\/semmelweis.hu\/bioinformatika\/wp-json\/wp\/v2\/comments?post=7961"}],"version-history":[{"count":7,"href":"https:\/\/semmelweis.hu\/bioinformatika\/wp-json\/wp\/v2\/pages\/7961\/revisions"}],"predecessor-version":[{"id":7976,"href":"https:\/\/semmelweis.hu\/bioinformatika\/wp-json\/wp\/v2\/pages\/7961\/revisions\/7976"}],"up":[{"embeddable":true,"href":"https:\/\/semmelweis.hu\/bioinformatika\/wp-json\/wp\/v2\/pages\/6989"}],"wp:attachment":[{"href":"https:\/\/semmelweis.hu\/bioinformatika\/wp-json\/wp\/v2\/media?parent=7961"}],"wp:term":[{"taxonomy":"category","embeddable":true,"href":"https:\/\/semmelweis.hu\/bioinformatika\/wp-json\/wp\/v2\/categories?post=7961"},{"taxonomy":"post_tag","embeddable":true,"href":"https:\/\/semmelweis.hu\/bioinformatika\/wp-json\/wp\/v2\/tags?post=7961"}],"curies":[{"name":"wp","href":"https:\/\/api.w.org\/{rel}","templated":true}]}}