{"id":7706,"date":"2021-12-17T16:53:48","date_gmt":"2021-12-17T15:53:48","guid":{"rendered":"https:\/\/semmelweis.hu\/bioinformatika\/?page_id=7706"},"modified":"2022-01-06T21:11:05","modified_gmt":"2022-01-06T20:11:05","slug":"megoldatlan-orvos-biologiai-problemakra-megoldasi-javaslatok-azonositsa-es-prototipizalasa","status":"publish","type":"page","link":"https:\/\/semmelweis.hu\/bioinformatika\/kutatas\/uj-kutatasi-temak\/onlab-temak\/megoldatlan-orvos-biologiai-problemakra-megoldasi-javaslatok-azonositsa-es-prototipizalasa\/","title":{"rendered":"Megoldatlan orvos biol\u00f3giai probl\u00e9m\u00e1kra megold\u00e1si javaslatok"},"content":{"rendered":"<p style=\"text-align: center\"><strong>Megoldatlan orvos biol\u00f3giai probl\u00e9m\u00e1kra megold\u00e1si javaslatok azonos\u00edtsa \u00e9s prototipiz\u00e1l\u00e1sa<\/strong><\/p>\n<p><strong>Le\u00edr\u00e1s:<\/strong>\u00a0Az elm\u00falt k\u00e9t \u00e9vt\u00edzed orvosbiol\u00f3giai adatb\u0151s\u00e9ge alapvet\u0151en megv\u00e1ltoztatta a hum\u00e1nbiol\u00f3giai tud\u00e1sunkat. Jelent\u0151s sz\u00e1m\u00fa \u00faj ter\u00e1pi\u00e1s \u00e9s diagnosztikai fejleszt\u00e9s v\u00e1lt el\u00e9rhet\u0151v\u00e9 \u00e9s tov\u00e1bbi megold\u00e1sok kidolgoz\u00e1s\u00e1ra van lehet\u0151s\u00e9g.<\/p>\n<p>Az \u00f6n\u00e1ll\u00f3 laborat\u00f3rium sor\u00e1n a hallgat\u00f3 a rendelkez\u00e9sre \u00e1ll\u00f3 genomikai adatok alapj\u00e1n fog azonos\u00edtani \u00e9s prototipz\u00e1lni olyan megold\u00e1si javaslatokat amelyek a jelenleg haszn\u00e1lt eszk\u00f6zrendszerek hat\u00e9konys\u00e1g\u00e1t meghaladj\u00e1k. T\u00e9mater\u00fcletek onkol\u00f3gia \u00e9s immun-onkol\u00f3gia.<\/p>\n<p><strong>T\u00e9mavezet\u0151:<\/strong>\u00a0Dr B\u00e1lint B\u00e1lint L\u00e1szl\u00f3, habilit\u00e1lt egyetemi adjunktus<\/p>\n<p><strong>Beoszt\u00e1s:<\/strong>\u00a0Semmelweis Egyetem Bioinformatika Tansz\u00e9k, tudom\u00e1nyos tan\u00e1csad\u00f3<\/p>\n<p><strong>Jelentkez\u00e9si c\u00edm:<\/strong>\u00a0<a href=\"mailto:balintblaszlo@gmail.com\">balintblaszlo@gmail.com<\/a><\/p>\n<p><strong>Elv\u00e1r\u00e1sok<\/strong>: kutat\u00e1s-fejleszt\u00e9s \u00e9s bioinformatika ir\u00e1nti \u00e9rdekl\u0151d\u00e9s, az R\/Python programnyelv alapszint\u0171 ismerete<\/p>\n<p><strong>Meghirdet\u00e9s:<\/strong>\u00a0molekul\u00e1ris bionikusok (BSc),\u00a0 a orvos-biotechnol\u00f3gusok (MSc), \u00e9s info-bionikusok (MSc)\u00a0<\/p>\n","protected":false},"excerpt":{"rendered":"<p>Megoldatlan orvos biol\u00f3giai probl\u00e9m\u00e1kra megold\u00e1si javaslatok azonos\u00edtsa \u00e9s prototipiz\u00e1l\u00e1sa Le\u00edr\u00e1s:\u00a0Az elm\u00falt k\u00e9t \u00e9vt\u00edzed orvosbiol\u00f3giai adatb\u0151s\u00e9ge alapvet\u0151en megv\u00e1ltoztatta a hum\u00e1nbiol\u00f3giai tud\u00e1sunkat. Jelent\u0151s sz\u00e1m\u00fa \u00faj ter\u00e1pi\u00e1s \u00e9s diagnosztikai fejleszt\u00e9s v\u00e1lt el\u00e9rhet\u0151v\u00e9 \u00e9s tov\u00e1bbi megold\u00e1sok kidolgoz\u00e1s\u00e1ra van lehet\u0151s\u00e9g. Az \u00f6n\u00e1ll\u00f3 laborat\u00f3rium sor\u00e1n a hallgat\u00f3 a rendelkez\u00e9sre \u00e1ll\u00f3 genomikai adatok alapj\u00e1n fog azonos\u00edtani \u00e9s prototipz\u00e1lni olyan megold\u00e1si javaslatokat amelyek &hellip;<\/p>\n","protected":false},"author":101779,"featured_media":0,"parent":7287,"menu_order":9,"comment_status":"closed","ping_status":"closed","template":"","meta":{"_acf_changed":false,"footnotes":""},"categories":[],"tags":[],"class_list":["post-7706","page","type-page","status-publish","hentry"],"acf":[],"_links":{"self":[{"href":"https:\/\/semmelweis.hu\/bioinformatika\/wp-json\/wp\/v2\/pages\/7706","targetHints":{"allow":["GET"]}}],"collection":[{"href":"https:\/\/semmelweis.hu\/bioinformatika\/wp-json\/wp\/v2\/pages"}],"about":[{"href":"https:\/\/semmelweis.hu\/bioinformatika\/wp-json\/wp\/v2\/types\/page"}],"author":[{"embeddable":true,"href":"https:\/\/semmelweis.hu\/bioinformatika\/wp-json\/wp\/v2\/users\/101779"}],"replies":[{"embeddable":true,"href":"https:\/\/semmelweis.hu\/bioinformatika\/wp-json\/wp\/v2\/comments?post=7706"}],"version-history":[{"count":3,"href":"https:\/\/semmelweis.hu\/bioinformatika\/wp-json\/wp\/v2\/pages\/7706\/revisions"}],"predecessor-version":[{"id":7745,"href":"https:\/\/semmelweis.hu\/bioinformatika\/wp-json\/wp\/v2\/pages\/7706\/revisions\/7745"}],"up":[{"embeddable":true,"href":"https:\/\/semmelweis.hu\/bioinformatika\/wp-json\/wp\/v2\/pages\/7287"}],"wp:attachment":[{"href":"https:\/\/semmelweis.hu\/bioinformatika\/wp-json\/wp\/v2\/media?parent=7706"}],"wp:term":[{"taxonomy":"category","embeddable":true,"href":"https:\/\/semmelweis.hu\/bioinformatika\/wp-json\/wp\/v2\/categories?post=7706"},{"taxonomy":"post_tag","embeddable":true,"href":"https:\/\/semmelweis.hu\/bioinformatika\/wp-json\/wp\/v2\/tags?post=7706"}],"curies":[{"name":"wp","href":"https:\/\/api.w.org\/{rel}","templated":true}]}}