{"id":7705,"date":"2021-12-17T16:53:48","date_gmt":"2021-12-17T15:53:48","guid":{"rendered":"https:\/\/semmelweis.hu\/bioinformatika\/?page_id=7705"},"modified":"2022-01-06T21:10:42","modified_gmt":"2022-01-06T20:10:42","slug":"autonom-idegrendszer-aktivitasanak-becslese-elektrofiziologiai-adatokbol-es-jelentosege-onkologiai-donteshozatalban","status":"publish","type":"page","link":"https:\/\/semmelweis.hu\/bioinformatika\/kutatas\/uj-kutatasi-temak\/onlab-temak\/autonom-idegrendszer-aktivitasanak-becslese-elektrofiziologiai-adatokbol-es-jelentosege-onkologiai-donteshozatalban\/","title":{"rendered":"Auton\u00f3m idegrendszer aktivit\u00e1s\u00e1nak becsl\u00e9se elektrofiziol\u00f3giai adatokb\u00f3l"},"content":{"rendered":"<p style=\"text-align: center\"><strong>Auton\u00f3m idegrendszer aktivit\u00e1s\u00e1nak becsl\u00e9se elektrofiziol\u00f3giai adatokb\u00f3l \u00e9s jelent\u0151s\u00e9ge onkol\u00f3giai d\u00f6nt\u00e9shozatalban<\/strong><\/p>\n<p><strong>Le\u00edr\u00e1s:<\/strong>\u00a0Az elm\u00falt \u00e9vt\u00edzed sor\u00e1n nagy mennyis\u00e9g\u0171 hum\u00e1n biol\u00f3giai adat ker\u00fclt r\u00f6gz\u00edt\u00e9sre. Az auton\u00f3m idegrendszer aktivit\u00e1sa a l\u00e9gz\u00e9si aritmia m\u00e9rt\u00e9ke alapj\u00e1n becs\u00fclhet\u0151 EKG adatokb\u00f3l.<\/p>\n<p>Az \u00f6n\u00e1ll\u00f3 laborat\u00f3riumi munka sor\u00e1n a hallgat\u00f3 ny\u00edlv\u00e1nosan el\u00e9rhet\u0151 EKG \u00e9s egy\u00e9b elektrofiziol\u00f3giai adatok alapj\u00e1n fogja az auton\u00f3m idegrendszer \u00e9letkor szerinti variabilit\u00e1s\u00e1t vizsg\u00e1lni. A projekt c\u00e9lja azon onkol\u00f3giai betegek azonos\u00edt\u00e1sa akik eset\u00e9ben a kieg\u00e9sz\u00edt\u0151 szupport\u00edv kezel\u00e9sek magasabb hat\u00e9konys\u00e1ggal jav\u00edthatj\u00e1k az \u00e9letmin\u0151s\u00e9get.<\/p>\n<p><strong>T\u00e9mavezet\u0151:<\/strong>\u00a0Dr B\u00e1lint B\u00e1lint L\u00e1szl\u00f3, habilit\u00e1lt egyetemi adjunktus<\/p>\n<p><strong>Beoszt\u00e1s:<\/strong>\u00a0Semmelweis Egyetem Bioinformatika Tansz\u00e9k, tudom\u00e1nyos tan\u00e1csad\u00f3<\/p>\n<p><strong>Jelentkez\u00e9si c\u00edm:<\/strong>\u00a0<a href=\"mailto:balintblaszlo@gmail.com\">balintblaszlo@gmail.com<\/a><\/p>\n<p><strong>Elv\u00e1r\u00e1sok:<\/strong>\u00a0kutat\u00e1s-fejleszt\u00e9s \u00e9s bioinformatika ir\u00e1nti \u00e9rdekl\u0151d\u00e9s, onkol\u00f3giai t\u00e9ma ir\u00e1nti \u00e9rdekl\u0151d\u00e9s, az R\/Python programnyelv alapszint\u0171 ismerete<\/p>\n<p><strong>Meghirdet\u00e9s:<\/strong>\u00a0molekul\u00e1ris bionikusok (BSc),\u00a0 a orvos-biotechnol\u00f3gusok (MSc), \u00e9s info-bionikusok (MSc)\u00a0<\/p>\n","protected":false},"excerpt":{"rendered":"<p>Auton\u00f3m idegrendszer aktivit\u00e1s\u00e1nak becsl\u00e9se elektrofiziol\u00f3giai adatokb\u00f3l \u00e9s jelent\u0151s\u00e9ge onkol\u00f3giai d\u00f6nt\u00e9shozatalban Le\u00edr\u00e1s:\u00a0Az elm\u00falt \u00e9vt\u00edzed sor\u00e1n nagy mennyis\u00e9g\u0171 hum\u00e1n biol\u00f3giai adat ker\u00fclt r\u00f6gz\u00edt\u00e9sre. Az auton\u00f3m idegrendszer aktivit\u00e1sa a l\u00e9gz\u00e9si aritmia m\u00e9rt\u00e9ke alapj\u00e1n becs\u00fclhet\u0151 EKG adatokb\u00f3l. Az \u00f6n\u00e1ll\u00f3 laborat\u00f3riumi munka sor\u00e1n a hallgat\u00f3 ny\u00edlv\u00e1nosan el\u00e9rhet\u0151 EKG \u00e9s egy\u00e9b elektrofiziol\u00f3giai adatok alapj\u00e1n fogja az auton\u00f3m idegrendszer \u00e9letkor szerinti variabilit\u00e1s\u00e1t &hellip;<\/p>\n","protected":false},"author":101779,"featured_media":0,"parent":7287,"menu_order":8,"comment_status":"closed","ping_status":"closed","template":"","meta":{"_acf_changed":false,"footnotes":""},"categories":[],"tags":[],"class_list":["post-7705","page","type-page","status-publish","hentry"],"acf":[],"_links":{"self":[{"href":"https:\/\/semmelweis.hu\/bioinformatika\/wp-json\/wp\/v2\/pages\/7705","targetHints":{"allow":["GET"]}}],"collection":[{"href":"https:\/\/semmelweis.hu\/bioinformatika\/wp-json\/wp\/v2\/pages"}],"about":[{"href":"https:\/\/semmelweis.hu\/bioinformatika\/wp-json\/wp\/v2\/types\/page"}],"author":[{"embeddable":true,"href":"https:\/\/semmelweis.hu\/bioinformatika\/wp-json\/wp\/v2\/users\/101779"}],"replies":[{"embeddable":true,"href":"https:\/\/semmelweis.hu\/bioinformatika\/wp-json\/wp\/v2\/comments?post=7705"}],"version-history":[{"count":4,"href":"https:\/\/semmelweis.hu\/bioinformatika\/wp-json\/wp\/v2\/pages\/7705\/revisions"}],"predecessor-version":[{"id":7744,"href":"https:\/\/semmelweis.hu\/bioinformatika\/wp-json\/wp\/v2\/pages\/7705\/revisions\/7744"}],"up":[{"embeddable":true,"href":"https:\/\/semmelweis.hu\/bioinformatika\/wp-json\/wp\/v2\/pages\/7287"}],"wp:attachment":[{"href":"https:\/\/semmelweis.hu\/bioinformatika\/wp-json\/wp\/v2\/media?parent=7705"}],"wp:term":[{"taxonomy":"category","embeddable":true,"href":"https:\/\/semmelweis.hu\/bioinformatika\/wp-json\/wp\/v2\/categories?post=7705"},{"taxonomy":"post_tag","embeddable":true,"href":"https:\/\/semmelweis.hu\/bioinformatika\/wp-json\/wp\/v2\/tags?post=7705"}],"curies":[{"name":"wp","href":"https:\/\/api.w.org\/{rel}","templated":true}]}}