{"id":7703,"date":"2021-12-17T16:53:48","date_gmt":"2021-12-17T15:53:48","guid":{"rendered":"https:\/\/semmelweis.hu\/bioinformatika\/?page_id=7703"},"modified":"2021-12-17T16:56:13","modified_gmt":"2021-12-17T15:56:13","slug":"kromatin-szintu-genexpresszio-szabalyozas-onkogenomikai-alkalmazasai","status":"publish","type":"page","link":"https:\/\/semmelweis.hu\/bioinformatika\/kutatas\/uj-kutatasi-temak\/onlab-temak\/kromatin-szintu-genexpresszio-szabalyozas-onkogenomikai-alkalmazasai\/","title":{"rendered":"Kromatin szint\u0171 g\u00e9nexpresszi\u00f3 szab\u00e1lyoz\u00e1s onkogenomikai alkalmaz\u00e1sai"},"content":{"rendered":"<p style=\"text-align: center\"><strong>Kromatin szint\u0171 g\u00e9nexpresszi\u00f3 szab\u00e1lyoz\u00e1s onkogenomikai alkalmaz\u00e1sai<\/strong><\/p>\n<p><strong>Le\u00edr\u00e1s:<\/strong>\u00a0Az elm\u00falt \u00e9vt\u00edzed sor\u00e1n nagy mennyis\u00e9g\u0171 onkogenomikai adat v\u00e1lt nyilv\u00e1nosan el\u00e9rhet\u0151v\u00e9. Az adatok feldolgoz\u00e1sa folyamatos. A g\u00e9nexpresszi\u00f3 szab\u00e1lyoz\u00e1sban szerepet j\u00e1tsz\u00f3 kromatin szint\u0171 adatok feldolgoz\u00e1sa csak r\u00e9szben t\u00f6rt\u00e9nt meg.\u00a0<\/p>\n<p>Az \u00f6n\u00e1ll\u00f3 laborat\u00f3riumi munka sor\u00e1n a hallgat\u00f3 g\u00e9nexpresszi\u00f3s \u00e9s kromatin szint\u0171 adatok integr\u00e1l\u00e1s\u00e1t fogja elv\u00e9gezni. A feladat adat elemz\u00e9s \u00e9s integr\u00e1l\u00e1s, h\u00e1l\u00f3zatbiol\u00f3giai alap\u00fa kapcsolatok t\u00e9rk\u00e9pez\u00e9se \u00e9s nyers adatokb\u00f3l tov\u00e1bbi relev\u00e1ns kromatin szint\u0171 g\u00e9nexpresszi\u00f3 szab\u00e1lyoz\u00e1st \u00e9rint\u0151 adatok kinyer\u00e9se.<\/p>\n<p><strong>T\u00e9mavezet\u0151:<\/strong>\u00a0Dr B\u00e1lint B\u00e1lint L\u00e1szl\u00f3, habilit\u00e1lt egyetemi adjunktus<\/p>\n<p><strong>Beoszt\u00e1s:<\/strong>\u00a0Semmelweis Egyetem Bioinformatika Tansz\u00e9k, tudom\u00e1nyos tan\u00e1csad\u00f3<\/p>\n<p><strong>Jelentkez\u00e9si c\u00edm:<\/strong>\u00a0<a href=\"mailto:balintblaszlo@gmail.com\">balintblaszlo@gmail.com<\/a><\/p>\n<p><strong>Elv\u00e1r\u00e1sok:<\/strong>\u00a0kutat\u00e1s-fejleszt\u00e9s \u00e9s bioinformatika ir\u00e1nti \u00e9rdekl\u0151d\u00e9s, onkol\u00f3giai t\u00e9ma ir\u00e1nti \u00e9rdekl\u0151d\u00e9s, az R\/Python programnyelv alapszint\u0171 ismerete<\/p>\n<p><strong>Meghirdet\u00e9s<\/strong>: molekul\u00e1ris bionikusok (BSc),\u00a0 a orvos-biotechnol\u00f3gusok (MSc), \u00e9s info-bionikusok (MSc)\u00a0<\/p>\n","protected":false},"excerpt":{"rendered":"<p>Kromatin szint\u0171 g\u00e9nexpresszi\u00f3 szab\u00e1lyoz\u00e1s onkogenomikai alkalmaz\u00e1sai Le\u00edr\u00e1s:\u00a0Az elm\u00falt \u00e9vt\u00edzed sor\u00e1n nagy mennyis\u00e9g\u0171 onkogenomikai adat v\u00e1lt nyilv\u00e1nosan el\u00e9rhet\u0151v\u00e9. Az adatok feldolgoz\u00e1sa folyamatos. A g\u00e9nexpresszi\u00f3 szab\u00e1lyoz\u00e1sban szerepet j\u00e1tsz\u00f3 kromatin szint\u0171 adatok feldolgoz\u00e1sa csak r\u00e9szben t\u00f6rt\u00e9nt meg.\u00a0 Az \u00f6n\u00e1ll\u00f3 laborat\u00f3riumi munka sor\u00e1n a hallgat\u00f3 g\u00e9nexpresszi\u00f3s \u00e9s kromatin szint\u0171 adatok integr\u00e1l\u00e1s\u00e1t fogja elv\u00e9gezni. A feladat adat elemz\u00e9s \u00e9s integr\u00e1l\u00e1s, &hellip;<\/p>\n","protected":false},"author":101779,"featured_media":0,"parent":7287,"menu_order":6,"comment_status":"closed","ping_status":"closed","template":"","meta":{"_acf_changed":false,"footnotes":""},"categories":[],"tags":[],"class_list":["post-7703","page","type-page","status-publish","hentry"],"acf":[],"_links":{"self":[{"href":"https:\/\/semmelweis.hu\/bioinformatika\/wp-json\/wp\/v2\/pages\/7703","targetHints":{"allow":["GET"]}}],"collection":[{"href":"https:\/\/semmelweis.hu\/bioinformatika\/wp-json\/wp\/v2\/pages"}],"about":[{"href":"https:\/\/semmelweis.hu\/bioinformatika\/wp-json\/wp\/v2\/types\/page"}],"author":[{"embeddable":true,"href":"https:\/\/semmelweis.hu\/bioinformatika\/wp-json\/wp\/v2\/users\/101779"}],"replies":[{"embeddable":true,"href":"https:\/\/semmelweis.hu\/bioinformatika\/wp-json\/wp\/v2\/comments?post=7703"}],"version-history":[{"count":2,"href":"https:\/\/semmelweis.hu\/bioinformatika\/wp-json\/wp\/v2\/pages\/7703\/revisions"}],"predecessor-version":[{"id":7718,"href":"https:\/\/semmelweis.hu\/bioinformatika\/wp-json\/wp\/v2\/pages\/7703\/revisions\/7718"}],"up":[{"embeddable":true,"href":"https:\/\/semmelweis.hu\/bioinformatika\/wp-json\/wp\/v2\/pages\/7287"}],"wp:attachment":[{"href":"https:\/\/semmelweis.hu\/bioinformatika\/wp-json\/wp\/v2\/media?parent=7703"}],"wp:term":[{"taxonomy":"category","embeddable":true,"href":"https:\/\/semmelweis.hu\/bioinformatika\/wp-json\/wp\/v2\/categories?post=7703"},{"taxonomy":"post_tag","embeddable":true,"href":"https:\/\/semmelweis.hu\/bioinformatika\/wp-json\/wp\/v2\/tags?post=7703"}],"curies":[{"name":"wp","href":"https:\/\/api.w.org\/{rel}","templated":true}]}}