{"id":7682,"date":"2021-12-09T18:53:20","date_gmt":"2021-12-09T17:53:20","guid":{"rendered":"https:\/\/semmelweis.hu\/bioinformatika\/?page_id=7682"},"modified":"2022-01-06T21:07:42","modified_gmt":"2022-01-06T20:07:42","slug":"mesterseges-intelligencian-alapulo-algoritmusok-alkalmazasa-klinikai-adatok-elemzesere","status":"publish","type":"page","link":"https:\/\/semmelweis.hu\/bioinformatika\/kutatas\/uj-kutatasi-temak\/onlab-temak\/mesterseges-intelligencian-alapulo-algoritmusok-alkalmazasa-klinikai-adatok-elemzesere\/","title":{"rendered":"Mesters\u00e9ges intelligenci\u00e1n alapul\u00f3 algoritmusok klinikumban"},"content":{"rendered":"<p style=\"text-align: center\"><strong>Mesters\u00e9ges intelligenci\u00e1n alapul\u00f3 algoritmusok alkalmaz\u00e1sa klinikai adatok elemz\u00e9s\u00e9re<\/strong><\/p>\n<p><strong>Le\u00edr\u00e1s:<\/strong>\u00a0A rutin klinikai vizsg\u00e1latok sor\u00e1n hatalmas, ak\u00e1r t\u00f6bb sz\u00e1z param\u00e9tert tartalmaz\u00f3 heterog\u00e9n adathalmaz keletkezik minden p\u00e1ciensr\u0151l, azonban ezek \u00e9rtelmez\u00e9se m\u00e9ret\u00fckb\u0151l kifoly\u00f3lag nem rutinfeladat. A megfelel\u0151 bioinformatikai eszk\u00f6z\u00f6k azonban lehet\u0151v\u00e9 teszik ezen adatok diagnosztikai illetve prognosztikai c\u00e9l\u00fa kiakn\u00e1z\u00e1s\u00e1t. C\u00e9lunk a mesters\u00e9ges intelligencia alap\u00fa m\u00e9lytanul\u00e1si algoritmusok alkalmaz\u00e1sa klinikai adatok integr\u00e1l\u00e1s\u00e1ra illetve \u00faj lehets\u00e9ges biomarkerek felt\u00e9rk\u00e9pez\u00e9s\u00e9re.<\/p>\n<p><strong>T\u00e9mavezet\u0151:<\/strong>\u00a0Dr. Menyhart Ot\u00edlia<\/p>\n<p><strong>Beoszt\u00e1s:<\/strong>\u00a0Semmelweis Egyetem Bioinformatika Tansz\u00e9k, egyetemi adjunktus<\/p>\n<p><strong>Jelentkez\u00e9si c\u00edm:<\/strong>\u00a0<a href=\"mailto:menyhart.otilia@med.semmelweis-univ.hu\">menyhart.otilia@med.semmelweis-univ.hu<\/a><\/p>\n","protected":false},"excerpt":{"rendered":"<p>Mesters\u00e9ges intelligenci\u00e1n alapul\u00f3 algoritmusok alkalmaz\u00e1sa klinikai adatok elemz\u00e9s\u00e9re Le\u00edr\u00e1s:\u00a0A rutin klinikai vizsg\u00e1latok sor\u00e1n hatalmas, ak\u00e1r t\u00f6bb sz\u00e1z param\u00e9tert tartalmaz\u00f3 heterog\u00e9n adathalmaz keletkezik minden p\u00e1ciensr\u0151l, azonban ezek \u00e9rtelmez\u00e9se m\u00e9ret\u00fckb\u0151l kifoly\u00f3lag nem rutinfeladat. A megfelel\u0151 bioinformatikai eszk\u00f6z\u00f6k azonban lehet\u0151v\u00e9 teszik ezen adatok diagnosztikai illetve prognosztikai c\u00e9l\u00fa kiakn\u00e1z\u00e1s\u00e1t. C\u00e9lunk a mesters\u00e9ges intelligencia alap\u00fa m\u00e9lytanul\u00e1si algoritmusok alkalmaz\u00e1sa klinikai adatok &hellip;<\/p>\n","protected":false},"author":101779,"featured_media":0,"parent":7287,"menu_order":4,"comment_status":"closed","ping_status":"closed","template":"","meta":{"_acf_changed":false,"footnotes":""},"categories":[],"tags":[],"class_list":["post-7682","page","type-page","status-publish","hentry"],"acf":[],"_links":{"self":[{"href":"https:\/\/semmelweis.hu\/bioinformatika\/wp-json\/wp\/v2\/pages\/7682","targetHints":{"allow":["GET"]}}],"collection":[{"href":"https:\/\/semmelweis.hu\/bioinformatika\/wp-json\/wp\/v2\/pages"}],"about":[{"href":"https:\/\/semmelweis.hu\/bioinformatika\/wp-json\/wp\/v2\/types\/page"}],"author":[{"embeddable":true,"href":"https:\/\/semmelweis.hu\/bioinformatika\/wp-json\/wp\/v2\/users\/101779"}],"replies":[{"embeddable":true,"href":"https:\/\/semmelweis.hu\/bioinformatika\/wp-json\/wp\/v2\/comments?post=7682"}],"version-history":[{"count":3,"href":"https:\/\/semmelweis.hu\/bioinformatika\/wp-json\/wp\/v2\/pages\/7682\/revisions"}],"predecessor-version":[{"id":7741,"href":"https:\/\/semmelweis.hu\/bioinformatika\/wp-json\/wp\/v2\/pages\/7682\/revisions\/7741"}],"up":[{"embeddable":true,"href":"https:\/\/semmelweis.hu\/bioinformatika\/wp-json\/wp\/v2\/pages\/7287"}],"wp:attachment":[{"href":"https:\/\/semmelweis.hu\/bioinformatika\/wp-json\/wp\/v2\/media?parent=7682"}],"wp:term":[{"taxonomy":"category","embeddable":true,"href":"https:\/\/semmelweis.hu\/bioinformatika\/wp-json\/wp\/v2\/categories?post=7682"},{"taxonomy":"post_tag","embeddable":true,"href":"https:\/\/semmelweis.hu\/bioinformatika\/wp-json\/wp\/v2\/tags?post=7682"}],"curies":[{"name":"wp","href":"https:\/\/api.w.org\/{rel}","templated":true}]}}