{"id":7680,"date":"2021-12-09T18:53:20","date_gmt":"2021-12-09T17:53:20","guid":{"rendered":"https:\/\/semmelweis.hu\/bioinformatika\/?page_id=7680"},"modified":"2021-12-09T18:55:23","modified_gmt":"2021-12-09T17:55:23","slug":"a-terapias-valasz-biomarkerei-az-onkologiaban","status":"publish","type":"page","link":"https:\/\/semmelweis.hu\/bioinformatika\/kutatas\/uj-kutatasi-temak\/onlab-temak\/a-terapias-valasz-biomarkerei-az-onkologiaban\/","title":{"rendered":"A ter\u00e1pi\u00e1s v\u00e1lasz biomarkerei az onkol\u00f3gi\u00e1ban"},"content":{"rendered":"<p style=\"text-align: center\"><strong>A ter\u00e1pi\u00e1s v\u00e1lasz biomarkerei az onkol\u00f3gi\u00e1ban<\/strong><\/p>\n<p><strong>\u00a0<\/strong><strong>le\u00edr\u00e1s:<\/strong>\u00a0A predikt\u00edv biomarkerek a ter\u00e1pi\u00e1s v\u00e1lasz el\u0151rejelz\u00e9s\u00e9re szolg\u00e1lnak a kezel\u00e9s megkezd\u00e9se el\u0151tt. Az onkol\u00f3gi\u00e1ban jelenleg alkalmazott kezel\u00e9sek eset\u00e9ben kev\u00e9s predikt\u00edv biomarker \u00e1ll rendelkez\u00e9s\u00fcnkre, ez\u00e9rt c\u00e9lunk az, hogy nyilv\u00e1nosan el\u00e9rhet\u0151 g\u00e9nexpresszi\u00f3s adatokon alapul\u00f3 bioinformatikai elemz\u00e9s seg\u00edts\u00e9g\u00e9vel \u00fajabb potenci\u00e1lis biomarker jel\u00f6lteket azonos\u00edtsunk.<\/p>\n<p><strong>t\u00e9mavezet\u0151:<\/strong>\u00a0Fekete J\u00e1nos Tibor<\/p>\n<p><strong>beoszt\u00e1s:<\/strong>\u00a0Semmelweis Egyetem Bioinformatika Tansz\u00e9k, egyetemi tan\u00e1rseg\u00e9d.<\/p>\n<p><strong>el\u00e9rhet\u0151s\u00e9g:<\/strong>\u00a0<a href=\"mailto:fekete.janos@med.semmelweis-univ.hu\">fekete.janos@med.semmelweis-univ.hu<\/a><\/p>\n<p><strong>elv\u00e1rt ismeret:<\/strong>\u00a0el\u0151ny az R-ben val\u00f3 programoz\u00e1si k\u00e9pess\u00e9g, de nem felt\u00e9tel<\/p>\n<p><strong>meghirdet\u00e9s:<\/strong>\u00a0MB BSc, IB MSc<\/p>\n","protected":false},"excerpt":{"rendered":"<p>A ter\u00e1pi\u00e1s v\u00e1lasz biomarkerei az onkol\u00f3gi\u00e1ban \u00a0le\u00edr\u00e1s:\u00a0A predikt\u00edv biomarkerek a ter\u00e1pi\u00e1s v\u00e1lasz el\u0151rejelz\u00e9s\u00e9re szolg\u00e1lnak a kezel\u00e9s megkezd\u00e9se el\u0151tt. Az onkol\u00f3gi\u00e1ban jelenleg alkalmazott kezel\u00e9sek eset\u00e9ben kev\u00e9s predikt\u00edv biomarker \u00e1ll rendelkez\u00e9s\u00fcnkre, ez\u00e9rt c\u00e9lunk az, hogy nyilv\u00e1nosan el\u00e9rhet\u0151 g\u00e9nexpresszi\u00f3s adatokon alapul\u00f3 bioinformatikai elemz\u00e9s seg\u00edts\u00e9g\u00e9vel \u00fajabb potenci\u00e1lis biomarker jel\u00f6lteket azonos\u00edtsunk. t\u00e9mavezet\u0151:\u00a0Fekete J\u00e1nos Tibor beoszt\u00e1s:\u00a0Semmelweis Egyetem Bioinformatika Tansz\u00e9k, egyetemi tan\u00e1rseg\u00e9d. &hellip;<\/p>\n","protected":false},"author":101779,"featured_media":0,"parent":7287,"menu_order":2,"comment_status":"closed","ping_status":"closed","template":"","meta":{"_acf_changed":false,"footnotes":""},"categories":[],"tags":[],"class_list":["post-7680","page","type-page","status-publish","hentry"],"acf":[],"_links":{"self":[{"href":"https:\/\/semmelweis.hu\/bioinformatika\/wp-json\/wp\/v2\/pages\/7680","targetHints":{"allow":["GET"]}}],"collection":[{"href":"https:\/\/semmelweis.hu\/bioinformatika\/wp-json\/wp\/v2\/pages"}],"about":[{"href":"https:\/\/semmelweis.hu\/bioinformatika\/wp-json\/wp\/v2\/types\/page"}],"author":[{"embeddable":true,"href":"https:\/\/semmelweis.hu\/bioinformatika\/wp-json\/wp\/v2\/users\/101779"}],"replies":[{"embeddable":true,"href":"https:\/\/semmelweis.hu\/bioinformatika\/wp-json\/wp\/v2\/comments?post=7680"}],"version-history":[{"count":2,"href":"https:\/\/semmelweis.hu\/bioinformatika\/wp-json\/wp\/v2\/pages\/7680\/revisions"}],"predecessor-version":[{"id":7692,"href":"https:\/\/semmelweis.hu\/bioinformatika\/wp-json\/wp\/v2\/pages\/7680\/revisions\/7692"}],"up":[{"embeddable":true,"href":"https:\/\/semmelweis.hu\/bioinformatika\/wp-json\/wp\/v2\/pages\/7287"}],"wp:attachment":[{"href":"https:\/\/semmelweis.hu\/bioinformatika\/wp-json\/wp\/v2\/media?parent=7680"}],"wp:term":[{"taxonomy":"category","embeddable":true,"href":"https:\/\/semmelweis.hu\/bioinformatika\/wp-json\/wp\/v2\/categories?post=7680"},{"taxonomy":"post_tag","embeddable":true,"href":"https:\/\/semmelweis.hu\/bioinformatika\/wp-json\/wp\/v2\/tags?post=7680"}],"curies":[{"name":"wp","href":"https:\/\/api.w.org\/{rel}","templated":true}]}}