{"id":7678,"date":"2021-12-09T18:53:20","date_gmt":"2021-12-09T17:53:20","guid":{"rendered":"https:\/\/semmelweis.hu\/bioinformatika\/?page_id=7678"},"modified":"2021-12-09T18:55:00","modified_gmt":"2021-12-09T17:55:00","slug":"tumoros-es-normal-szovetek-elkulonitese-genomikus-adatok-felhasznalasaval","status":"publish","type":"page","link":"https:\/\/semmelweis.hu\/bioinformatika\/kutatas\/uj-kutatasi-temak\/onlab-temak\/tumoros-es-normal-szovetek-elkulonitese-genomikus-adatok-felhasznalasaval\/","title":{"rendered":"Tumoros \u00e9s norm\u00e1l sz\u00f6vetek elk\u00fcl\u00f6n\u00edt\u00e9se genomikus adatok felhaszn\u00e1l\u00e1s\u00e1val"},"content":{"rendered":"<p style=\"text-align: center\"><strong>Tumoros \u00e9s norm\u00e1l sz\u00f6vetek elk\u00fcl\u00f6n\u00edt\u00e9se genomikus adatok felhaszn\u00e1l\u00e1s\u00e1val<\/strong><\/p>\n<p><strong>\u00a0<\/strong><strong>le\u00edr\u00e1s:<\/strong>\u00a0A rosszindulat\u00fa daganatos betegs\u00e9gek kezel\u00e9se sor\u00e1n kulcsfontoss\u00e1g\u00fa, hogy lehet\u0151leg olyan kezel\u00e9st alkalmazzunk, amelynek minim\u00e1lis a mell\u00e9khat\u00e1sa. Ez legk\u00f6nnyebben \u00fagy val\u00f3s\u00edthat\u00f3 meg, ha az \u00e1ltalunk v\u00e1lasztott g\u00e9n nem is expressz\u00e1l\u00f3dik norm\u00e1l sz\u00f6vetekben. Ezen g\u00e9nek azonos\u00edt\u00e1s\u00e1hoz nagy adatt\u00f6megeket elemz\u00fcnk bioinformatikai algoritmusokkal.<\/p>\n<p><strong>t\u00e9mavezet\u0151:<\/strong>\u00a0Dr. Bartha \u00c1ron<\/p>\n<p><strong>beoszt\u00e1s:<\/strong>\u00a0Semmelweis Egyetem Bioinformatika Tansz\u00e9k, tud.smts.<\/p>\n<p><strong>el\u00e9rhet\u0151s\u00e9g:<\/strong>\u00a0<a href=\"mailto:bartha.aron@med.semmelweis-univ.hu\">bartha.aron@med.semmelweis-univ.hu<\/a><\/p>\n<p><strong>elv\u00e1rt ismeret:<\/strong>\u00a0el\u0151ny az R-ben val\u00f3 programoz\u00e1si k\u00e9pess\u00e9g, de nem felt\u00e9tel<\/p>\n<p><strong>meghirdet\u00e9s<\/strong>: MB BSc, OB MSc, IB MSc<\/p>\n","protected":false},"excerpt":{"rendered":"<p>Tumoros \u00e9s norm\u00e1l sz\u00f6vetek elk\u00fcl\u00f6n\u00edt\u00e9se genomikus adatok felhaszn\u00e1l\u00e1s\u00e1val \u00a0le\u00edr\u00e1s:\u00a0A rosszindulat\u00fa daganatos betegs\u00e9gek kezel\u00e9se sor\u00e1n kulcsfontoss\u00e1g\u00fa, hogy lehet\u0151leg olyan kezel\u00e9st alkalmazzunk, amelynek minim\u00e1lis a mell\u00e9khat\u00e1sa. Ez legk\u00f6nnyebben \u00fagy val\u00f3s\u00edthat\u00f3 meg, ha az \u00e1ltalunk v\u00e1lasztott g\u00e9n nem is expressz\u00e1l\u00f3dik norm\u00e1l sz\u00f6vetekben. Ezen g\u00e9nek azonos\u00edt\u00e1s\u00e1hoz nagy adatt\u00f6megeket elemz\u00fcnk bioinformatikai algoritmusokkal. t\u00e9mavezet\u0151:\u00a0Dr. Bartha \u00c1ron beoszt\u00e1s:\u00a0Semmelweis Egyetem Bioinformatika Tansz\u00e9k, tud.smts. &hellip;<\/p>\n","protected":false},"author":101779,"featured_media":0,"parent":7287,"menu_order":1,"comment_status":"closed","ping_status":"closed","template":"","meta":{"_acf_changed":false,"footnotes":""},"categories":[],"tags":[],"class_list":["post-7678","page","type-page","status-publish","hentry"],"acf":[],"_links":{"self":[{"href":"https:\/\/semmelweis.hu\/bioinformatika\/wp-json\/wp\/v2\/pages\/7678","targetHints":{"allow":["GET"]}}],"collection":[{"href":"https:\/\/semmelweis.hu\/bioinformatika\/wp-json\/wp\/v2\/pages"}],"about":[{"href":"https:\/\/semmelweis.hu\/bioinformatika\/wp-json\/wp\/v2\/types\/page"}],"author":[{"embeddable":true,"href":"https:\/\/semmelweis.hu\/bioinformatika\/wp-json\/wp\/v2\/users\/101779"}],"replies":[{"embeddable":true,"href":"https:\/\/semmelweis.hu\/bioinformatika\/wp-json\/wp\/v2\/comments?post=7678"}],"version-history":[{"count":2,"href":"https:\/\/semmelweis.hu\/bioinformatika\/wp-json\/wp\/v2\/pages\/7678\/revisions"}],"predecessor-version":[{"id":7691,"href":"https:\/\/semmelweis.hu\/bioinformatika\/wp-json\/wp\/v2\/pages\/7678\/revisions\/7691"}],"up":[{"embeddable":true,"href":"https:\/\/semmelweis.hu\/bioinformatika\/wp-json\/wp\/v2\/pages\/7287"}],"wp:attachment":[{"href":"https:\/\/semmelweis.hu\/bioinformatika\/wp-json\/wp\/v2\/media?parent=7678"}],"wp:term":[{"taxonomy":"category","embeddable":true,"href":"https:\/\/semmelweis.hu\/bioinformatika\/wp-json\/wp\/v2\/categories?post=7678"},{"taxonomy":"post_tag","embeddable":true,"href":"https:\/\/semmelweis.hu\/bioinformatika\/wp-json\/wp\/v2\/tags?post=7678"}],"curies":[{"name":"wp","href":"https:\/\/api.w.org\/{rel}","templated":true}]}}